{"id":3916,"date":"2025-11-24T02:44:57","date_gmt":"2025-11-24T02:44:57","guid":{"rendered":"https:\/\/convertifypro.com\/?page_id=3916"},"modified":"2025-11-25T00:39:18","modified_gmt":"2025-11-25T00:39:18","slug":"controlled-folder-access","status":"publish","type":"page","link":"https:\/\/convertifypro.com\/is\/leidbeiningar-um-stjornad-moppuadgang\/","title":{"rendered":"Lei\u00f0beiningar um stj\u00f3rna\u00f0 m\u00f6ppua\u00f0gang"},"content":{"rendered":"\n<!DOCTYPE html>\n<html lang=\"en\">\n<head>\n    <meta charset=\"UTF-8\">\n    <meta name=\"viewport\" content=\"width=device-width, initial-scale=1.0\">\n    <title>Lei\u00f0beiningar um stj\u00f3rna\u00f0 m\u00f6ppua\u00f0gang fyrir Windows<\/title>\n    <!-- Font Awesome for Icons -->\n    <link rel=\"stylesheet\" href=\"https:\/\/cdnjs.cloudflare.com\/ajax\/libs\/font-awesome\/6.4.0\/css\/all.min.css\" xintegrity=\"sha512-iecdLmaskl7CVkqkXNQ\/ZH\/XLlvWZOJyj7Yy7tcenmpD1ypASozpmT\/E0iPtmFIB46ZmdtAc9eNBvH0H\/ZpiBw==\" crossorigin=\"anonymous\" referrerpolicy=\"no-referrer\" \/>\n    \n    <style>\n        \/* --- COPY FROM HERE DOWN FOR WORDPRESS --- *\/\n        :root {\n            --primary-color: #FD9800;\n            --primary-hover: #e88a00;\n            --text-color: #3A3A3A;\n            --light-bg: #f8faff;\n            --gradient-bg: linear-gradient(135deg, #f8faff 0%, #fff5e6 100%);\n            --box-shadow: 0 10px 30px rgba(0, 0, 0, 0.05);\n            --hover-shadow: 0 15px 35px rgba(0, 0, 0, 0.1);\n            --border-color: #f1f5f9;\n        }\n\n        \/* Main Wrapper *\/\n        .file-formats-section {\n            max-width: 1200px;\n            margin: 0 auto;\n            padding: 2rem 1.5rem;\n            font-family: 'Inter', 'Segoe UI', system-ui, -apple-system, sans-serif;\n            color: var(--text-color);\n        }\n\n        \/* Hero Section *\/\n        .hero-section {\n            text-align: center;\n            padding: 3rem 1rem;\n            margin-bottom: 3rem;\n            background: var(--gradient-bg);\n            border-radius: 16px;\n            position: relative;\n            overflow: hidden;\n        }\n\n        .hero-pattern {\n            position: absolute;\n            top: 0; left: 0; right: 0; bottom: 0;\n            background-image: url(\"data:image\/svg+xml,%3Csvg width='60' height='60' viewBox='0 0 60 60' xmlns='http:\/\/www.w3.org\/2000\/svg'%3E%3Cg fill='none' fill-rule='evenodd'%3E%3Cg fill='%23fd9800' fill-opacity='0.05'%3E%3Cpath d='M36 34v-4h-2v4h-4v2h4v4h2v-4h4v-2h-4zm0-30V0h-2v4h-4v2h4v4h2V6h4V4h-4zM6 34v-4H4v4H0v2h4v4h2v-4h4v-2H6zM6 4V0H4v4H0v2h4v4h2V6h4V4H6z'\/%3E%3C\/g%3E%3C\/g%3E%3C\/svg%3E\");\n            opacity: 0.5;\n            z-index: 0;\n        }\n\n        .hero-content {\n            position: relative;\n            z-index: 1;\n            max-width: 800px;\n            margin: 0 auto;\n        }\n\n        .hero-title {\n            font-size: 2.5rem;\n            font-weight: 800;\n            margin-bottom: 1.5rem;\n            color: var(--text-color);\n            line-height: 1.2;\n        }\n\n        .hero-subtitle {\n            font-size: 1.25rem;\n            margin-bottom: 2rem;\n            color: #555;\n            line-height: 1.6;\n        }\n\n        .hero-badges {\n            display: flex;\n            flex-wrap: wrap;\n            justify-content: center;\n            gap: 1rem;\n            margin-bottom: 2rem;\n        }\n\n        .hero-badge {\n            display: flex;\n            align-items: center;\n            background: white;\n            border-radius: 50px;\n            padding: 0.5rem 1rem;\n            box-shadow: var(--box-shadow);\n            transition: all 0.3s ease;\n            border: 1px solid var(--border-color);\n        }\n\n        .hero-badge:hover {\n            transform: translateY(-3px);\n            box-shadow: var(--hover-shadow);\n            border-color: rgba(253, 152, 0, 0.3);\n        }\n\n        .hero-badge-icon {\n            color: var(--primary-color);\n            margin-right: 0.5rem;\n            font-size: 1rem;\n        }\n\n        .hero-badge-text {\n            font-size: 0.9rem;\n            font-weight: 600;\n            color: var(--text-color);\n        }\n\n        .hero-buttons {\n            display: flex;\n            justify-content: center;\n            gap: 1rem;\n            flex-wrap: wrap;\n        }\n\n        .btn {\n            display: inline-block;\n            padding: 0.75rem 1.5rem;\n            border-radius: 8px;\n            font-weight: 600;\n            text-decoration: none !important;\n            transition: all 0.3s ease;\n            cursor: pointer;\n            font-size: 1rem;\n        }\n\n        .btn-primary {\n            background-color: var(--primary-color);\n            color: white !important;\n            box-shadow: 0 8px 16px rgba(253, 152, 0, 0.2);\n            border: none;\n        }\n\n        .btn-primary:hover {\n            background-color: var(--primary-hover);\n            transform: translateY(-2px);\n        }\n\n        .btn-secondary {\n            background-color: white;\n            color: var(--primary-color) !important;\n            border: 1px solid var(--border-color);\n        }\n\n        .btn-secondary:hover {\n            background-color: #fff5e6;\n            transform: translateY(-2px);\n        }\n\n        \/* Sections *\/\n        .intro-section, .workflow-section { margin-bottom: 4rem; }\n        \n        .section-container {\n            background: white;\n            border-radius: 16px;\n            padding: 2rem;\n            box-shadow: var(--box-shadow);\n            border: 1px solid var(--border-color);\n        }\n        \n        .section-title {\n            font-size: 2.2rem;\n            font-weight: 700;\n            text-align: center;\n            margin-bottom: 2.5rem;\n            color: var(--text-color);\n        }\n\n        .intro-content {\n            font-size: 1.1rem;\n            line-height: 1.8;\n            color: #555;\n        }\n        \n        .intro-content p { margin-bottom: 1.5rem; }\n\n        \/* Step Cards *\/\n        .steps-container {\n            max-width: 900px;\n            margin: 0 auto;\n        }\n        \n        .step-card {\n            display: flex;\n            align-items: flex-start;\n            background: white;\n            border-radius: 16px;\n            padding: 2rem;\n            box-shadow: var(--box-shadow);\n            margin-bottom: 2rem;\n            border: 1px solid var(--border-color);\n            transition: all 0.3s ease;\n        }\n        \n        .step-card:hover {\n            transform: translateY(-5px);\n            box-shadow: var(--hover-shadow);\n            border-color: rgba(253, 152, 0, 0.3);\n        }\n        \n        .step-number {\n            width: 50px;\n            height: 50px;\n            background-color: rgba(253, 152, 0, 0.15);\n            color: var(--primary-color);\n            border-radius: 50%;\n            display: flex;\n            align-items: center;\n            justify-content: center;\n            font-size: 1.5rem;\n            font-weight: 700;\n            margin-right: 1.5rem;\n            flex-shrink: 0;\n            transition: all 0.3s ease;\n        }\n        \n        .step-card:hover .step-number {\n            background: linear-gradient(135deg, #FD9800 0%, #FF6D00 100%);\n            color: white;\n            box-shadow: 0 10px 20px rgba(253, 152, 0, 0.2);\n        }\n        \n        .step-content { flex: 1; }\n        \n        .step-title {\n            font-size: 1.4rem;\n            font-weight: 700;\n            margin-bottom: 0.75rem;\n            color: var(--text-color);\n        }\n        \n        .step-text {\n            font-size: 1rem;\n            color: #555;\n            line-height: 1.6;\n            margin-bottom: 1.5rem;\n        }\n\n        \/* Tips Box *\/\n        .step-tips {\n            background-color: var(--light-bg);\n            border-radius: 8px;\n            padding: 1rem 1.5rem;\n            border-left: 3px solid var(--primary-color);\n        }\n        \n        .step-tips h4 {\n            font-size: 1.1rem;\n            font-weight: 700;\n            margin-bottom: 0.5rem;\n            color: var(--text-color);\n            margin-top: 0;\n        }\n        \n        .step-tips ul { margin: 0; padding-left: 1.5rem; }\n        .step-tips li { margin-bottom: 0.5rem; color: #555; }\n        \n        \/* Code\/Path styling *\/\n        code {\n            background-color: #eee;\n            padding: 2px 6px;\n            border-radius: 4px;\n            font-family: 'Courier New', Courier, monospace;\n            color: #d63384;\n            font-size: 0.9em;\n        }\n\n        \/* CTA Section *\/\n        .cta-section {\n            text-align: center;\n            padding: 3rem 1rem;\n            background: var(--gradient-bg);\n            border-radius: 16px;\n            position: relative;\n            overflow: hidden;\n            margin-bottom: 2rem;\n        }\n        \n        .cta-pattern {\n            position: absolute;\n            top: 0; left: 0; right: 0; bottom: 0;\n            background-image: url(\"data:image\/svg+xml,%3Csvg width='60' height='60' viewBox='0 0 60 60' xmlns='http:\/\/www.w3.org\/2000\/svg'%3E%3Cg fill='none' fill-rule='evenodd'%3E%3Cg fill='%23fd9800' fill-opacity='0.05'%3E%3Cpath d='M36 34v-4h-2v4h-4v2h4v4h2v-4h4v-2h-4zm0-30V0h-2v4h-4v2h4v4h2V6h4V4h-4zM6 34v-4H4v4H0v2h4v4h2v-4h4v-2H6zM6 4V0H4v4H0v2h4v4h2v-4h4v-2H6zM6 4V0H4v4H0v2h4v4h2V6h4V4H6z'\/%3E%3C\/g%3E%3C\/g%3E%3C\/svg%3E\");\n            opacity: 0.5;\n            z-index: 0;\n        }\n        \n        .cta-content { position: relative; z-index: 1; max-width: 800px; margin: 0 auto; }\n        .cta-title { font-size: 2.2rem; font-weight: 700; margin-bottom: 1.5rem; color: var(--text-color); }\n        .cta-text { font-size: 1.1rem; margin-bottom: 2rem; color: #555; line-height: 1.6; }\n\n        \/* Responsive *\/\n        @media (max-width: 768px) {\n            .hero-title { font-size: 2rem; }\n            .step-card { flex-direction: column; }\n            .step-number { margin-bottom: 1rem; }\n        }\n    <\/style>\n<\/head>\n<body>\n\n    <!-- Main Wrapper Content to Copy -->\n    <div class=\"file-formats-section\">\n        \n        <!-- Hero Section -->\n        <section class=\"hero-section\">\n            <div class=\"hero-pattern\"><\/div>\n            <div class=\"hero-content\">\n                <h1 class=\"hero-title\">Hvernig \u00e1 a\u00f0 leyfa Convertify \u00ed gegnum \u201eSt\u00fdr\u00f0an m\u00f6ppua\u00f0gang\u201c \u00e1 Windows<\/h1>\n                <p class=\"hero-subtitle\">Windows hindrar vi\u00f0skipti \u00fe\u00edn? L\u00e6r\u00f0u hvernig \u00e1 a\u00f0 hv\u00edtlista umbreyta \u00ed Windows 11 \u00d6ryggisstillingum til a\u00f0 tryggja hn\u00f6kralausa notkun \u00e1 me\u00f0an \u00fe\u00fa heldur t\u00f6lvunni \u00feinni \u00f6ruggri.<\/p>\n                \n                <div class=\"hero-badges\">\n                    <div class=\"hero-badge\">\n                        <span class=\"hero-badge-icon\"><i class=\"fab fa-windows\"><\/i><\/span>\n                        <span class=\"hero-badge-text\">Windows 10 og 11<\/span>\n                    <\/div>\n                    <div class=\"hero-badge\">\n                        <span class=\"hero-badge-icon\"><i class=\"fas fa-shield-alt\"><\/i><\/span>\n                        <span class=\"hero-badge-text\">\u00d6ryggisstillingar<\/span>\n                    <\/div>\n                    <div class=\"hero-badge\">\n                        <span class=\"hero-badge-icon\"><i class=\"fas fa-clock\"><\/i><\/span>\n                        <span class=\"hero-badge-text\">2 m\u00edn\u00fatna lagf\u00e6ring<\/span>\n                    <\/div>\n                <\/div>\n                \n                <div class=\"hero-buttons\">\n                    <a href=\"#method-1\" class=\"btn btn-primary\">Flj\u00f3tleg a\u00f0fer\u00f0<\/a>\n                    <a href=\"#method-2\" class=\"btn btn-secondary\">Handvirk a\u00f0fer\u00f0<\/a>\n                <\/div>\n            <\/div>\n        <\/section>\n        \n        <!-- Intro Section -->\n        <section class=\"intro-section\">\n            <div class=\"section-container\">\n                <h2 class=\"section-title\">Af hverju hindrar Windows Convertify?<\/h2>\n                <div class=\"intro-content\">\n                    <p>\u00de\u00fa g\u00e6tir hafa fengi\u00f0 tilkynningu um a\u00f0 Convertify hafi veri\u00f0 loka\u00f0 \u00e1 a\u00f0 gera breytingar \u00e1 tiltekinni m\u00f6ppu. \u00deetta er vegna Windows \u00f6ryggiseiginleika sem kallast <strong>St\u00fdr\u00f0ur m\u00f6ppua\u00f0gangur<\/strong>.<\/p>\n                    <p>\u00deessi eiginleiki er hanna\u00f0ur til a\u00f0 hindra \u00f3\u00feekkt forrit \u00ed a\u00f0 b\u00faa til e\u00f0a breyta skr\u00e1m \u00ed verndu\u00f0u pers\u00f3nulegu m\u00f6ppunum \u00fe\u00ednum (eins og skj\u00f6l, skj\u00e1bor\u00f0 e\u00f0a myndir) til a\u00f0 koma \u00ed veg fyrir lausnarhugb\u00fana\u00f0.<\/p>\n                    <p>Vegna \u00feess a\u00f0 Convertify er skr\u00e1abreytingarverkf\u00e6ri er a\u00f0alhlutverk \u00feess a\u00f0 b\u00faa til n\u00fdjar, umbreyttar skr\u00e1r (t.d. sn\u00faa a <code>.png<\/code> inn \u00ed a <code>.jpg<\/code>). Windows g\u00e6ti fyrir mist\u00f6k merkt \u00feessa l\u00f6gm\u00e6tu a\u00f0ger\u00f0 sem grunsamlega heg\u00f0un. Me\u00f0 \u00fev\u00ed a\u00f0 setja Convertify \u00e1 hv\u00edtalista veitir\u00f0u \u00fev\u00ed tilteki\u00f0 leyfi sem \u00fea\u00f0 \u00fearf til a\u00f0 vista skr\u00e1rnar \u00fe\u00ednar.<\/p>\n                <\/div>\n            <\/div>\n        <\/section>\n\n        <!-- Method 1 -->\n        <section id=\"method-1\" class=\"workflow-section\">\n            <h2 class=\"section-title\">A\u00f0fer\u00f0 1: \u201eN\u00fdlega loka\u00f0\u201c lagf\u00e6ringin (au\u00f0veldasta)<\/h2>\n            <p style=\"text-align: center; max-width: 700px; margin: 0 auto 2rem auto; color: #555;\">Nota\u00f0u \u00feessa a\u00f0fer\u00f0 ef \u00fe\u00fa f\u00e9kkst n\u00fdlega tilkynningu um a\u00f0 Convertify v\u00e6ri loka\u00f0.<\/p>\n            \n            <div class=\"steps-container\">\n                <div class=\"step-card\">\n                    <div class=\"step-number\">1<\/div>\n                    <div class=\"step-content\">\n                        <h3 class=\"step-title\">Opna\u00f0u Windows Security<\/h3>\n                        <p class=\"step-text\">Smelltu \u00e1 <strong>Windows Start<\/strong> hnappur, tegund <strong>&#8222;Windows \u00d6ryggi&#8220;<\/strong> inn \u00e1 leitarstikuna og \u00fdttu \u00e1 Enter til a\u00f0 opna m\u00e6labor\u00f0i\u00f0.<\/p>\n                    <\/div>\n                <\/div>\n\n                <div class=\"step-card\">\n                    <div class=\"step-number\">2<\/div>\n                    <div class=\"step-content\">\n                        <h3 class=\"step-title\">Far\u00f0u \u00ed v\u00edrus- og \u00f3gnarv\u00f6rn<\/h3>\n                        <p class=\"step-text\">\u00cd valmyndinni til vinstri, leita\u00f0u a\u00f0 skjaldart\u00e1kninu sem er merkt <strong>Veiru- og \u00f3gnav\u00f6rn<\/strong> og smelltu \u00e1 \u00fea\u00f0.<\/p>\n                    <\/div>\n                <\/div>\n\n                <div class=\"step-card\">\n                    <div class=\"step-number\">3<\/div>\n                    <div class=\"step-content\">\n                        <h3 class=\"step-title\">Stj\u00f3rna Ransomware vernd<\/h3>\n                        <p class=\"step-text\">Skruna\u00f0u ni\u00f0ur \u00ed ne\u00f0sta hlutann merktan \u201eRansomware protection\u201c. Smelltu \u00e1 bl\u00e1a hlekkinn sem segir <strong>Stj\u00f3rna lausnarhugb\u00fana\u00f0arv\u00f6rn<\/strong>.<\/p>\n                    <\/div>\n                <\/div>\n\n                <div class=\"step-card\">\n                    <div class=\"step-number\">4<\/div>\n                    <div class=\"step-content\">\n                        <h3 class=\"step-title\">Opna\u00f0u leyfislistann<\/h3>\n                        <p class=\"step-text\">Smelltu \u00e1 <strong>Leyfa forriti \u00ed gegnum stj\u00f3rna\u00f0an m\u00f6ppua\u00f0gang<\/strong>. (Athugi\u00f0: \u00de\u00fa g\u00e6tir \u00feurft a\u00f0 smella \u00e1 \u201eJ\u00e1\u201c \u00ed lei\u00f0beiningum um stj\u00f3rnun notendareiknings).<\/p>\n                    <\/div>\n                <\/div>\n\n                <div class=\"step-card\">\n                    <div class=\"step-number\">5<\/div>\n                    <div class=\"step-content\">\n                        <h3 class=\"step-title\">B\u00e6ta vi\u00f0 Convertify<\/h3>\n                        <p class=\"step-text\">Smelltu \u00e1 <strong>+ B\u00e6ttu vi\u00f0 leyfilegu forriti<\/strong> hnappinn og veldu <strong>N\u00fdlega loku\u00f0 forrit<\/strong>.<\/p>\n                        <div class=\"step-tips\">\n                            <h4>\u00c1bending fyrir atvinnumenn:<\/h4>\n                            <ul>\n                                <li>Leita\u00f0u a\u00f0 <code>Convertify.exe<\/code> \u00e1 listanum. \u00dea\u00f0 mun venjulega hafa t\u00edmastimpil sem samsvarar \u00feegar vi\u00f0skipti \u00fe\u00edn mist\u00f3kst.<\/li>\n                                <li>Smelltu \u00e1 <strong>+<\/strong> hnappinn vi\u00f0 hli\u00f0ina \u00e1 \u00fev\u00ed til a\u00f0 hv\u00edtlista \u00fea\u00f0 samstundis.<\/li>\n                            <\/ul>\n                        <\/div>\n                    <\/div>\n                <\/div>\n            <\/div>\n        <\/section>\n\n        <!-- Method 2 -->\n        <section id=\"method-2\" class=\"workflow-section\">\n            <h2 class=\"section-title\">A\u00f0fer\u00f0 2: Handvirka a\u00f0fer\u00f0in<\/h2>\n            <p style=\"text-align: center; max-width: 700px; margin: 0 auto 2rem auto; color: #555;\">Nota\u00f0u \u00feessa a\u00f0fer\u00f0 ef listinn \u201eN\u00fdlega loka\u00f0\u201c er t\u00f3mur e\u00f0a ef \u00fe\u00fa vilt koma \u00ed veg fyrir vandam\u00e1l \u00e1\u00f0ur en \u00feau gerast.<\/p>\n            \n            <div class=\"steps-container\">\n                <div class=\"step-card\">\n                    <div class=\"step-number\">1<\/div>\n                    <div class=\"step-content\">\n                        <h3 class=\"step-title\">Far\u00f0u \u00ed stillinguna<\/h3>\n                        <p class=\"step-text\">Fylgdu skrefum 1-4 fr\u00e1 fyrri a\u00f0fer\u00f0 til a\u00f0 komast \u00e1 skj\u00e1inn \u201eLeyfa forriti \u00ed gegnum stj\u00f3rna\u00f0an m\u00f6ppua\u00f0gang\u201c.<\/p>\n                    <\/div>\n                <\/div>\n\n                <div class=\"step-card\">\n                    <div class=\"step-number\">2<\/div>\n                    <div class=\"step-content\">\n                        <h3 class=\"step-title\">Leita\u00f0u a\u00f0 forritinu<\/h3>\n                        <p class=\"step-text\">Smelltu <strong>+ B\u00e6ttu vi\u00f0 leyfilegu forriti<\/strong>, en a\u00f0 \u00feessu sinni veldu <strong>Sko\u00f0a\u00f0u \u00f6ll forrit<\/strong>.<\/p>\n                    <\/div>\n                <\/div>\n\n                <div class=\"step-card\">\n                    <div class=\"step-number\">3<\/div>\n                    <div class=\"step-content\">\n                        <h3 class=\"step-title\">Finndu Convertify Executable<\/h3>\n                        <p class=\"step-text\">Skr\u00e1ark\u00f6nnu\u00f0ur gluggi mun spretta upp. Far\u00f0u \u00ed m\u00f6ppuna \u00fear sem \u00fe\u00fa settir upp Convertify. Athuga\u00f0u \u00feessar st\u00f6\u00f0lu\u00f0u sta\u00f0setningar:<\/p>\n                        <div class=\"step-tips\">\n                            <h4>Algengar lei\u00f0ir:<\/h4>\n                            <ul>\n                                <li><code>C:\\Users\\(YourUser)\\AppData\\Local\\Programs<\/code><\/li>\n                                <li><code>C:\\Program Files\\Convertify\\<\/code><\/li>\n                                <li><code>C:\\Program Files (x86)\\Convertify\\<\/code><\/li>\n                            <\/ul>\n                        <\/div>\n                        <p class=\"step-text\" style=\"margin-top: 1rem;\">Veldu a\u00f0alforritaskr\u00e1na <code>Convertify.exe<\/code> og smelltu <strong>Opi\u00f0<\/strong>.<\/p>\n                    <\/div>\n                <\/div>\n                \n                <div class=\"step-card\">\n                    <div class=\"step-number\">4<\/div>\n                    <div class=\"step-content\">\n                        <h3 class=\"step-title\">Sta\u00f0festu \u00e1rangur<\/h3>\n                        <p class=\"step-text\">Convertify \u00e6tti n\u00fa a\u00f0 birtast \u00e1 listanum yfir \u201eLeyf\u00f0 forrit\u201c. \u00de\u00fa getur n\u00fa loka\u00f0 Windows Security og reynt a\u00f0 breyta aftur.<\/p>\n                    <\/div>\n                <\/div>\n            <\/div>\n        <\/section>\n        \n        <!-- CTA Section -->\n        <section class=\"cta-section\">\n            <div class=\"cta-pattern\"><\/div>\n            <div class=\"cta-content\">\n                <h2 class=\"cta-title\">Vandam\u00e1l leyst?<\/h2>\n                <p class=\"cta-text\">N\u00fa \u00feegar \u00fe\u00fa hefur stillt \u00f6ryggisstillingarnar \u00fe\u00ednar getur\u00f0u noti\u00f0 \u00f3a\u00f0finnanlegra, \u00f3takmarka\u00f0ra skr\u00e1abreytinga me\u00f0 Convertify.<\/p>\n                <div class=\"hero-buttons\">\n                    <a href=\"\/download\" class=\"btn btn-primary\">S\u00e6kja Convertify<\/a>\n                    <a href=\"\/\" class=\"btn btn-secondary\">Aftur heim<\/a>\n                <\/div>\n            <\/div>\n        <\/section>\n    <\/div>\n\n<\/body>\n<\/html>\n\n\n\n<p><\/p>\n","protected":false},"excerpt":{"rendered":"<p>Lei\u00f0beiningar um stj\u00f3rna\u00f0 m\u00f6ppua\u00f0gang fyrir Windows Hvernig \u00e1 a\u00f0 leyfa Convertify \u00ed gegnum \u201eSt\u00fdr\u00f0an m\u00f6ppua\u00f0gang\u201c \u00e1 Windows Windows hindrar vi\u00f0skipti [&hellip;]<\/p>\n","protected":false},"author":1,"featured_media":0,"parent":0,"menu_order":0,"comment_status":"closed","ping_status":"closed","template":"","meta":{"pagelayer_contact_templates":[],"_pagelayer_content":"","_uag_custom_page_level_css":"","site-sidebar-layout":"default","site-content-layout":"","ast-site-content-layout":"","site-content-style":"default","site-sidebar-style":"default","ast-global-header-display":"","ast-banner-title-visibility":"","ast-main-header-display":"","ast-hfb-above-header-display":"","ast-hfb-below-header-display":"","ast-hfb-mobile-header-display":"","site-post-title":"disabled","ast-breadcrumbs-content":"","ast-featured-img":"","footer-sml-layout":"","theme-transparent-header-meta":"","adv-header-id-meta":"","stick-header-meta":"","header-above-stick-meta":"","header-main-stick-meta":"","header-below-stick-meta":"","astra-migrate-meta-layouts":"default","ast-page-background-enabled":"default","ast-page-background-meta":{"desktop":{"background-color":"var(--ast-global-color-5)","background-image":"","background-repeat":"repeat","background-position":"center center","background-size":"auto","background-attachment":"scroll","background-type":"","background-media":"","overlay-type":"","overlay-color":"","overlay-opacity":"","overlay-gradient":""},"tablet":{"background-color":"","background-image":"","background-repeat":"repeat","background-position":"center center","background-size":"auto","background-attachment":"scroll","background-type":"","background-media":"","overlay-type":"","overlay-color":"","overlay-opacity":"","overlay-gradient":""},"mobile":{"background-color":"","background-image":"","background-repeat":"repeat","background-position":"center center","background-size":"auto","background-attachment":"scroll","background-type":"","background-media":"","overlay-type":"","overlay-color":"","overlay-opacity":"","overlay-gradient":""}},"ast-content-background-meta":{"desktop":{"background-color":"var(--ast-global-color-4)","background-image":"","background-repeat":"repeat","background-position":"center center","background-size":"auto","background-attachment":"scroll","background-type":"","background-media":"","overlay-type":"","overlay-color":"","overlay-opacity":"","overlay-gradient":""},"tablet":{"background-color":"var(--ast-global-color-4)","background-image":"","background-repeat":"repeat","background-position":"center center","background-size":"auto","background-attachment":"scroll","background-type":"","background-media":"","overlay-type":"","overlay-color":"","overlay-opacity":"","overlay-gradient":""},"mobile":{"background-color":"var(--ast-global-color-4)","background-image":"","background-repeat":"repeat","background-position":"center center","background-size":"auto","background-attachment":"scroll","background-type":"","background-media":"","overlay-type":"","overlay-color":"","overlay-opacity":"","overlay-gradient":""}},"footnotes":""},"class_list":["post-3916","page","type-page","status-publish","hentry"],"uagb_featured_image_src":{"full":false,"thumbnail":false,"medium":false,"medium_large":false,"large":false,"1536x1536":false,"2048x2048":false,"woocommerce_thumbnail":false,"woocommerce_single":false,"woocommerce_gallery_thumbnail":false},"uagb_author_info":{"display_name":"convertify","author_link":"https:\/\/convertifypro.com\/author\/convertifypro\/"},"uagb_comment_info":0,"uagb_excerpt":"Lei\u00f0beiningar um stj\u00f3rna\u00f0 m\u00f6ppua\u00f0gang fyrir Windows Hvernig \u00e1 a\u00f0 leyfa Convertify \u00ed gegnum \u201eSt\u00fdr\u00f0an m\u00f6ppua\u00f0gang\u201c \u00e1 Windows Windows hindrar vi\u00f0skipti [&hellip;]","_links":{"self":[{"href":"https:\/\/convertifypro.com\/wp-json\/wp\/v2\/pages\/3916","targetHints":{"allow":["GET"]}}],"collection":[{"href":"https:\/\/convertifypro.com\/wp-json\/wp\/v2\/pages"}],"about":[{"href":"https:\/\/convertifypro.com\/wp-json\/wp\/v2\/types\/page"}],"author":[{"embeddable":true,"href":"https:\/\/convertifypro.com\/wp-json\/wp\/v2\/users\/1"}],"replies":[{"embeddable":true,"href":"https:\/\/convertifypro.com\/wp-json\/wp\/v2\/comments?post=3916"}],"version-history":[{"count":0,"href":"https:\/\/convertifypro.com\/wp-json\/wp\/v2\/pages\/3916\/revisions"}],"wp:attachment":[{"href":"https:\/\/convertifypro.com\/wp-json\/wp\/v2\/media?parent=3916"}],"curies":[{"name":"wp","href":"https:\/\/api.w.org\/{rel}","templated":true}]}}