{"id":3916,"date":"2025-11-24T02:44:57","date_gmt":"2025-11-24T02:44:57","guid":{"rendered":"https:\/\/convertifypro.com\/?page_id=3916"},"modified":"2025-11-25T00:39:18","modified_gmt":"2025-11-25T00:39:18","slug":"controlled-folder-access","status":"publish","type":"page","link":"https:\/\/convertifypro.com\/hu\/ellenorzott-mappahozzaferesi-utmutato\/","title":{"rendered":"Ellen\u0151rz\u00f6tt mappahozz\u00e1f\u00e9r\u00e9si \u00fatmutat\u00f3"},"content":{"rendered":"\n<!DOCTYPE html>\n<html lang=\"en\">\n<head>\n    <meta charset=\"UTF-8\">\n    <meta name=\"viewport\" content=\"width=device-width, initial-scale=1.0\">\n    <title>Controlled Folder Access Guide for Windows<\/title>\n    <!-- Font Awesome for Icons -->\n    <link rel=\"stylesheet\" href=\"https:\/\/cdnjs.cloudflare.com\/ajax\/libs\/font-awesome\/6.4.0\/css\/all.min.css\" xintegrity=\"sha512-iecdLmaskl7CVkqkXNQ\/ZH\/XLlvWZOJyj7Yy7tcenmpD1ypASozpmT\/E0iPtmFIB46ZmdtAc9eNBvH0H\/ZpiBw==\" crossorigin=\"anonymous\" referrerpolicy=\"no-referrer\" \/>\n    \n    <style>\n        \/* --- COPY FROM HERE DOWN FOR WORDPRESS --- *\/\n        :root {\n            --primary-color: #FD9800;\n            --primary-hover: #e88a00;\n            --text-color: #3A3A3A;\n            --light-bg: #f8faff;\n            --gradient-bg: linear-gradient(135deg, #f8faff 0%, #fff5e6 100%);\n            --box-shadow: 0 10px 30px rgba(0, 0, 0, 0.05);\n            --hover-shadow: 0 15px 35px rgba(0, 0, 0, 0.1);\n            --border-color: #f1f5f9;\n        }\n\n        \/* Main Wrapper *\/\n        .file-formats-section {\n            max-width: 1200px;\n            margin: 0 auto;\n            padding: 2rem 1.5rem;\n            font-family: 'Inter', 'Segoe UI', system-ui, -apple-system, sans-serif;\n            color: var(--text-color);\n        }\n\n        \/* Hero Section *\/\n        .hero-section {\n            text-align: center;\n            padding: 3rem 1rem;\n            margin-bottom: 3rem;\n            background: var(--gradient-bg);\n            border-radius: 16px;\n            position: relative;\n            overflow: hidden;\n        }\n\n        .hero-pattern {\n            position: absolute;\n            top: 0; left: 0; right: 0; bottom: 0;\n            background-image: url(\"data:image\/svg+xml,%3Csvg width='60' height='60' viewBox='0 0 60 60' xmlns='http:\/\/www.w3.org\/2000\/svg'%3E%3Cg fill='none' fill-rule='evenodd'%3E%3Cg fill='%23fd9800' fill-opacity='0.05'%3E%3Cpath d='M36 34v-4h-2v4h-4v2h4v4h2v-4h4v-2h-4zm0-30V0h-2v4h-4v2h4v4h2V6h4V4h-4zM6 34v-4H4v4H0v2h4v4h2v-4h4v-2H6zM6 4V0H4v4H0v2h4v4h2V6h4V4H6z'\/%3E%3C\/g%3E%3C\/g%3E%3C\/svg%3E\");\n            opacity: 0.5;\n            z-index: 0;\n        }\n\n        .hero-content {\n            position: relative;\n            z-index: 1;\n            max-width: 800px;\n            margin: 0 auto;\n        }\n\n        .hero-title {\n            font-size: 2.5rem;\n            font-weight: 800;\n            margin-bottom: 1.5rem;\n            color: var(--text-color);\n            line-height: 1.2;\n        }\n\n        .hero-subtitle {\n            font-size: 1.25rem;\n            margin-bottom: 2rem;\n            color: #555;\n            line-height: 1.6;\n        }\n\n        .hero-badges {\n            display: flex;\n            flex-wrap: wrap;\n            justify-content: center;\n            gap: 1rem;\n            margin-bottom: 2rem;\n        }\n\n        .hero-badge {\n            display: flex;\n            align-items: center;\n            background: white;\n            border-radius: 50px;\n            padding: 0.5rem 1rem;\n            box-shadow: var(--box-shadow);\n            transition: all 0.3s ease;\n            border: 1px solid var(--border-color);\n        }\n\n        .hero-badge:hover {\n            transform: translateY(-3px);\n            box-shadow: var(--hover-shadow);\n            border-color: rgba(253, 152, 0, 0.3);\n        }\n\n        .hero-badge-icon {\n            color: var(--primary-color);\n            margin-right: 0.5rem;\n            font-size: 1rem;\n        }\n\n        .hero-badge-text {\n            font-size: 0.9rem;\n            font-weight: 600;\n            color: var(--text-color);\n        }\n\n        .hero-buttons {\n            display: flex;\n            justify-content: center;\n            gap: 1rem;\n            flex-wrap: wrap;\n        }\n\n        .btn {\n            display: inline-block;\n            padding: 0.75rem 1.5rem;\n            border-radius: 8px;\n            font-weight: 600;\n            text-decoration: none !important;\n            transition: all 0.3s ease;\n            cursor: pointer;\n            font-size: 1rem;\n        }\n\n        .btn-primary {\n            background-color: var(--primary-color);\n            color: white !important;\n            box-shadow: 0 8px 16px rgba(253, 152, 0, 0.2);\n            border: none;\n        }\n\n        .btn-primary:hover {\n            background-color: var(--primary-hover);\n            transform: translateY(-2px);\n        }\n\n        .btn-secondary {\n            background-color: white;\n            color: var(--primary-color) !important;\n            border: 1px solid var(--border-color);\n        }\n\n        .btn-secondary:hover {\n            background-color: #fff5e6;\n            transform: translateY(-2px);\n        }\n\n        \/* Sections *\/\n        .intro-section, .workflow-section { margin-bottom: 4rem; }\n        \n        .section-container {\n            background: white;\n            border-radius: 16px;\n            padding: 2rem;\n            box-shadow: var(--box-shadow);\n            border: 1px solid var(--border-color);\n        }\n        \n        .section-title {\n            font-size: 2.2rem;\n            font-weight: 700;\n            text-align: center;\n            margin-bottom: 2.5rem;\n            color: var(--text-color);\n        }\n\n        .intro-content {\n            font-size: 1.1rem;\n            line-height: 1.8;\n            color: #555;\n        }\n        \n        .intro-content p { margin-bottom: 1.5rem; }\n\n        \/* Step Cards *\/\n        .steps-container {\n            max-width: 900px;\n            margin: 0 auto;\n        }\n        \n        .step-card {\n            display: flex;\n            align-items: flex-start;\n            background: white;\n            border-radius: 16px;\n            padding: 2rem;\n            box-shadow: var(--box-shadow);\n            margin-bottom: 2rem;\n            border: 1px solid var(--border-color);\n            transition: all 0.3s ease;\n        }\n        \n        .step-card:hover {\n            transform: translateY(-5px);\n            box-shadow: var(--hover-shadow);\n            border-color: rgba(253, 152, 0, 0.3);\n        }\n        \n        .step-number {\n            width: 50px;\n            height: 50px;\n            background-color: rgba(253, 152, 0, 0.15);\n            color: var(--primary-color);\n            border-radius: 50%;\n            display: flex;\n            align-items: center;\n            justify-content: center;\n            font-size: 1.5rem;\n            font-weight: 700;\n            margin-right: 1.5rem;\n            flex-shrink: 0;\n            transition: all 0.3s ease;\n        }\n        \n        .step-card:hover .step-number {\n            background: linear-gradient(135deg, #FD9800 0%, #FF6D00 100%);\n            color: white;\n            box-shadow: 0 10px 20px rgba(253, 152, 0, 0.2);\n        }\n        \n        .step-content { flex: 1; }\n        \n        .step-title {\n            font-size: 1.4rem;\n            font-weight: 700;\n            margin-bottom: 0.75rem;\n            color: var(--text-color);\n        }\n        \n        .step-text {\n            font-size: 1rem;\n            color: #555;\n            line-height: 1.6;\n            margin-bottom: 1.5rem;\n        }\n\n        \/* Tips Box *\/\n        .step-tips {\n            background-color: var(--light-bg);\n            border-radius: 8px;\n            padding: 1rem 1.5rem;\n            border-left: 3px solid var(--primary-color);\n        }\n        \n        .step-tips h4 {\n            font-size: 1.1rem;\n            font-weight: 700;\n            margin-bottom: 0.5rem;\n            color: var(--text-color);\n            margin-top: 0;\n        }\n        \n        .step-tips ul { margin: 0; padding-left: 1.5rem; }\n        .step-tips li { margin-bottom: 0.5rem; color: #555; }\n        \n        \/* Code\/Path styling *\/\n        code {\n            background-color: #eee;\n            padding: 2px 6px;\n            border-radius: 4px;\n            font-family: 'Courier New', Courier, monospace;\n            color: #d63384;\n            font-size: 0.9em;\n        }\n\n        \/* CTA Section *\/\n        .cta-section {\n            text-align: center;\n            padding: 3rem 1rem;\n            background: var(--gradient-bg);\n            border-radius: 16px;\n            position: relative;\n            overflow: hidden;\n            margin-bottom: 2rem;\n        }\n        \n        .cta-pattern {\n            position: absolute;\n            top: 0; left: 0; right: 0; bottom: 0;\n            background-image: url(\"data:image\/svg+xml,%3Csvg width='60' height='60' viewBox='0 0 60 60' xmlns='http:\/\/www.w3.org\/2000\/svg'%3E%3Cg fill='none' fill-rule='evenodd'%3E%3Cg fill='%23fd9800' fill-opacity='0.05'%3E%3Cpath d='M36 34v-4h-2v4h-4v2h4v4h2v-4h4v-2h-4zm0-30V0h-2v4h-4v2h4v4h2V6h4V4h-4zM6 34v-4H4v4H0v2h4v4h2v-4h4v-2H6zM6 4V0H4v4H0v2h4v4h2v-4h4v-2H6zM6 4V0H4v4H0v2h4v4h2V6h4V4H6z'\/%3E%3C\/g%3E%3C\/g%3E%3C\/svg%3E\");\n            opacity: 0.5;\n            z-index: 0;\n        }\n        \n        .cta-content { position: relative; z-index: 1; max-width: 800px; margin: 0 auto; }\n        .cta-title { font-size: 2.2rem; font-weight: 700; margin-bottom: 1.5rem; color: var(--text-color); }\n        .cta-text { font-size: 1.1rem; margin-bottom: 2rem; color: #555; line-height: 1.6; }\n\n        \/* Responsive *\/\n        @media (max-width: 768px) {\n            .hero-title { font-size: 2rem; }\n            .step-card { flex-direction: column; }\n            .step-number { margin-bottom: 1rem; }\n        }\n    <\/style>\n<\/head>\n<body>\n\n    <!-- Main Wrapper Content to Copy -->\n    <div class=\"file-formats-section\">\n        \n        <!-- Hero Section -->\n        <section class=\"hero-section\">\n            <div class=\"hero-pattern\"><\/div>\n            <div class=\"hero-content\">\n                <h1 class=\"hero-title\">Hogyan enged\u00e9lyezhet\u0151 a konvert\u00e1l\u00e1s a \u201eKonvert\u00e1lt mappahozz\u00e1f\u00e9r\u00e9s\u201d seg\u00edts\u00e9g\u00e9vel a Windows rendszeren<\/h1>\n                <p class=\"hero-subtitle\">A Windows blokkolja a konverzi\u00f3kat? Ismerje meg, hogyan helyezheti az enged\u00e9lyez\u0151list\u00e1ra a konvert\u00e1l\u00e1st a Windows 11 biztons\u00e1gi be\u00e1ll\u00edt\u00e1saiban, \u00edgy biztos\u00edtva a z\u00f6kken\u0151mentes m\u0171k\u00f6d\u00e9st, mik\u00f6zben meg\u0151rizheti sz\u00e1m\u00edt\u00f3g\u00e9pe biztons\u00e1g\u00e1t.<\/p>\n                \n                <div class=\"hero-badges\">\n                    <div class=\"hero-badge\">\n                        <span class=\"hero-badge-icon\"><i class=\"fab fa-windows\"><\/i><\/span>\n                        <span class=\"hero-badge-text\">Windows 10 \u00e9s 11<\/span>\n                    <\/div>\n                    <div class=\"hero-badge\">\n                        <span class=\"hero-badge-icon\"><i class=\"fas fa-shield-alt\"><\/i><\/span>\n                        <span class=\"hero-badge-text\">Biztons\u00e1gi be\u00e1ll\u00edt\u00e1sok<\/span>\n                    <\/div>\n                    <div class=\"hero-badge\">\n                        <span class=\"hero-badge-icon\"><i class=\"fas fa-clock\"><\/i><\/span>\n                        <span class=\"hero-badge-text\">2 perces jav\u00edt\u00e1s<\/span>\n                    <\/div>\n                <\/div>\n                \n                <div class=\"hero-buttons\">\n                    <a href=\"#method-1\" class=\"btn btn-primary\">Gyors m\u00f3dszer<\/a>\n                    <a href=\"#method-2\" class=\"btn btn-secondary\">K\u00e9zi m\u00f3dszer<\/a>\n                <\/div>\n            <\/div>\n        <\/section>\n        \n        <!-- Intro Section -->\n        <section class=\"intro-section\">\n            <div class=\"section-container\">\n                <h2 class=\"section-title\">Mi\u00e9rt blokkolja a Windows a Convertify-t?<\/h2>\n                <div class=\"intro-content\">\n                    <p>El\u0151fordulhat, hogy kapott egy \u00e9rtes\u00edt\u00e9st, amely szerint a Convertify le van tiltva egy adott mapp\u00e1n bel\u00fcli m\u00f3dos\u00edt\u00e1sok v\u00e9grehajt\u00e1s\u00e1ban. Ez a Windows biztons\u00e1gi szolg\u00e1ltat\u00e1s\u00e1nak k\u00f6sz\u00f6nhet\u0151 <strong>Ellen\u0151rz\u00f6tt mappahozz\u00e1f\u00e9r\u00e9s<\/strong>.<\/p>\n                    <p>Ezt a funkci\u00f3t arra tervezt\u00e9k, hogy megakad\u00e1lyozza az ismeretlen programok l\u00e9trehoz\u00e1s\u00e1t vagy m\u00f3dos\u00edt\u00e1s\u00e1t a v\u00e9dett szem\u00e9lyes mapp\u00e1kban (p\u00e9ld\u00e1ul Dokumentumok, Asztal vagy K\u00e9pek), hogy megakad\u00e1lyozza a zsarol\u00f3v\u00edrusokat.<\/p>\n                    <p>Mivel a Convertify egy f\u00e1jlkonverzi\u00f3s eszk\u00f6z, els\u0151dleges feladata \u00faj, konvert\u00e1lt f\u00e1jlok l\u00e9trehoz\u00e1sa (pl. <code>.png<\/code> a <code>.jpg<\/code>). A Windows t\u00e9vesen gyan\u00fas viselked\u00e9sk\u00e9nt jel\u00f6lheti meg ezt a jogos m\u0171veletet. A Convertify enged\u00e9lyez\u00e9s\u00e9vel megadja a f\u00e1jlok ment\u00e9s\u00e9hez sz\u00fcks\u00e9ges enged\u00e9lyt.<\/p>\n                <\/div>\n            <\/div>\n        <\/section>\n\n        <!-- Method 1 -->\n        <section id=\"method-1\" class=\"workflow-section\">\n            <h2 class=\"section-title\">1. m\u00f3dszer: A \u201eNemr\u00e9g blokkolt\u201d jav\u00edt\u00e1s (legegyszer\u0171bb)<\/h2>\n            <p style=\"text-align: center; max-width: 700px; margin: 0 auto 2rem auto; color: #555;\">Haszn\u00e1lja ezt a m\u00f3dszert, ha \u00e9pp most kapott \u00e9rtes\u00edt\u00e9st arr\u00f3l, hogy a Convertify le van tiltva.<\/p>\n            \n            <div class=\"steps-container\">\n                <div class=\"step-card\">\n                    <div class=\"step-number\">1<\/div>\n                    <div class=\"step-content\">\n                        <h3 class=\"step-title\">Nyissa meg a Windows biztons\u00e1got<\/h3>\n                        <p class=\"step-text\">Kattintson a <strong>Windows Start<\/strong> gomb, t\u00edpus <strong>&#8222;Windows biztons\u00e1g&#8221;<\/strong> l\u00e9pjen be a keres\u0151s\u00e1vba, \u00e9s nyomja meg az Enter billenty\u0171t az ir\u00e1ny\u00edt\u00f3pult megnyit\u00e1s\u00e1hoz.<\/p>\n                    <\/div>\n                <\/div>\n\n                <div class=\"step-card\">\n                    <div class=\"step-number\">2<\/div>\n                    <div class=\"step-content\">\n                        <h3 class=\"step-title\">L\u00e9pjen a V\u00edrus- \u00e9s fenyeget\u00e9sv\u00e9delem oldalra<\/h3>\n                        <p class=\"step-text\">A bal oldali men\u00fcben keresse meg a pajzs ikont <strong>V\u00edrus- \u00e9s fenyeget\u00e9sv\u00e9delem<\/strong> \u00e9s kattintson r\u00e1.<\/p>\n                    <\/div>\n                <\/div>\n\n                <div class=\"step-card\">\n                    <div class=\"step-number\">3<\/div>\n                    <div class=\"step-content\">\n                        <h3 class=\"step-title\">Ransomware v\u00e9delem kezel\u00e9se<\/h3>\n                        <p class=\"step-text\">G\u00f6rgessen le a \u201eRansomware-v\u00e9delem\u201d felirat\u00fa als\u00f3 r\u00e9szhez. Kattintson a k\u00e9k linkre, amely azt mondja <strong>A zsarol\u00f3v\u00edrus elleni v\u00e9delem kezel\u00e9se<\/strong>.<\/p>\n                    <\/div>\n                <\/div>\n\n                <div class=\"step-card\">\n                    <div class=\"step-number\">4<\/div>\n                    <div class=\"step-content\">\n                        <h3 class=\"step-title\">Nyissa meg az Enged\u00e9lyez\u00e9si list\u00e1t<\/h3>\n                        <p class=\"step-text\">Kattintson r\u00e1 <strong>Alkalmaz\u00e1s enged\u00e9lyez\u00e9se a Fel\u00fcgyelt mappahozz\u00e1f\u00e9r\u00e9sen kereszt\u00fcl<\/strong>. (Megjegyz\u00e9s: el\u0151fordulhat, hogy a Felhaszn\u00e1l\u00f3i fi\u00f3kok fel\u00fcgyelete ablakban az \u201eIgen\u201d gombra kell kattintania).<\/p>\n                    <\/div>\n                <\/div>\n\n                <div class=\"step-card\">\n                    <div class=\"step-number\">5<\/div>\n                    <div class=\"step-content\">\n                        <h3 class=\"step-title\">Konvert\u00e1l\u00e1s hozz\u00e1ad\u00e1sa<\/h3>\n                        <p class=\"step-text\">Kattintson a <strong>+ Adjon hozz\u00e1 egy enged\u00e9lyezett alkalmaz\u00e1st<\/strong> gombot, \u00e9s v\u00e1lassza ki <strong>Nemr\u00e9g blokkolt alkalmaz\u00e1sok<\/strong>.<\/p>\n                        <div class=\"step-tips\">\n                            <h4>Profi tipp:<\/h4>\n                            <ul>\n                                <li>keress <code>Convertify.exe<\/code> a list\u00e1ban. \u00c1ltal\u00e1ban egy id\u0151b\u00e9lyeggel rendelkezik, amikor a konverzi\u00f3 sikertelen volt.<\/li>\n                                <li>Kattintson a <strong>+<\/strong> mellette l\u00e9v\u0151 gombot, hogy azonnal enged\u00e9lyez\u0151list\u00e1ra helyezze.<\/li>\n                            <\/ul>\n                        <\/div>\n                    <\/div>\n                <\/div>\n            <\/div>\n        <\/section>\n\n        <!-- Method 2 -->\n        <section id=\"method-2\" class=\"workflow-section\">\n            <h2 class=\"section-title\">2. m\u00f3dszer: A k\u00e9zi m\u00f3dszer<\/h2>\n            <p style=\"text-align: center; max-width: 700px; margin: 0 auto 2rem auto; color: #555;\">Haszn\u00e1lja ezt a m\u00f3dszert, ha a \u201eNemr\u00e9g blokkolt\u201d lista \u00fcres, vagy ha szeretn\u00e9 megel\u0151zni a probl\u00e9m\u00e1kat, miel\u0151tt azok bek\u00f6vetkezn\u00e9nek.<\/p>\n            \n            <div class=\"steps-container\">\n                <div class=\"step-card\">\n                    <div class=\"step-number\">1<\/div>\n                    <div class=\"step-content\">\n                        <h3 class=\"step-title\">Navig\u00e1ljon a Be\u00e1ll\u00edt\u00e1sokhoz<\/h3>\n                        <p class=\"step-text\">K\u00f6vesse az el\u0151z\u0151 m\u00f3dszer 1\u20134. l\u00e9p\u00e9seit az \u201eAlkalmaz\u00e1s enged\u00e9lyez\u00e9se a Fel\u00fcgyelt mappahozz\u00e1f\u00e9r\u00e9sen kereszt\u00fcl\u201d k\u00e9perny\u0151 el\u00e9r\u00e9s\u00e9hez.<\/p>\n                    <\/div>\n                <\/div>\n\n                <div class=\"step-card\">\n                    <div class=\"step-number\">2<\/div>\n                    <div class=\"step-content\">\n                        <h3 class=\"step-title\">Keresse meg a programot<\/h3>\n                        <p class=\"step-text\">Kattintson <strong>+ Adjon hozz\u00e1 egy enged\u00e9lyezett alkalmaz\u00e1st<\/strong>, de ez\u00fattal v\u00e1lasszon <strong>B\u00f6ng\u00e9sszen az \u00f6sszes alkalmaz\u00e1sban<\/strong>.<\/p>\n                    <\/div>\n                <\/div>\n\n                <div class=\"step-card\">\n                    <div class=\"step-number\">3<\/div>\n                    <div class=\"step-content\">\n                        <h3 class=\"step-title\">Keresse meg a Convertify Executable lehet\u0151s\u00e9get<\/h3>\n                        <p class=\"step-text\">Megjelenik egy f\u00e1jlkezel\u0151 ablak. Keresse meg a mapp\u00e1t, ahov\u00e1 telep\u00edtette a Convertify-t. Ellen\u0151rizze ezeket a szabv\u00e1nyos helyeket:<\/p>\n                        <div class=\"step-tips\">\n                            <h4>K\u00f6z\u00f6s utak:<\/h4>\n                            <ul>\n                                <li><code>C:\\Users\\(YourUser)\\AppData\\Local\\Programs<\/code><\/li>\n                                <li><code>C:\\Program Files\\Convertify\\<\/code><\/li>\n                                <li><code>C:\\Program Files (x86)\\Convertify\\<\/code><\/li>\n                            <\/ul>\n                        <\/div>\n                        <p class=\"step-text\" style=\"margin-top: 1rem;\">V\u00e1lassza ki a f\u0151 alkalmaz\u00e1sf\u00e1jlt <code>Convertify.exe<\/code> \u00e9s kattintson <strong>Nyissa meg<\/strong>.<\/p>\n                    <\/div>\n                <\/div>\n                \n                <div class=\"step-card\">\n                    <div class=\"step-number\">4<\/div>\n                    <div class=\"step-content\">\n                        <h3 class=\"step-title\">Siker igazol\u00e1sa<\/h3>\n                        <p class=\"step-text\">A Convertifynak meg kell jelennie az \u201eEnged\u00e9lyezett alkalmaz\u00e1sok\u201d list\u00e1j\u00e1ban. Most bez\u00e1rhatja a Windows Security-t, \u00e9s \u00fajra megpr\u00f3b\u00e1lhatja az \u00e1talak\u00edt\u00e1st.<\/p>\n                    <\/div>\n                <\/div>\n            <\/div>\n        <\/section>\n        \n        <!-- CTA Section -->\n        <section class=\"cta-section\">\n            <div class=\"cta-pattern\"><\/div>\n            <div class=\"cta-content\">\n                <h2 class=\"cta-title\">Probl\u00e9ma megoldva?<\/h2>\n                <p class=\"cta-text\">Most, hogy konfigur\u00e1lta biztons\u00e1gi be\u00e1ll\u00edt\u00e1sait, z\u00f6kken\u0151mentes, korl\u00e1tlan f\u00e1jlkonverzi\u00f3t \u00e9lvezhet a Convertify seg\u00edts\u00e9g\u00e9vel.<\/p>\n                <div class=\"hero-buttons\">\n                    <a href=\"\/download\" class=\"btn btn-primary\">Let\u00f6lt\u00e9s Convertify<\/a>\n                    <a href=\"\/\" class=\"btn btn-secondary\">Vissza a Kezd\u0151lapra<\/a>\n                <\/div>\n            <\/div>\n        <\/section>\n    <\/div>\n\n<\/body>\n<\/html>\n\n\n\n<p><\/p>\n","protected":false},"excerpt":{"rendered":"<p>Controlled Folder Access Guide for Windows Hogyan enged\u00e9lyezhet\u0151 a konvert\u00e1l\u00e1s a \u201eKonvert\u00e1lt mappahozz\u00e1f\u00e9r\u00e9s\u201d seg\u00edts\u00e9g\u00e9vel a Windows rendszeren A Windows blokkolja [&hellip;]<\/p>\n","protected":false},"author":1,"featured_media":0,"parent":0,"menu_order":0,"comment_status":"closed","ping_status":"closed","template":"","meta":{"pagelayer_contact_templates":[],"_pagelayer_content":"","_uag_custom_page_level_css":"","site-sidebar-layout":"default","site-content-layout":"","ast-site-content-layout":"","site-content-style":"default","site-sidebar-style":"default","ast-global-header-display":"","ast-banner-title-visibility":"","ast-main-header-display":"","ast-hfb-above-header-display":"","ast-hfb-below-header-display":"","ast-hfb-mobile-header-display":"","site-post-title":"disabled","ast-breadcrumbs-content":"","ast-featured-img":"","footer-sml-layout":"","theme-transparent-header-meta":"","adv-header-id-meta":"","stick-header-meta":"","header-above-stick-meta":"","header-main-stick-meta":"","header-below-stick-meta":"","astra-migrate-meta-layouts":"default","ast-page-background-enabled":"default","ast-page-background-meta":{"desktop":{"background-color":"var(--ast-global-color-5)","background-image":"","background-repeat":"repeat","background-position":"center center","background-size":"auto","background-attachment":"scroll","background-type":"","background-media":"","overlay-type":"","overlay-color":"","overlay-opacity":"","overlay-gradient":""},"tablet":{"background-color":"","background-image":"","background-repeat":"repeat","background-position":"center center","background-size":"auto","background-attachment":"scroll","background-type":"","background-media":"","overlay-type":"","overlay-color":"","overlay-opacity":"","overlay-gradient":""},"mobile":{"background-color":"","background-image":"","background-repeat":"repeat","background-position":"center center","background-size":"auto","background-attachment":"scroll","background-type":"","background-media":"","overlay-type":"","overlay-color":"","overlay-opacity":"","overlay-gradient":""}},"ast-content-background-meta":{"desktop":{"background-color":"var(--ast-global-color-4)","background-image":"","background-repeat":"repeat","background-position":"center center","background-size":"auto","background-attachment":"scroll","background-type":"","background-media":"","overlay-type":"","overlay-color":"","overlay-opacity":"","overlay-gradient":""},"tablet":{"background-color":"var(--ast-global-color-4)","background-image":"","background-repeat":"repeat","background-position":"center center","background-size":"auto","background-attachment":"scroll","background-type":"","background-media":"","overlay-type":"","overlay-color":"","overlay-opacity":"","overlay-gradient":""},"mobile":{"background-color":"var(--ast-global-color-4)","background-image":"","background-repeat":"repeat","background-position":"center center","background-size":"auto","background-attachment":"scroll","background-type":"","background-media":"","overlay-type":"","overlay-color":"","overlay-opacity":"","overlay-gradient":""}},"footnotes":""},"class_list":["post-3916","page","type-page","status-publish","hentry"],"uagb_featured_image_src":{"full":false,"thumbnail":false,"medium":false,"medium_large":false,"large":false,"1536x1536":false,"2048x2048":false,"woocommerce_thumbnail":false,"woocommerce_single":false,"woocommerce_gallery_thumbnail":false},"uagb_author_info":{"display_name":"convertify","author_link":"https:\/\/convertifypro.com\/author\/convertifypro\/"},"uagb_comment_info":0,"uagb_excerpt":"Controlled Folder Access Guide for Windows Hogyan enged\u00e9lyezhet\u0151 a konvert\u00e1l\u00e1s a \u201eKonvert\u00e1lt mappahozz\u00e1f\u00e9r\u00e9s\u201d seg\u00edts\u00e9g\u00e9vel a Windows rendszeren A Windows blokkolja [&hellip;]","_links":{"self":[{"href":"https:\/\/convertifypro.com\/wp-json\/wp\/v2\/pages\/3916","targetHints":{"allow":["GET"]}}],"collection":[{"href":"https:\/\/convertifypro.com\/wp-json\/wp\/v2\/pages"}],"about":[{"href":"https:\/\/convertifypro.com\/wp-json\/wp\/v2\/types\/page"}],"author":[{"embeddable":true,"href":"https:\/\/convertifypro.com\/wp-json\/wp\/v2\/users\/1"}],"replies":[{"embeddable":true,"href":"https:\/\/convertifypro.com\/wp-json\/wp\/v2\/comments?post=3916"}],"version-history":[{"count":0,"href":"https:\/\/convertifypro.com\/wp-json\/wp\/v2\/pages\/3916\/revisions"}],"wp:attachment":[{"href":"https:\/\/convertifypro.com\/wp-json\/wp\/v2\/media?parent=3916"}],"curies":[{"name":"wp","href":"https:\/\/api.w.org\/{rel}","templated":true}]}}