{"id":3916,"date":"2025-11-24T02:44:57","date_gmt":"2025-11-24T02:44:57","guid":{"rendered":"https:\/\/convertifypro.com\/?page_id=3916"},"modified":"2025-11-25T00:39:18","modified_gmt":"2025-11-25T00:39:18","slug":"controlled-folder-access","status":"publish","type":"page","link":"https:\/\/convertifypro.com\/gn\/carpeta-controlada-jeike-rehegua-nembohekora\/","title":{"rendered":"Carpeta Controlada jeike rehegua \u00f1embohekor\u00e3"},"content":{"rendered":"\n<!DOCTYPE html>\n<html lang=\"en\">\n<head>\n    <meta charset=\"UTF-8\">\n    <meta name=\"viewport\" content=\"width=device-width, initial-scale=1.0\">\n    <title>Carpeta Controlada Jeiker\u00e3 \u00d1emboguatar\u00e3 Windows-pe g\u0303uar\u00e3<\/title>\n    <!-- Font Awesome for Icons -->\n    <link rel=\"stylesheet\" href=\"https:\/\/cdnjs.cloudflare.com\/ajax\/libs\/font-awesome\/6.4.0\/css\/all.min.css\" xintegrity=\"sha512-iecdLmaskl7CVkqkXNQ\/ZH\/XLlvWZOJyj7Yy7tcenmpD1ypASozpmT\/E0iPtmFIB46ZmdtAc9eNBvH0H\/ZpiBw==\" crossorigin=\"anonymous\" referrerpolicy=\"no-referrer\" \/>\n    \n    <style>\n        \/* --- COPY FROM HERE DOWN FOR WORDPRESS --- *\/\n        :root {\n            --primary-color: #FD9800;\n            --primary-hover: #e88a00;\n            --text-color: #3A3A3A;\n            --light-bg: #f8faff;\n            --gradient-bg: linear-gradient(135deg, #f8faff 0%, #fff5e6 100%);\n            --box-shadow: 0 10px 30px rgba(0, 0, 0, 0.05);\n            --hover-shadow: 0 15px 35px rgba(0, 0, 0, 0.1);\n            --border-color: #f1f5f9;\n        }\n\n        \/* Main Wrapper *\/\n        .file-formats-section {\n            max-width: 1200px;\n            margin: 0 auto;\n            padding: 2rem 1.5rem;\n            font-family: 'Inter', 'Segoe UI', system-ui, -apple-system, sans-serif;\n            color: var(--text-color);\n        }\n\n        \/* Hero Section *\/\n        .hero-section {\n            text-align: center;\n            padding: 3rem 1rem;\n            margin-bottom: 3rem;\n            background: var(--gradient-bg);\n            border-radius: 16px;\n            position: relative;\n            overflow: hidden;\n        }\n\n        .hero-pattern {\n            position: absolute;\n            top: 0; left: 0; right: 0; bottom: 0;\n            background-image: url(\"data:image\/svg+xml,%3Csvg width='60' height='60' viewBox='0 0 60 60' xmlns='http:\/\/www.w3.org\/2000\/svg'%3E%3Cg fill='none' fill-rule='evenodd'%3E%3Cg fill='%23fd9800' fill-opacity='0.05'%3E%3Cpath d='M36 34v-4h-2v4h-4v2h4v4h2v-4h4v-2h-4zm0-30V0h-2v4h-4v2h4v4h2V6h4V4h-4zM6 34v-4H4v4H0v2h4v4h2v-4h4v-2H6zM6 4V0H4v4H0v2h4v4h2V6h4V4H6z'\/%3E%3C\/g%3E%3C\/g%3E%3C\/svg%3E\");\n            opacity: 0.5;\n            z-index: 0;\n        }\n\n        .hero-content {\n            position: relative;\n            z-index: 1;\n            max-width: 800px;\n            margin: 0 auto;\n        }\n\n        .hero-title {\n            font-size: 2.5rem;\n            font-weight: 800;\n            margin-bottom: 1.5rem;\n            color: var(--text-color);\n            line-height: 1.2;\n        }\n\n        .hero-subtitle {\n            font-size: 1.25rem;\n            margin-bottom: 2rem;\n            color: #555;\n            line-height: 1.6;\n        }\n\n        .hero-badges {\n            display: flex;\n            flex-wrap: wrap;\n            justify-content: center;\n            gap: 1rem;\n            margin-bottom: 2rem;\n        }\n\n        .hero-badge {\n            display: flex;\n            align-items: center;\n            background: white;\n            border-radius: 50px;\n            padding: 0.5rem 1rem;\n            box-shadow: var(--box-shadow);\n            transition: all 0.3s ease;\n            border: 1px solid var(--border-color);\n        }\n\n        .hero-badge:hover {\n            transform: translateY(-3px);\n            box-shadow: var(--hover-shadow);\n            border-color: rgba(253, 152, 0, 0.3);\n        }\n\n        .hero-badge-icon {\n            color: var(--primary-color);\n            margin-right: 0.5rem;\n            font-size: 1rem;\n        }\n\n        .hero-badge-text {\n            font-size: 0.9rem;\n            font-weight: 600;\n            color: var(--text-color);\n        }\n\n        .hero-buttons {\n            display: flex;\n            justify-content: center;\n            gap: 1rem;\n            flex-wrap: wrap;\n        }\n\n        .btn {\n            display: inline-block;\n            padding: 0.75rem 1.5rem;\n            border-radius: 8px;\n            font-weight: 600;\n            text-decoration: none !important;\n            transition: all 0.3s ease;\n            cursor: pointer;\n            font-size: 1rem;\n        }\n\n        .btn-primary {\n            background-color: var(--primary-color);\n            color: white !important;\n            box-shadow: 0 8px 16px rgba(253, 152, 0, 0.2);\n            border: none;\n        }\n\n        .btn-primary:hover {\n            background-color: var(--primary-hover);\n            transform: translateY(-2px);\n        }\n\n        .btn-secondary {\n            background-color: white;\n            color: var(--primary-color) !important;\n            border: 1px solid var(--border-color);\n        }\n\n        .btn-secondary:hover {\n            background-color: #fff5e6;\n            transform: translateY(-2px);\n        }\n\n        \/* Sections *\/\n        .intro-section, .workflow-section { margin-bottom: 4rem; }\n        \n        .section-container {\n            background: white;\n            border-radius: 16px;\n            padding: 2rem;\n            box-shadow: var(--box-shadow);\n            border: 1px solid var(--border-color);\n        }\n        \n        .section-title {\n            font-size: 2.2rem;\n            font-weight: 700;\n            text-align: center;\n            margin-bottom: 2.5rem;\n            color: var(--text-color);\n        }\n\n        .intro-content {\n            font-size: 1.1rem;\n            line-height: 1.8;\n            color: #555;\n        }\n        \n        .intro-content p { margin-bottom: 1.5rem; }\n\n        \/* Step Cards *\/\n        .steps-container {\n            max-width: 900px;\n            margin: 0 auto;\n        }\n        \n        .step-card {\n            display: flex;\n            align-items: flex-start;\n            background: white;\n            border-radius: 16px;\n            padding: 2rem;\n            box-shadow: var(--box-shadow);\n            margin-bottom: 2rem;\n            border: 1px solid var(--border-color);\n            transition: all 0.3s ease;\n        }\n        \n        .step-card:hover {\n            transform: translateY(-5px);\n            box-shadow: var(--hover-shadow);\n            border-color: rgba(253, 152, 0, 0.3);\n        }\n        \n        .step-number {\n            width: 50px;\n            height: 50px;\n            background-color: rgba(253, 152, 0, 0.15);\n            color: var(--primary-color);\n            border-radius: 50%;\n            display: flex;\n            align-items: center;\n            justify-content: center;\n            font-size: 1.5rem;\n            font-weight: 700;\n            margin-right: 1.5rem;\n            flex-shrink: 0;\n            transition: all 0.3s ease;\n        }\n        \n        .step-card:hover .step-number {\n            background: linear-gradient(135deg, #FD9800 0%, #FF6D00 100%);\n            color: white;\n            box-shadow: 0 10px 20px rgba(253, 152, 0, 0.2);\n        }\n        \n        .step-content { flex: 1; }\n        \n        .step-title {\n            font-size: 1.4rem;\n            font-weight: 700;\n            margin-bottom: 0.75rem;\n            color: var(--text-color);\n        }\n        \n        .step-text {\n            font-size: 1rem;\n            color: #555;\n            line-height: 1.6;\n            margin-bottom: 1.5rem;\n        }\n\n        \/* Tips Box *\/\n        .step-tips {\n            background-color: var(--light-bg);\n            border-radius: 8px;\n            padding: 1rem 1.5rem;\n            border-left: 3px solid var(--primary-color);\n        }\n        \n        .step-tips h4 {\n            font-size: 1.1rem;\n            font-weight: 700;\n            margin-bottom: 0.5rem;\n            color: var(--text-color);\n            margin-top: 0;\n        }\n        \n        .step-tips ul { margin: 0; padding-left: 1.5rem; }\n        .step-tips li { margin-bottom: 0.5rem; color: #555; }\n        \n        \/* Code\/Path styling *\/\n        code {\n            background-color: #eee;\n            padding: 2px 6px;\n            border-radius: 4px;\n            font-family: 'Courier New', Courier, monospace;\n            color: #d63384;\n            font-size: 0.9em;\n        }\n\n        \/* CTA Section *\/\n        .cta-section {\n            text-align: center;\n            padding: 3rem 1rem;\n            background: var(--gradient-bg);\n            border-radius: 16px;\n            position: relative;\n            overflow: hidden;\n            margin-bottom: 2rem;\n        }\n        \n        .cta-pattern {\n            position: absolute;\n            top: 0; left: 0; right: 0; bottom: 0;\n            background-image: url(\"data:image\/svg+xml,%3Csvg width='60' height='60' viewBox='0 0 60 60' xmlns='http:\/\/www.w3.org\/2000\/svg'%3E%3Cg fill='none' fill-rule='evenodd'%3E%3Cg fill='%23fd9800' fill-opacity='0.05'%3E%3Cpath d='M36 34v-4h-2v4h-4v2h4v4h2v-4h4v-2h-4zm0-30V0h-2v4h-4v2h4v4h2V6h4V4h-4zM6 34v-4H4v4H0v2h4v4h2v-4h4v-2H6zM6 4V0H4v4H0v2h4v4h2v-4h4v-2H6zM6 4V0H4v4H0v2h4v4h2V6h4V4H6z'\/%3E%3C\/g%3E%3C\/g%3E%3C\/svg%3E\");\n            opacity: 0.5;\n            z-index: 0;\n        }\n        \n        .cta-content { position: relative; z-index: 1; max-width: 800px; margin: 0 auto; }\n        .cta-title { font-size: 2.2rem; font-weight: 700; margin-bottom: 1.5rem; color: var(--text-color); }\n        .cta-text { font-size: 1.1rem; margin-bottom: 2rem; color: #555; line-height: 1.6; }\n\n        \/* Responsive *\/\n        @media (max-width: 768px) {\n            .hero-title { font-size: 2rem; }\n            .step-card { flex-direction: column; }\n            .step-number { margin-bottom: 1rem; }\n        }\n    <\/style>\n<\/head>\n<body>\n\n    <!-- Main Wrapper Content to Copy -->\n    <div class=\"file-formats-section\">\n        \n        <!-- Hero Section -->\n        <section class=\"hero-section\">\n            <div class=\"hero-pattern\"><\/div>\n            <div class=\"hero-content\">\n                <h1 class=\"hero-title\">Mba&#8217;\u00e9ichapa ikatu ojeheja Convertify &#8220;Acceso de Carpetas Controladas&#8221; rupive Windows-pe<\/h1>\n                <p class=\"hero-subtitle\">Windows ojok\u00f3va ne \u00f1embohasa? Eikuaa mba\u2019\u00e9ichapa ikatu emo\u0129 lista blanca Convertir Windows 11 Seguridad \u00f1embohekor\u00e3me e\u00f1angareko hag\u0303ua omba\u2019apo por\u00e3 hag\u0303ua e\u00f1ongatu aja nde PC seguro.<\/p>\n                \n                <div class=\"hero-badges\">\n                    <div class=\"hero-badge\">\n                        <span class=\"hero-badge-icon\"><i class=\"fab fa-windows\"><\/i><\/span>\n                        <span class=\"hero-badge-text\">Ventana 10 &#038; 11 rehegua<\/span>\n                    <\/div>\n                    <div class=\"hero-badge\">\n                        <span class=\"hero-badge-icon\"><i class=\"fas fa-shield-alt\"><\/i><\/span>\n                        <span class=\"hero-badge-text\">Seguridad rehegua \u00d1emboheko<\/span>\n                    <\/div>\n                    <div class=\"hero-badge\">\n                        <span class=\"hero-badge-icon\"><i class=\"fas fa-clock\"><\/i><\/span>\n                        <span class=\"hero-badge-text\">2 Minuto \u00d1emyatyr\u00f5<\/span>\n                    <\/div>\n                <\/div>\n                \n                <div class=\"hero-buttons\">\n                    <a href=\"#method-1\" class=\"btn btn-primary\">M\u00e9todo Pya\u2019e rehegua<\/a>\n                    <a href=\"#method-2\" class=\"btn btn-secondary\">M\u00e9todo Manual rehegua<\/a>\n                <\/div>\n            <\/div>\n        <\/section>\n        \n        <!-- Intro Section -->\n        <section class=\"intro-section\">\n            <div class=\"section-container\">\n                <h2 class=\"section-title\">Mba\u2019\u00e9repa Windows omboty Convertify?<\/h2>\n                <div class=\"intro-content\">\n                    <p>Ikatu rehupyty pete\u0129 marandu he\u2019\u00edva Convertify ojejoko hague ojapo hag\u0303ua \u00f1emoambue pete\u0129 kundaha espec\u00edfico-pe. P\u00e9va ojehu pete\u0129 mba\u2019e\u2019oka Windows seguridad rehegua h\u00e9rava <strong>Carpeta Ojejok\u00f3va Jeike<\/strong>.<\/p>\n                    <p>Ko mba\u2019ekuaar\u00e3 ojejapo ojejoko hag\u0303ua umi programa ojekuaa\u2019\u1ef9va omohe\u00f1\u00f3i t\u00e9r\u00e3 omoambue hag\u0303ua vore nde carpeta personal o\u00f1e\u00f1angarek\u00f3vape (Kuatia, Escritorio t\u00e9r\u00e3 Ta\u2019\u00e3ngam\u00fdiicha) ani hag\u0303ua ransomware.<\/p>\n                    <p>Convertify ha\ua78ce rupi pete\u0129 tembipuru vore \u00f1embohekor\u00e3, hembiapo tenondegua ha\ua78ceh\u00edna omohe\u00f1\u00f3i vore pyahu, o\u00f1embohas\u00e1va (techapyr\u00e3, ombojere a <code>.png<\/code> oike a <code>.jpg<\/code>). Windows ikatu ojavy omark\u00e1 ko acci\u00f3n leg\u00edtima comportamiento sospechoso ramo. Emo\u0129vo lista blanca Convertify-pe, eme\u2019\u1ebd chupe permiso espec\u00edfico oikotev\u1ebdva o\u00f1ongatu hag\u0303ua ne rembiapokue.<\/p>\n                <\/div>\n            <\/div>\n        <\/section>\n\n        <!-- Method 1 -->\n        <section id=\"method-1\" class=\"workflow-section\">\n            <h2 class=\"section-title\">M\u00e9todo 1: Pe &#8220;Ojejoko ramoit\u00e9va&#8221; \u00d1emyatyr\u00f5 (Indahas\u00fdiva) .<\/h2>\n            <p style=\"text-align: center; max-width: 700px; margin: 0 auto 2rem auto; color: #555;\">Eipuru ko m\u00e9todo rehupyty ramoite ramo pete\u0129 marandu Convertify ojejoko hague.<\/p>\n            \n            <div class=\"steps-container\">\n                <div class=\"step-card\">\n                    <div class=\"step-number\">1<\/div>\n                    <div class=\"step-content\">\n                        <h3 class=\"step-title\">Eipe\u2019a Windows Seguridad rehegua<\/h3>\n                        <p class=\"step-text\">Emboguejy pe <strong>Windows \u00d1epyr\u0169r\u00e3<\/strong> bot\u00f3n, tipo <strong>&#8220;Windows \u00d1e\u00f1angarekor\u00e3&#8221;.<\/strong> pe barra de b\u00fasqueda-pe, ha eity Enter eipe\u2019a hag\u0303ua pe panel.<\/p>\n                    <\/div>\n                <\/div>\n\n                <div class=\"step-card\">\n                    <div class=\"step-number\">2<\/div>\n                    <div class=\"step-content\">\n                        <h3 class=\"step-title\">Eike Virus &#038; Amenaza Protecci\u00f3n-pe<\/h3>\n                        <p class=\"step-text\">Pe men\u00fa akat\u00faape, eheka pe escudo ra\u2019\u00e3nga oguerek\u00f3va etiqueta <strong>Virus &#038; amenaza rehegua \u00f1e\u00f1angareko<\/strong> ha e\u00f1emboja hese.<\/p>\n                    <\/div>\n                <\/div>\n\n                <div class=\"step-card\">\n                    <div class=\"step-number\">3<\/div>\n                    <div class=\"step-content\">\n                        <h3 class=\"step-title\">Emohenda Ransomware \u00d1angareko<\/h3>\n                        <p class=\"step-text\">Eguejy pe secci\u00f3n iguypegua h\u00e9rava &#8220;Ransomware protecci\u00f3n&#8221;. Emboguejy pe enlace hovy he\u2019\u00edva <strong>Emohenda ransomware \u00f1e\u00f1angareko<\/strong>.<\/p>\n                    <\/div>\n                <\/div>\n\n                <div class=\"step-card\">\n                    <div class=\"step-number\">4<\/div>\n                    <div class=\"step-content\">\n                        <h3 class=\"step-title\">Eike pe Lista de Permiti-pe<\/h3>\n                        <p class=\"step-text\">Emboguejy <strong>Eheja pete\u0129 app jeike carpeta Controlada rupive<\/strong>. (\u00d1e\u2019\u1ebd\u00f1emi: Ikatu tekotev\u1ebd e\u00f1emboguejy &#8220;Si&#8221; pete\u0129 \u00d1e\u2019\u1ebdmondo Control de Cuentas de Usuario-pe).<\/p>\n                    <\/div>\n                <\/div>\n\n                <div class=\"step-card\">\n                    <div class=\"step-number\">5<\/div>\n                    <div class=\"step-content\">\n                        <h3 class=\"step-title\">Ombojoapy Convertir<\/h3>\n                        <p class=\"step-text\">Emboguejy pe <strong>+ Emo\u0129 pete\u0129 app ojehej\u00e1va<\/strong> bot\u00f3n ha eiporavo <strong>Umi aplicaci\u00f3n ojejoko ramoit\u00e9va<\/strong>.<\/p>\n                        <div class=\"step-tips\">\n                            <h4>Consejo Pro rehegua:<\/h4>\n                            <ul>\n                                <li>Peheka <code>Convertify.exe<\/code> pe lista-pe. Jepive oguerek\u00f3ta pete\u0129 sello de tiempo ojoaj\u00fava ne conversi\u00f3n ndoik\u00f3i jave.<\/li>\n                                <li>Emboguejy pe <strong>+<\/strong> bot\u00f3n ijyk\u00e9re o\u00f1emo\u0129 hag\u0303ua lista blanca-pe pya\u2019e.<\/li>\n                            <\/ul>\n                        <\/div>\n                    <\/div>\n                <\/div>\n            <\/div>\n        <\/section>\n\n        <!-- Method 2 -->\n        <section id=\"method-2\" class=\"workflow-section\">\n            <h2 class=\"section-title\">M\u00e9todo 2: Pe M\u00e9todo Manual rehegua<\/h2>\n            <p style=\"text-align: center; max-width: 700px; margin: 0 auto 2rem auto; color: #555;\">Eipuru ko m\u00e9todo pe lista &#8220;Ojejoko ramoit\u00e9va&#8221; o\u0129ramo nandi t\u00e9r\u00e3 ejokos\u00e9ramo mba\u2019e\u2019apo\u2019\u1ef9 oiko mboyve.<\/p>\n            \n            <div class=\"steps-container\">\n                <div class=\"step-card\">\n                    <div class=\"step-number\">1<\/div>\n                    <div class=\"step-content\">\n                        <h3 class=\"step-title\">Eike pe \u00d1embohekor\u00e3me<\/h3>\n                        <p class=\"step-text\">Ejapo umi tembiapor\u00e3 1-4 m\u00e9todo yma guar\u00e9gui reguah\u1ebd hag\u0303ua &#8220;Eheja pete\u0129 app jeike carpeta Controlada rupive&#8221; pantalla-pe.<\/p>\n                    <\/div>\n                <\/div>\n\n                <div class=\"step-card\">\n                    <div class=\"step-number\">2<\/div>\n                    <div class=\"step-content\">\n                        <h3 class=\"step-title\">Eheka pe Programa rehegua<\/h3>\n                        <p class=\"step-text\">Emboguejy <strong>+ Emo\u0129 pete\u0129 app ojehej\u00e1va<\/strong>, ha katu ko\u2019\u00e1\u011da eiporavo <strong>Ejesareko opaite app rehe<\/strong>.<\/p>\n                    <\/div>\n                <\/div>\n\n                <div class=\"step-card\">\n                    <div class=\"step-number\">3<\/div>\n                    <div class=\"step-content\">\n                        <h3 class=\"step-title\">Eheka Convertir Ejecutable rehegua<\/h3>\n                        <p class=\"step-text\">Ojekuaauk\u00e1ta pete\u0129 archivo explorador vent\u00e1na. Eike pe kundaha remo\u0129 hagu\u00e9pe Convertir. Ehech\u00e1ke ko\u2019\u00e3 tenda est\u00e1ndar:<\/p>\n                        <div class=\"step-tips\">\n                            <h4>Tapeku\u00e9ra jepivegua: 1.1.<\/h4>\n                            <ul>\n                                <li><code>C:\\Users\\(YourUser)\\AppData\\Local\\Programs<\/code><\/li>\n                                <li><code>C:\\Program Files\\Convertify\\<\/code><\/li>\n                                <li><code>C:\\Program Files (x86)\\Convertify\\<\/code><\/li>\n                            <\/ul>\n                        <\/div>\n                        <p class=\"step-text\" style=\"margin-top: 1rem;\">Eiporavo pe aplicaci\u00f3n rembiapokue tenondegua <code>Convertify.exe<\/code> ha e\u00f1emboja <strong>Pe&#8217;a<\/strong>.<\/p>\n                    <\/div>\n                <\/div>\n                \n                <div class=\"step-card\">\n                    <div class=\"step-number\">4<\/div>\n                    <div class=\"step-content\">\n                        <h3 class=\"step-title\">Omoa\u00f1ete \u00c9xito<\/h3>\n                        <p class=\"step-text\">Convertify ojehechaukava\u2019er\u00e3 ko\u2019\u00e1\u011da &#8220;Aplicaciones permitidas&#8221; lista-pe. Ko\u2019\u00e1\u011da ikatu emboty Windows Security ha e\u00f1eha\u2019\u00e3 jey ne \u00f1emoambue.<\/p>\n                    <\/div>\n                <\/div>\n            <\/div>\n        <\/section>\n        \n        <!-- CTA Section -->\n        <section class=\"cta-section\">\n            <div class=\"cta-pattern\"><\/div>\n            <div class=\"cta-content\">\n                <h2 class=\"cta-title\">\u00bfO\u00f1esolusionapa provl\u00e9ma?<\/h2>\n                <p class=\"cta-text\">Ko\u2019\u00e1\u011da emohendap\u00e1ma ne \u00f1emboheko seguridad rehegua, ikatu revy\u2019a umi vore \u00f1embohasa\u2019\u1ef9re ha ijyvy\u2019\u1ef9va rehe Convertify rupive.<\/p>\n                <div class=\"hero-buttons\">\n                    <a href=\"\/download\" class=\"btn btn-primary\">Emboguejy Convertir<\/a>\n                    <a href=\"\/\" class=\"btn btn-secondary\">Ojevy \u00d3gape<\/a>\n                <\/div>\n            <\/div>\n        <\/section>\n    <\/div>\n\n<\/body>\n<\/html>\n\n\n\n<p><\/p>\n","protected":false},"excerpt":{"rendered":"<p>Carpeta Controlada Jeiker\u00e3 \u00d1emboguatar\u00e3 Windows-pe g\u0303uar\u00e3 Mba&#8217;\u00e9ichapa ikatu ojeheja Convertify &#8220;Acceso de Carpetas Controladas&#8221; rupive Windows-pe Windows ojok\u00f3va ne \u00f1embohasa? [&hellip;]<\/p>\n","protected":false},"author":1,"featured_media":0,"parent":0,"menu_order":0,"comment_status":"closed","ping_status":"closed","template":"","meta":{"pagelayer_contact_templates":[],"_pagelayer_content":"","_uag_custom_page_level_css":"","site-sidebar-layout":"default","site-content-layout":"","ast-site-content-layout":"","site-content-style":"default","site-sidebar-style":"default","ast-global-header-display":"","ast-banner-title-visibility":"","ast-main-header-display":"","ast-hfb-above-header-display":"","ast-hfb-below-header-display":"","ast-hfb-mobile-header-display":"","site-post-title":"disabled","ast-breadcrumbs-content":"","ast-featured-img":"","footer-sml-layout":"","theme-transparent-header-meta":"","adv-header-id-meta":"","stick-header-meta":"","header-above-stick-meta":"","header-main-stick-meta":"","header-below-stick-meta":"","astra-migrate-meta-layouts":"default","ast-page-background-enabled":"default","ast-page-background-meta":{"desktop":{"background-color":"var(--ast-global-color-5)","background-image":"","background-repeat":"repeat","background-position":"center center","background-size":"auto","background-attachment":"scroll","background-type":"","background-media":"","overlay-type":"","overlay-color":"","overlay-opacity":"","overlay-gradient":""},"tablet":{"background-color":"","background-image":"","background-repeat":"repeat","background-position":"center center","background-size":"auto","background-attachment":"scroll","background-type":"","background-media":"","overlay-type":"","overlay-color":"","overlay-opacity":"","overlay-gradient":""},"mobile":{"background-color":"","background-image":"","background-repeat":"repeat","background-position":"center center","background-size":"auto","background-attachment":"scroll","background-type":"","background-media":"","overlay-type":"","overlay-color":"","overlay-opacity":"","overlay-gradient":""}},"ast-content-background-meta":{"desktop":{"background-color":"var(--ast-global-color-4)","background-image":"","background-repeat":"repeat","background-position":"center center","background-size":"auto","background-attachment":"scroll","background-type":"","background-media":"","overlay-type":"","overlay-color":"","overlay-opacity":"","overlay-gradient":""},"tablet":{"background-color":"var(--ast-global-color-4)","background-image":"","background-repeat":"repeat","background-position":"center center","background-size":"auto","background-attachment":"scroll","background-type":"","background-media":"","overlay-type":"","overlay-color":"","overlay-opacity":"","overlay-gradient":""},"mobile":{"background-color":"var(--ast-global-color-4)","background-image":"","background-repeat":"repeat","background-position":"center center","background-size":"auto","background-attachment":"scroll","background-type":"","background-media":"","overlay-type":"","overlay-color":"","overlay-opacity":"","overlay-gradient":""}},"footnotes":""},"class_list":["post-3916","page","type-page","status-publish","hentry"],"uagb_featured_image_src":{"full":false,"thumbnail":false,"medium":false,"medium_large":false,"large":false,"1536x1536":false,"2048x2048":false,"woocommerce_thumbnail":false,"woocommerce_single":false,"woocommerce_gallery_thumbnail":false},"uagb_author_info":{"display_name":"convertify","author_link":"https:\/\/convertifypro.com\/author\/convertifypro\/"},"uagb_comment_info":0,"uagb_excerpt":"Carpeta Controlada Jeiker\u00e3 \u00d1emboguatar\u00e3 Windows-pe g\u0303uar\u00e3 Mba&#8217;\u00e9ichapa ikatu ojeheja Convertify &#8220;Acceso de Carpetas Controladas&#8221; rupive Windows-pe Windows ojok\u00f3va ne \u00f1embohasa? [&hellip;]","_links":{"self":[{"href":"https:\/\/convertifypro.com\/wp-json\/wp\/v2\/pages\/3916","targetHints":{"allow":["GET"]}}],"collection":[{"href":"https:\/\/convertifypro.com\/wp-json\/wp\/v2\/pages"}],"about":[{"href":"https:\/\/convertifypro.com\/wp-json\/wp\/v2\/types\/page"}],"author":[{"embeddable":true,"href":"https:\/\/convertifypro.com\/wp-json\/wp\/v2\/users\/1"}],"replies":[{"embeddable":true,"href":"https:\/\/convertifypro.com\/wp-json\/wp\/v2\/comments?post=3916"}],"version-history":[{"count":0,"href":"https:\/\/convertifypro.com\/wp-json\/wp\/v2\/pages\/3916\/revisions"}],"wp:attachment":[{"href":"https:\/\/convertifypro.com\/wp-json\/wp\/v2\/media?parent=3916"}],"curies":[{"name":"wp","href":"https:\/\/api.w.org\/{rel}","templated":true}]}}