{"id":3916,"date":"2025-11-24T02:44:57","date_gmt":"2025-11-24T02:44:57","guid":{"rendered":"https:\/\/convertifypro.com\/?page_id=3916"},"modified":"2025-11-25T00:39:18","modified_gmt":"2025-11-25T00:39:18","slug":"controlled-folder-access","status":"publish","type":"page","link":"https:\/\/convertifypro.com\/fi\/ohjatun-kansion-kayttoopas\/","title":{"rendered":"Ohjatun kansion k\u00e4ytt\u00f6opas"},"content":{"rendered":"\n<!DOCTYPE html>\n<html lang=\"en\">\n<head>\n    <meta charset=\"UTF-8\">\n    <meta name=\"viewport\" content=\"width=device-width, initial-scale=1.0\">\n    <title>Ohjattujen kansioiden k\u00e4ytt\u00f6opas Windowsille<\/title>\n    <!-- Font Awesome for Icons -->\n    <link rel=\"stylesheet\" href=\"https:\/\/cdnjs.cloudflare.com\/ajax\/libs\/font-awesome\/6.4.0\/css\/all.min.css\" xintegrity=\"sha512-iecdLmaskl7CVkqkXNQ\/ZH\/XLlvWZOJyj7Yy7tcenmpD1ypASozpmT\/E0iPtmFIB46ZmdtAc9eNBvH0H\/ZpiBw==\" crossorigin=\"anonymous\" referrerpolicy=\"no-referrer\" \/>\n    \n    <style>\n        \/* --- COPY FROM HERE DOWN FOR WORDPRESS --- *\/\n        :root {\n            --primary-color: #FD9800;\n            --primary-hover: #e88a00;\n            --text-color: #3A3A3A;\n            --light-bg: #f8faff;\n            --gradient-bg: linear-gradient(135deg, #f8faff 0%, #fff5e6 100%);\n            --box-shadow: 0 10px 30px rgba(0, 0, 0, 0.05);\n            --hover-shadow: 0 15px 35px rgba(0, 0, 0, 0.1);\n            --border-color: #f1f5f9;\n        }\n\n        \/* Main Wrapper *\/\n        .file-formats-section {\n            max-width: 1200px;\n            margin: 0 auto;\n            padding: 2rem 1.5rem;\n            font-family: 'Inter', 'Segoe UI', system-ui, -apple-system, sans-serif;\n            color: var(--text-color);\n        }\n\n        \/* Hero Section *\/\n        .hero-section {\n            text-align: center;\n            padding: 3rem 1rem;\n            margin-bottom: 3rem;\n            background: var(--gradient-bg);\n            border-radius: 16px;\n            position: relative;\n            overflow: hidden;\n        }\n\n        .hero-pattern {\n            position: absolute;\n            top: 0; left: 0; right: 0; bottom: 0;\n            background-image: url(\"data:image\/svg+xml,%3Csvg width='60' height='60' viewBox='0 0 60 60' xmlns='http:\/\/www.w3.org\/2000\/svg'%3E%3Cg fill='none' fill-rule='evenodd'%3E%3Cg fill='%23fd9800' fill-opacity='0.05'%3E%3Cpath d='M36 34v-4h-2v4h-4v2h4v4h2v-4h4v-2h-4zm0-30V0h-2v4h-4v2h4v4h2V6h4V4h-4zM6 34v-4H4v4H0v2h4v4h2v-4h4v-2H6zM6 4V0H4v4H0v2h4v4h2V6h4V4H6z'\/%3E%3C\/g%3E%3C\/g%3E%3C\/svg%3E\");\n            opacity: 0.5;\n            z-index: 0;\n        }\n\n        .hero-content {\n            position: relative;\n            z-index: 1;\n            max-width: 800px;\n            margin: 0 auto;\n        }\n\n        .hero-title {\n            font-size: 2.5rem;\n            font-weight: 800;\n            margin-bottom: 1.5rem;\n            color: var(--text-color);\n            line-height: 1.2;\n        }\n\n        .hero-subtitle {\n            font-size: 1.25rem;\n            margin-bottom: 2rem;\n            color: #555;\n            line-height: 1.6;\n        }\n\n        .hero-badges {\n            display: flex;\n            flex-wrap: wrap;\n            justify-content: center;\n            gap: 1rem;\n            margin-bottom: 2rem;\n        }\n\n        .hero-badge {\n            display: flex;\n            align-items: center;\n            background: white;\n            border-radius: 50px;\n            padding: 0.5rem 1rem;\n            box-shadow: var(--box-shadow);\n            transition: all 0.3s ease;\n            border: 1px solid var(--border-color);\n        }\n\n        .hero-badge:hover {\n            transform: translateY(-3px);\n            box-shadow: var(--hover-shadow);\n            border-color: rgba(253, 152, 0, 0.3);\n        }\n\n        .hero-badge-icon {\n            color: var(--primary-color);\n            margin-right: 0.5rem;\n            font-size: 1rem;\n        }\n\n        .hero-badge-text {\n            font-size: 0.9rem;\n            font-weight: 600;\n            color: var(--text-color);\n        }\n\n        .hero-buttons {\n            display: flex;\n            justify-content: center;\n            gap: 1rem;\n            flex-wrap: wrap;\n        }\n\n        .btn {\n            display: inline-block;\n            padding: 0.75rem 1.5rem;\n            border-radius: 8px;\n            font-weight: 600;\n            text-decoration: none !important;\n            transition: all 0.3s ease;\n            cursor: pointer;\n            font-size: 1rem;\n        }\n\n        .btn-primary {\n            background-color: var(--primary-color);\n            color: white !important;\n            box-shadow: 0 8px 16px rgba(253, 152, 0, 0.2);\n            border: none;\n        }\n\n        .btn-primary:hover {\n            background-color: var(--primary-hover);\n            transform: translateY(-2px);\n        }\n\n        .btn-secondary {\n            background-color: white;\n            color: var(--primary-color) !important;\n            border: 1px solid var(--border-color);\n        }\n\n        .btn-secondary:hover {\n            background-color: #fff5e6;\n            transform: translateY(-2px);\n        }\n\n        \/* Sections *\/\n        .intro-section, .workflow-section { margin-bottom: 4rem; }\n        \n        .section-container {\n            background: white;\n            border-radius: 16px;\n            padding: 2rem;\n            box-shadow: var(--box-shadow);\n            border: 1px solid var(--border-color);\n        }\n        \n        .section-title {\n            font-size: 2.2rem;\n            font-weight: 700;\n            text-align: center;\n            margin-bottom: 2.5rem;\n            color: var(--text-color);\n        }\n\n        .intro-content {\n            font-size: 1.1rem;\n            line-height: 1.8;\n            color: #555;\n        }\n        \n        .intro-content p { margin-bottom: 1.5rem; }\n\n        \/* Step Cards *\/\n        .steps-container {\n            max-width: 900px;\n            margin: 0 auto;\n        }\n        \n        .step-card {\n            display: flex;\n            align-items: flex-start;\n            background: white;\n            border-radius: 16px;\n            padding: 2rem;\n            box-shadow: var(--box-shadow);\n            margin-bottom: 2rem;\n            border: 1px solid var(--border-color);\n            transition: all 0.3s ease;\n        }\n        \n        .step-card:hover {\n            transform: translateY(-5px);\n            box-shadow: var(--hover-shadow);\n            border-color: rgba(253, 152, 0, 0.3);\n        }\n        \n        .step-number {\n            width: 50px;\n            height: 50px;\n            background-color: rgba(253, 152, 0, 0.15);\n            color: var(--primary-color);\n            border-radius: 50%;\n            display: flex;\n            align-items: center;\n            justify-content: center;\n            font-size: 1.5rem;\n            font-weight: 700;\n            margin-right: 1.5rem;\n            flex-shrink: 0;\n            transition: all 0.3s ease;\n        }\n        \n        .step-card:hover .step-number {\n            background: linear-gradient(135deg, #FD9800 0%, #FF6D00 100%);\n            color: white;\n            box-shadow: 0 10px 20px rgba(253, 152, 0, 0.2);\n        }\n        \n        .step-content { flex: 1; }\n        \n        .step-title {\n            font-size: 1.4rem;\n            font-weight: 700;\n            margin-bottom: 0.75rem;\n            color: var(--text-color);\n        }\n        \n        .step-text {\n            font-size: 1rem;\n            color: #555;\n            line-height: 1.6;\n            margin-bottom: 1.5rem;\n        }\n\n        \/* Tips Box *\/\n        .step-tips {\n            background-color: var(--light-bg);\n            border-radius: 8px;\n            padding: 1rem 1.5rem;\n            border-left: 3px solid var(--primary-color);\n        }\n        \n        .step-tips h4 {\n            font-size: 1.1rem;\n            font-weight: 700;\n            margin-bottom: 0.5rem;\n            color: var(--text-color);\n            margin-top: 0;\n        }\n        \n        .step-tips ul { margin: 0; padding-left: 1.5rem; }\n        .step-tips li { margin-bottom: 0.5rem; color: #555; }\n        \n        \/* Code\/Path styling *\/\n        code {\n            background-color: #eee;\n            padding: 2px 6px;\n            border-radius: 4px;\n            font-family: 'Courier New', Courier, monospace;\n            color: #d63384;\n            font-size: 0.9em;\n        }\n\n        \/* CTA Section *\/\n        .cta-section {\n            text-align: center;\n            padding: 3rem 1rem;\n            background: var(--gradient-bg);\n            border-radius: 16px;\n            position: relative;\n            overflow: hidden;\n            margin-bottom: 2rem;\n        }\n        \n        .cta-pattern {\n            position: absolute;\n            top: 0; left: 0; right: 0; bottom: 0;\n            background-image: url(\"data:image\/svg+xml,%3Csvg width='60' height='60' viewBox='0 0 60 60' xmlns='http:\/\/www.w3.org\/2000\/svg'%3E%3Cg fill='none' fill-rule='evenodd'%3E%3Cg fill='%23fd9800' fill-opacity='0.05'%3E%3Cpath d='M36 34v-4h-2v4h-4v2h4v4h2v-4h4v-2h-4zm0-30V0h-2v4h-4v2h4v4h2V6h4V4h-4zM6 34v-4H4v4H0v2h4v4h2v-4h4v-2H6zM6 4V0H4v4H0v2h4v4h2v-4h4v-2H6zM6 4V0H4v4H0v2h4v4h2V6h4V4H6z'\/%3E%3C\/g%3E%3C\/g%3E%3C\/svg%3E\");\n            opacity: 0.5;\n            z-index: 0;\n        }\n        \n        .cta-content { position: relative; z-index: 1; max-width: 800px; margin: 0 auto; }\n        .cta-title { font-size: 2.2rem; font-weight: 700; margin-bottom: 1.5rem; color: var(--text-color); }\n        .cta-text { font-size: 1.1rem; margin-bottom: 2rem; color: #555; line-height: 1.6; }\n\n        \/* Responsive *\/\n        @media (max-width: 768px) {\n            .hero-title { font-size: 2rem; }\n            .step-card { flex-direction: column; }\n            .step-number { margin-bottom: 1rem; }\n        }\n    <\/style>\n<\/head>\n<body>\n\n    <!-- Main Wrapper Content to Copy -->\n    <div class=\"file-formats-section\">\n        \n        <!-- Hero Section -->\n        <section class=\"hero-section\">\n            <div class=\"hero-pattern\"><\/div>\n            <div class=\"hero-content\">\n                <h1 class=\"hero-title\">Kuinka sallia muuntaminen &#8221;Controlled Folder Access&#8221; -sovelluksen kautta Windowsissa<\/h1>\n                <p class=\"hero-subtitle\">Est\u00e4\u00e4k\u00f6 Windows konversiosi? Opi lis\u00e4\u00e4m\u00e4\u00e4n muuntaminen sallittujen luetteloon Windows 11:n suojausasetuksissa varmistaaksesi sujuvan toiminnan ja samalla tietokoneesi turvassa.<\/p>\n                \n                <div class=\"hero-badges\">\n                    <div class=\"hero-badge\">\n                        <span class=\"hero-badge-icon\"><i class=\"fab fa-windows\"><\/i><\/span>\n                        <span class=\"hero-badge-text\">Windows 10 ja 11<\/span>\n                    <\/div>\n                    <div class=\"hero-badge\">\n                        <span class=\"hero-badge-icon\"><i class=\"fas fa-shield-alt\"><\/i><\/span>\n                        <span class=\"hero-badge-text\">Suojausasetukset<\/span>\n                    <\/div>\n                    <div class=\"hero-badge\">\n                        <span class=\"hero-badge-icon\"><i class=\"fas fa-clock\"><\/i><\/span>\n                        <span class=\"hero-badge-text\">2 minuutin korjaus<\/span>\n                    <\/div>\n                <\/div>\n                \n                <div class=\"hero-buttons\">\n                    <a href=\"#method-1\" class=\"btn btn-primary\">Nopea menetelm\u00e4<\/a>\n                    <a href=\"#method-2\" class=\"btn btn-secondary\">Manuaalinen menetelm\u00e4<\/a>\n                <\/div>\n            <\/div>\n        <\/section>\n        \n        <!-- Intro Section -->\n        <section class=\"intro-section\">\n            <div class=\"section-container\">\n                <h2 class=\"section-title\">Miksi Windows est\u00e4\u00e4 Convertifyn?<\/h2>\n                <div class=\"intro-content\">\n                    <p>Olet ehk\u00e4 saanut ilmoituksen, jonka mukaan Convertify on estetty tekem\u00e4st\u00e4 muutoksia tiettyyn kansioon. T\u00e4m\u00e4 johtuu Windowsin suojausominaisuudesta nimelt\u00e4 <strong>Hallittu kansion k\u00e4ytt\u00f6<\/strong>.<\/p>\n                    <p>T\u00e4m\u00e4 ominaisuus on suunniteltu est\u00e4m\u00e4\u00e4n tuntemattomia ohjelmia luomasta tai muokkaamasta tiedostoja suojatuissa henkil\u00f6kohtaisissa kansioissasi (kuten Documents, Desktop tai Pictures) kiristysohjelmien est\u00e4miseksi.<\/p>\n                    <p>Koska Convertify on tiedostojen muunnosty\u00f6kalu, sen ensisijaisena teht\u00e4v\u00e4n\u00e4 on luoda uusia, muunnettuja tiedostoja (esim. <code>.png<\/code> osaksi a <code>.jpg<\/code>). Windows saattaa virheellisesti merkit\u00e4 t\u00e4m\u00e4n laillisen toiminnon ep\u00e4ilytt\u00e4v\u00e4ksi toiminnaksi. Lis\u00e4\u00e4m\u00e4ll\u00e4 Convertifyn sallittujen luetteloon annat sille erityiset luvat, joita se tarvitsee tiedostojesi tallentamiseen.<\/p>\n                <\/div>\n            <\/div>\n        <\/section>\n\n        <!-- Method 1 -->\n        <section id=\"method-1\" class=\"workflow-section\">\n            <h2 class=\"section-title\">Tapa 1: &#8221;\u00c4skett\u00e4in estetty&#8221; korjaus (helpoin)<\/h2>\n            <p style=\"text-align: center; max-width: 700px; margin: 0 auto 2rem auto; color: #555;\">K\u00e4yt\u00e4 t\u00e4t\u00e4 menetelm\u00e4\u00e4, jos sait juuri ilmoituksen, ett\u00e4 Convertify on estetty.<\/p>\n            \n            <div class=\"steps-container\">\n                <div class=\"step-card\">\n                    <div class=\"step-number\">1<\/div>\n                    <div class=\"step-content\">\n                        <h3 class=\"step-title\">Avaa Windowsin suojaus<\/h3>\n                        <p class=\"step-text\">Napsauta <strong>Windows K\u00e4ynnist\u00e4<\/strong> painike, kirjoita <strong>&#8221;Windowsin suojaus&#8221;<\/strong> hakupalkkiin ja avaa kojelauta painamalla Enter.<\/p>\n                    <\/div>\n                <\/div>\n\n                <div class=\"step-card\">\n                    <div class=\"step-number\">2<\/div>\n                    <div class=\"step-content\">\n                        <h3 class=\"step-title\">Siirry kohtaan Virus- ja uhkatorjunta<\/h3>\n                        <p class=\"step-text\">Etsi vasemmanpuoleisesta valikosta kilpikuvake <strong>Virus- ja uhkien suojaus<\/strong> ja napsauta sit\u00e4.<\/p>\n                    <\/div>\n                <\/div>\n\n                <div class=\"step-card\">\n                    <div class=\"step-number\">3<\/div>\n                    <div class=\"step-content\">\n                        <h3 class=\"step-title\">Hallitse Ransomware-suojausta<\/h3>\n                        <p class=\"step-text\">Vierit\u00e4 alas alempaan osioon, jossa on otsikko &#8221;Ransomware-suojaus&#8221;. Napsauta sinist\u00e4 linkki\u00e4, jossa lukee <strong>Hallitse kiristysohjelmasuojausta<\/strong>.<\/p>\n                    <\/div>\n                <\/div>\n\n                <div class=\"step-card\">\n                    <div class=\"step-number\">4<\/div>\n                    <div class=\"step-content\">\n                        <h3 class=\"step-title\">Siirry Salliluetteloon<\/h3>\n                        <p class=\"step-text\">Napsauta <strong>Salli sovellukselle Hallitun kansion k\u00e4ytt\u00f6<\/strong>. (Huomaa: Sinun on ehk\u00e4 napsautettava &#8221;Kyll\u00e4&#8221; K\u00e4ytt\u00e4j\u00e4tilien valvonta -kehotteessa).<\/p>\n                    <\/div>\n                <\/div>\n\n                <div class=\"step-card\">\n                    <div class=\"step-number\">5<\/div>\n                    <div class=\"step-content\">\n                        <h3 class=\"step-title\">Lis\u00e4\u00e4 Muunna<\/h3>\n                        <p class=\"step-text\">Napsauta <strong>+ Lis\u00e4\u00e4 sallittu sovellus<\/strong> -painiketta ja valitse <strong>\u00c4skett\u00e4in estetyt sovellukset<\/strong>.<\/p>\n                        <div class=\"step-tips\">\n                            <h4>Provinkki:<\/h4>\n                            <ul>\n                                <li>Etsi <code>Convertify.exe<\/code> luettelossa. Sill\u00e4 on yleens\u00e4 aikaleima, joka vastaa konversiosi ep\u00e4onnistumista.<\/li>\n                                <li>Napsauta <strong>+<\/strong> vieress\u00e4 olevaa painiketta, jos haluat lis\u00e4t\u00e4 sen heti sallittujen luetteloon.<\/li>\n                            <\/ul>\n                        <\/div>\n                    <\/div>\n                <\/div>\n            <\/div>\n        <\/section>\n\n        <!-- Method 2 -->\n        <section id=\"method-2\" class=\"workflow-section\">\n            <h2 class=\"section-title\">Tapa 2: Manuaalinen menetelm\u00e4<\/h2>\n            <p style=\"text-align: center; max-width: 700px; margin: 0 auto 2rem auto; color: #555;\">K\u00e4yt\u00e4 t\u00e4t\u00e4 menetelm\u00e4\u00e4, jos &#8221;\u00c4skett\u00e4in estetyt&#8221; -luettelo on tyhj\u00e4 tai jos haluat est\u00e4\u00e4 ongelmat ennen kuin ne tapahtuvat.<\/p>\n            \n            <div class=\"steps-container\">\n                <div class=\"step-card\">\n                    <div class=\"step-number\">1<\/div>\n                    <div class=\"step-content\">\n                        <h3 class=\"step-title\">Siirry kohtaan Asetus<\/h3>\n                        <p class=\"step-text\">Noudata edellisen menetelm\u00e4n vaiheita 1\u20134 p\u00e4\u00e4st\u00e4ksesi &#8221;Salli sovelluksen k\u00e4ytt\u00f6 valvotun kansion kautta&#8221; -n\u00e4ytt\u00f6\u00f6n.<\/p>\n                    <\/div>\n                <\/div>\n\n                <div class=\"step-card\">\n                    <div class=\"step-number\">2<\/div>\n                    <div class=\"step-content\">\n                        <h3 class=\"step-title\">Selaa ohjelmaa<\/h3>\n                        <p class=\"step-text\">Napsauta <strong>+ Lis\u00e4\u00e4 sallittu sovellus<\/strong>, mutta t\u00e4ll\u00e4 kertaa valitse <strong>Selaa kaikkia sovelluksia<\/strong>.<\/p>\n                    <\/div>\n                <\/div>\n\n                <div class=\"step-card\">\n                    <div class=\"step-number\">3<\/div>\n                    <div class=\"step-content\">\n                        <h3 class=\"step-title\">Etsi Muunna suoritettava<\/h3>\n                        <p class=\"step-text\">Tiedostonhallintaikkuna avautuu. Siirry kansioon, johon asensit Convertifyn. Tarkista n\u00e4m\u00e4 vakiopaikat:<\/p>\n                        <div class=\"step-tips\">\n                            <h4>Yhteiset polut:<\/h4>\n                            <ul>\n                                <li><code>C:\\Users\\(YourUser)\\AppData\\Local\\Programs<\/code><\/li>\n                                <li><code>C:\\Program Files\\Convertify\\<\/code><\/li>\n                                <li><code>C:\\Program Files (x86)\\Convertify\\<\/code><\/li>\n                            <\/ul>\n                        <\/div>\n                        <p class=\"step-text\" style=\"margin-top: 1rem;\">Valitse p\u00e4\u00e4sovellustiedosto <code>Convertify.exe<\/code> ja napsauta <strong>Avaa<\/strong>.<\/p>\n                    <\/div>\n                <\/div>\n                \n                <div class=\"step-card\">\n                    <div class=\"step-number\">4<\/div>\n                    <div class=\"step-content\">\n                        <h3 class=\"step-title\">Vahvista menestys<\/h3>\n                        <p class=\"step-text\">Muunna pit\u00e4isi nyt n\u00e4ky\u00e4 Sallittujen sovellusten luettelossa. Voit nyt sulkea Windowsin suojauksen ja yritt\u00e4\u00e4 muuntamista uudelleen.<\/p>\n                    <\/div>\n                <\/div>\n            <\/div>\n        <\/section>\n        \n        <!-- CTA Section -->\n        <section class=\"cta-section\">\n            <div class=\"cta-pattern\"><\/div>\n            <div class=\"cta-content\">\n                <h2 class=\"cta-title\">Ongelma ratkaistu?<\/h2>\n                <p class=\"cta-text\">Nyt kun olet m\u00e4\u00e4ritt\u00e4nyt suojausasetuksesi, voit nauttia saumattomista, rajattomista tiedostomuunnoksista Convertifyn avulla.<\/p>\n                <div class=\"hero-buttons\">\n                    <a href=\"\/download\" class=\"btn btn-primary\">Lataa Convertify<\/a>\n                    <a href=\"\/\" class=\"btn btn-secondary\">Takaisin etusivulle<\/a>\n                <\/div>\n            <\/div>\n        <\/section>\n    <\/div>\n\n<\/body>\n<\/html>\n\n\n\n<p><\/p>\n","protected":false},"excerpt":{"rendered":"<p>Ohjattujen kansioiden k\u00e4ytt\u00f6opas Windowsille Kuinka sallia muuntaminen &#8221;Controlled Folder Access&#8221; -sovelluksen kautta Windowsissa Est\u00e4\u00e4k\u00f6 Windows konversiosi? Opi lis\u00e4\u00e4m\u00e4\u00e4n muuntaminen sallittujen [&hellip;]<\/p>\n","protected":false},"author":1,"featured_media":0,"parent":0,"menu_order":0,"comment_status":"closed","ping_status":"closed","template":"","meta":{"pagelayer_contact_templates":[],"_pagelayer_content":"","_uag_custom_page_level_css":"","site-sidebar-layout":"default","site-content-layout":"","ast-site-content-layout":"","site-content-style":"default","site-sidebar-style":"default","ast-global-header-display":"","ast-banner-title-visibility":"","ast-main-header-display":"","ast-hfb-above-header-display":"","ast-hfb-below-header-display":"","ast-hfb-mobile-header-display":"","site-post-title":"disabled","ast-breadcrumbs-content":"","ast-featured-img":"","footer-sml-layout":"","theme-transparent-header-meta":"","adv-header-id-meta":"","stick-header-meta":"","header-above-stick-meta":"","header-main-stick-meta":"","header-below-stick-meta":"","astra-migrate-meta-layouts":"default","ast-page-background-enabled":"default","ast-page-background-meta":{"desktop":{"background-color":"var(--ast-global-color-5)","background-image":"","background-repeat":"repeat","background-position":"center center","background-size":"auto","background-attachment":"scroll","background-type":"","background-media":"","overlay-type":"","overlay-color":"","overlay-opacity":"","overlay-gradient":""},"tablet":{"background-color":"","background-image":"","background-repeat":"repeat","background-position":"center center","background-size":"auto","background-attachment":"scroll","background-type":"","background-media":"","overlay-type":"","overlay-color":"","overlay-opacity":"","overlay-gradient":""},"mobile":{"background-color":"","background-image":"","background-repeat":"repeat","background-position":"center center","background-size":"auto","background-attachment":"scroll","background-type":"","background-media":"","overlay-type":"","overlay-color":"","overlay-opacity":"","overlay-gradient":""}},"ast-content-background-meta":{"desktop":{"background-color":"var(--ast-global-color-4)","background-image":"","background-repeat":"repeat","background-position":"center center","background-size":"auto","background-attachment":"scroll","background-type":"","background-media":"","overlay-type":"","overlay-color":"","overlay-opacity":"","overlay-gradient":""},"tablet":{"background-color":"var(--ast-global-color-4)","background-image":"","background-repeat":"repeat","background-position":"center center","background-size":"auto","background-attachment":"scroll","background-type":"","background-media":"","overlay-type":"","overlay-color":"","overlay-opacity":"","overlay-gradient":""},"mobile":{"background-color":"var(--ast-global-color-4)","background-image":"","background-repeat":"repeat","background-position":"center center","background-size":"auto","background-attachment":"scroll","background-type":"","background-media":"","overlay-type":"","overlay-color":"","overlay-opacity":"","overlay-gradient":""}},"footnotes":""},"class_list":["post-3916","page","type-page","status-publish","hentry"],"uagb_featured_image_src":{"full":false,"thumbnail":false,"medium":false,"medium_large":false,"large":false,"1536x1536":false,"2048x2048":false,"woocommerce_thumbnail":false,"woocommerce_single":false,"woocommerce_gallery_thumbnail":false},"uagb_author_info":{"display_name":"convertify","author_link":"https:\/\/convertifypro.com\/author\/convertifypro\/"},"uagb_comment_info":0,"uagb_excerpt":"Ohjattujen kansioiden k\u00e4ytt\u00f6opas Windowsille Kuinka sallia muuntaminen &#8221;Controlled Folder Access&#8221; -sovelluksen kautta Windowsissa Est\u00e4\u00e4k\u00f6 Windows konversiosi? Opi lis\u00e4\u00e4m\u00e4\u00e4n muuntaminen sallittujen [&hellip;]","_links":{"self":[{"href":"https:\/\/convertifypro.com\/wp-json\/wp\/v2\/pages\/3916","targetHints":{"allow":["GET"]}}],"collection":[{"href":"https:\/\/convertifypro.com\/wp-json\/wp\/v2\/pages"}],"about":[{"href":"https:\/\/convertifypro.com\/wp-json\/wp\/v2\/types\/page"}],"author":[{"embeddable":true,"href":"https:\/\/convertifypro.com\/wp-json\/wp\/v2\/users\/1"}],"replies":[{"embeddable":true,"href":"https:\/\/convertifypro.com\/wp-json\/wp\/v2\/comments?post=3916"}],"version-history":[{"count":0,"href":"https:\/\/convertifypro.com\/wp-json\/wp\/v2\/pages\/3916\/revisions"}],"wp:attachment":[{"href":"https:\/\/convertifypro.com\/wp-json\/wp\/v2\/media?parent=3916"}],"curies":[{"name":"wp","href":"https:\/\/api.w.org\/{rel}","templated":true}]}}