{"id":2760,"date":"2025-03-21T05:00:00","date_gmt":"2025-03-21T05:00:00","guid":{"rendered":"https:\/\/convertifypro.com\/?page_id=2760"},"modified":"2026-03-19T04:18:04","modified_gmt":"2026-03-19T04:18:04","slug":"support","status":"publish","type":"page","link":"https:\/\/convertifypro.com\/fi\/ota-yhteytta\/","title":{"rendered":"Ota yhteytt\u00e4"},"content":{"rendered":"<style class=\"wpcode-css-snippet\">\/* Overall container with enhanced aesthetics *\/\r\n.pagelayer-contact-form-div.pagelayer-contact-form-holder {\r\n  max-width: 800px;\r\n  margin: 60px auto;\r\n  background: #ffffff;\r\n  border-radius: 16px;\r\n  padding: 45px 55px;\r\n  box-shadow: 0 15px 40px rgba(0, 0, 0, 0.08);\r\n  font-family: 'Poppins', sans-serif;\r\n  color: #333;\r\n  position: relative;\r\n  overflow: hidden;\r\n}\r\n\r\n\/* Decorative accent *\/\r\n.pagelayer-contact-form-div.pagelayer-contact-form-holder::before {\r\n  content: '';\r\n  position: absolute;\r\n  top: 0;\r\n  right: 0;\r\n  width: 300px;\r\n  height: 300px;\r\n  background: radial-gradient(circle, rgba(233, 140, 0, 0.07) 0%, rgba(255, 255, 255, 0) 70%);\r\n  z-index: 0;\r\n  transform: translate(30%, -30%);\r\n}\r\n\r\n\/* Content positioning *\/\r\n.pagelayer-contact-form-div * {\r\n  position: relative;\r\n  z-index: 1;\r\n}\r\n\r\n\/* Message boxes with animations *\/\r\n.pagelayer-message-box {\r\n  padding: 18px 24px;\r\n  border-radius: 12px;\r\n  font-size: 15px;\r\n  text-align: center;\r\n  margin-bottom: 30px;\r\n  display: none;\r\n  font-weight: 500;\r\n  box-shadow: 0 4px 12px rgba(0, 0, 0, 0.05);\r\n  animation: fadeIn 0.3s ease;\r\n}\r\n\r\n@keyframes fadeIn {\r\n  from { opacity: 0; transform: translateY(-10px); }\r\n  to { opacity: 1; transform: translateY(0); }\r\n}\r\n\r\n.pagelayer-message-top {\r\n  background: #e3f2fd;\r\n  color: #1565c0;\r\n  border-left: 4px solid #1565c0;\r\n}\r\n\r\n.pagelayer-message-bottom {\r\n  background: #ffebee;\r\n  color: #c62828;\r\n  border-left: 4px solid #c62828;\r\n}\r\n\r\n\/* Form layout *\/\r\n.pagelayer-contact-form {\r\n  display: flex;\r\n  flex-direction: column;\r\n}\r\n\r\n.pagelayer-contact-holder > div {\r\n  margin-bottom: 28px;\r\n}\r\n\r\n\/* Labels with animation *\/\r\n.pagelayer-contact-form label {\r\n  display: block;\r\n  margin-bottom: 10px;\r\n  font-size: 16px;\r\n  font-weight: 600;\r\n  color: #333;\r\n  transition: color 0.3s ease;\r\n}\r\n\r\n\/* Modern inputs with enhanced focus states *\/\r\n.pagelayer-contact-form input[type=\"text\"],\r\n.pagelayer-contact-form input[type=\"email\"],\r\n.pagelayer-contact-form textarea {\r\n  width: 100%;\r\n  padding: 16px 18px;\r\n  border-radius: 12px;\r\n  border: 2px solid #e0e0e0;\r\n  font-size: 16px;\r\n  background-color: #fafafa;\r\n  transition: all 0.3s ease;\r\n  box-shadow: inset 0 2px 4px rgba(0, 0, 0, 0.02);\r\n}\r\n\r\n.pagelayer-contact-form input[type=\"text\"]:hover,\r\n.pagelayer-contact-form input[type=\"email\"]:hover,\r\n.pagelayer-contact-form textarea:hover {\r\n  border-color: #d0d0d0;\r\n}\r\n\r\n.pagelayer-contact-form input[type=\"text\"]:focus,\r\n.pagelayer-contact-form input[type=\"email\"]:focus,\r\n.pagelayer-contact-form textarea:focus {\r\n  outline: none;\r\n  border-color: #E98C00;\r\n  background-color: #fff;\r\n  box-shadow: 0 0 0 4px rgba(233, 140, 0, 0.1);\r\n}\r\n\r\n\/* Textarea improvements *\/\r\n.pagelayer-contact-form textarea {\r\n  resize: vertical;\r\n  min-height: 140px;\r\n  line-height: 1.6;\r\n}\r\n\r\n\/* Radio\/checkbox styling *\/\r\n.pagelayer-radcheck-holder {\r\n  display: flex;\r\n  align-items: center;\r\n  flex-wrap: wrap;\r\n  font-size: 15px;\r\n  gap: 12px;\r\n}\r\n\r\n.pagelayer-radcheck-holder > div {\r\n  margin-right: 30px;\r\n  display: flex;\r\n  align-items: center;\r\n}\r\n\r\n.pagelayer-radcheck-holder input[type=\"radio\"],\r\n.pagelayer-radcheck-holder input[type=\"checkbox\"] {\r\n  accent-color: #E98C00;\r\n  transform: scale(1.2);\r\n  margin-right: 8px;\r\n  cursor: pointer;\r\n}\r\n\r\n\/* Modern submit button with hover effect *\/\r\n.pagelayer-contact-submit-holder {\r\n  text-align: center;\r\n  margin-top: 35px;\r\n}\r\n\r\n.pagelayer-contact-submit-btn {\r\n  background: linear-gradient(135deg, #E98C00, #ff9d1e);\r\n  color: #fff;\r\n  border: none;\r\n  padding: 16px 36px;\r\n  border-radius: 12px;\r\n  font-size: 17px;\r\n  font-weight: 600;\r\n  cursor: pointer;\r\n  display: inline-flex;\r\n  align-items: center;\r\n  transition: all 0.3s ease;\r\n  box-shadow: 0 6px 15px rgba(233, 140, 0, 0.2);\r\n  position: relative;\r\n  overflow: hidden;\r\n}\r\n\r\n.pagelayer-contact-submit-btn::before {\r\n  content: '';\r\n  position: absolute;\r\n  top: 0;\r\n  left: -100%;\r\n  width: 100%;\r\n  height: 100%;\r\n  background: linear-gradient(90deg, rgba(255,255,255,0) 0%, rgba(255,255,255,0.2) 50%, rgba(255,255,255,0) 100%);\r\n  transition: all 0.6s ease;\r\n}\r\n\r\n.pagelayer-contact-submit-btn:hover {\r\n  background: linear-gradient(135deg, #ff9d1e, #E98C00);\r\n  transform: translateY(-3px);\r\n  box-shadow: 0 8px 20px rgba(233, 140, 0, 0.3);\r\n}\r\n\r\n.pagelayer-contact-submit-btn:hover::before {\r\n  left: 100%;\r\n}\r\n\r\n.pagelayer-contact-submit-btn:active {\r\n  transform: translateY(-1px);\r\n}\r\n\r\n.pagelayer-contact-submit-btn i {\r\n  margin-right: 10px;\r\n}\r\n\r\n\/* Privacy policy and GDPR links container *\/\r\n.pagelayer-form-privacy-holder {\r\n  margin-top: 25px;\r\n  text-align: center;\r\n  font-size: 14px;\r\n  color: #666;\r\n  line-height: 1.6;\r\n}\r\n\r\n\/* Links styling with animation *\/\r\n.pagelayer-form-privacy-holder a {\r\n  color: #E98C00;\r\n  text-decoration: none;\r\n  font-weight: 500;\r\n  transition: all 0.3s ease;\r\n  position: relative;\r\n}\r\n\r\n.pagelayer-form-privacy-holder a:hover {\r\n  color: #ff9d1e;\r\n}\r\n\r\n.pagelayer-form-privacy-holder a::after {\r\n  content: '';\r\n  position: absolute;\r\n  width: 100%;\r\n  height: 1px;\r\n  bottom: -2px;\r\n  left: 0;\r\n  background-color: #E98C00;\r\n  transform: scaleX(0);\r\n  transform-origin: bottom right;\r\n  transition: transform 0.3s ease;\r\n}\r\n\r\n.pagelayer-form-privacy-holder a:hover::after {\r\n  transform: scaleX(1);\r\n  transform-origin: bottom left;\r\n}\r\n\r\n\/* Responsive design *\/\r\n@media (max-width: 768px) {\r\n  .pagelayer-contact-form-div.pagelayer-contact-form-holder {\r\n    padding: 35px 30px;\r\n    margin: 30px auto;\r\n  }\r\n  \r\n  .pagelayer-contact-submit-btn {\r\n    width: 100%;\r\n    justify-content: center;\r\n  }\r\n}\r\n\r\n@media (max-width: 480px) {\r\n  .pagelayer-contact-form-div.pagelayer-contact-form-holder {\r\n    padding: 25px 20px;\r\n    margin: 15px;\r\n    border-radius: 12px;\r\n  }\r\n}<\/style>\n\n\n\n<div style=\"height:30px\" aria-hidden=\"true\" class=\"wp-block-spacer\"><\/div>\n\n\n\n<h2 class=\"wp-block-heading has-text-align-center\">Ota yhteytt\u00e4 tukeen<\/h2>\n\n\n\n\n\n\n\n\n\n\n\n\n\n\n\n\n\n\n\n<div class=\"wp-block-uagb-advanced-heading uagb-block-705aadc6\"><h4 class=\"uagb-heading-text\"><a href=\"\/privacy\" target=\"_blank\" rel=\"noreferrer noopener\">Tietosuojak\u00e4yt\u00e4nt\u00f6<\/a> &#8211; <a href=\"\/gdpr\" target=\"_blank\" rel=\"noreferrer noopener\">GDPR-ehdot<\/a><\/h4><\/div>\n","protected":false},"excerpt":{"rendered":"<p>Ota yhteytt\u00e4 tukeen Tietosuojak\u00e4yt\u00e4nt\u00f6 &#8211; GDPR-ehdot<\/p>\n","protected":false},"author":1,"featured_media":0,"parent":0,"menu_order":0,"comment_status":"closed","ping_status":"closed","template":"","meta":{"pagelayer_contact_templates":{"xhj5028":{"cont_use_html":"true"}},"_pagelayer_content":"","_uag_custom_page_level_css":"","site-sidebar-layout":"default","site-content-layout":"","ast-site-content-layout":"default","site-content-style":"default","site-sidebar-style":"default","ast-global-header-display":"","ast-banner-title-visibility":"","ast-main-header-display":"","ast-hfb-above-header-display":"","ast-hfb-below-header-display":"","ast-hfb-mobile-header-display":"","site-post-title":"disabled","ast-breadcrumbs-content":"","ast-featured-img":"","footer-sml-layout":"","theme-transparent-header-meta":"","adv-header-id-meta":"","stick-header-meta":"","header-above-stick-meta":"","header-main-stick-meta":"","header-below-stick-meta":"","astra-migrate-meta-layouts":"set","ast-page-background-enabled":"default","ast-page-background-meta":{"desktop":{"background-color":"var(--ast-global-color-4)","background-image":"","background-repeat":"repeat","background-position":"center center","background-size":"auto","background-attachment":"scroll","background-type":"","background-media":"","overlay-type":"","overlay-color":"","overlay-opacity":"","overlay-gradient":""},"tablet":{"background-color":"","background-image":"","background-repeat":"repeat","background-position":"center center","background-size":"auto","background-attachment":"scroll","background-type":"","background-media":"","overlay-type":"","overlay-color":"","overlay-opacity":"","overlay-gradient":""},"mobile":{"background-color":"","background-image":"","background-repeat":"repeat","background-position":"center center","background-size":"auto","background-attachment":"scroll","background-type":"","background-media":"","overlay-type":"","overlay-color":"","overlay-opacity":"","overlay-gradient":""}},"ast-content-background-meta":{"desktop":{"background-color":"var(--ast-global-color-5)","background-image":"","background-repeat":"repeat","background-position":"center center","background-size":"auto","background-attachment":"scroll","background-type":"","background-media":"","overlay-type":"","overlay-color":"","overlay-opacity":"","overlay-gradient":""},"tablet":{"background-color":"var(--ast-global-color-5)","background-image":"","background-repeat":"repeat","background-position":"center center","background-size":"auto","background-attachment":"scroll","background-type":"","background-media":"","overlay-type":"","overlay-color":"","overlay-opacity":"","overlay-gradient":""},"mobile":{"background-color":"var(--ast-global-color-5)","background-image":"","background-repeat":"repeat","background-position":"center center","background-size":"auto","background-attachment":"scroll","background-type":"","background-media":"","overlay-type":"","overlay-color":"","overlay-opacity":"","overlay-gradient":""}},"footnotes":""},"class_list":["post-2760","page","type-page","status-publish","hentry"],"uagb_featured_image_src":{"full":false,"thumbnail":false,"medium":false,"medium_large":false,"large":false,"1536x1536":false,"2048x2048":false,"woocommerce_thumbnail":false,"woocommerce_single":false,"woocommerce_gallery_thumbnail":false},"uagb_author_info":{"display_name":"convertify","author_link":"https:\/\/convertifypro.com\/author\/convertifypro\/"},"uagb_comment_info":0,"uagb_excerpt":"Ota yhteytt\u00e4 tukeen Tietosuojak\u00e4yt\u00e4nt\u00f6 &#8211; GDPR-ehdot","_links":{"self":[{"href":"https:\/\/convertifypro.com\/wp-json\/wp\/v2\/pages\/2760","targetHints":{"allow":["GET"]}}],"collection":[{"href":"https:\/\/convertifypro.com\/wp-json\/wp\/v2\/pages"}],"about":[{"href":"https:\/\/convertifypro.com\/wp-json\/wp\/v2\/types\/page"}],"author":[{"embeddable":true,"href":"https:\/\/convertifypro.com\/wp-json\/wp\/v2\/users\/1"}],"replies":[{"embeddable":true,"href":"https:\/\/convertifypro.com\/wp-json\/wp\/v2\/comments?post=2760"}],"version-history":[{"count":5,"href":"https:\/\/convertifypro.com\/wp-json\/wp\/v2\/pages\/2760\/revisions"}],"predecessor-version":[{"id":741337,"href":"https:\/\/convertifypro.com\/wp-json\/wp\/v2\/pages\/2760\/revisions\/741337"}],"wp:attachment":[{"href":"https:\/\/convertifypro.com\/wp-json\/wp\/v2\/media?parent=2760"}],"curies":[{"name":"wp","href":"https:\/\/api.w.org\/{rel}","templated":true}]}}