{"id":3916,"date":"2025-11-24T02:44:57","date_gmt":"2025-11-24T02:44:57","guid":{"rendered":"https:\/\/convertifypro.com\/?page_id=3916"},"modified":"2025-11-25T00:39:18","modified_gmt":"2025-11-25T00:39:18","slug":"controlled-folder-access","status":"publish","type":"page","link":"https:\/\/convertifypro.com\/eo\/gvidilo-pri-kontrolita-dosierujo\/","title":{"rendered":"Gvidilo pri Kontrolita Dosierujo"},"content":{"rendered":"\n<!DOCTYPE html>\n<html lang=\"en\">\n<head>\n    <meta charset=\"UTF-8\">\n    <meta name=\"viewport\" content=\"width=device-width, initial-scale=1.0\">\n    <title>Gvidilo pri Kontrolita Dosierujo por Aliro por Vindozo<\/title>\n    <!-- Font Awesome for Icons -->\n    <link rel=\"stylesheet\" href=\"https:\/\/cdnjs.cloudflare.com\/ajax\/libs\/font-awesome\/6.4.0\/css\/all.min.css\" xintegrity=\"sha512-iecdLmaskl7CVkqkXNQ\/ZH\/XLlvWZOJyj7Yy7tcenmpD1ypASozpmT\/E0iPtmFIB46ZmdtAc9eNBvH0H\/ZpiBw==\" crossorigin=\"anonymous\" referrerpolicy=\"no-referrer\" \/>\n    \n    <style>\n        \/* --- COPY FROM HERE DOWN FOR WORDPRESS --- *\/\n        :root {\n            --primary-color: #FD9800;\n            --primary-hover: #e88a00;\n            --text-color: #3A3A3A;\n            --light-bg: #f8faff;\n            --gradient-bg: linear-gradient(135deg, #f8faff 0%, #fff5e6 100%);\n            --box-shadow: 0 10px 30px rgba(0, 0, 0, 0.05);\n            --hover-shadow: 0 15px 35px rgba(0, 0, 0, 0.1);\n            --border-color: #f1f5f9;\n        }\n\n        \/* Main Wrapper *\/\n        .file-formats-section {\n            max-width: 1200px;\n            margin: 0 auto;\n            padding: 2rem 1.5rem;\n            font-family: 'Inter', 'Segoe UI', system-ui, -apple-system, sans-serif;\n            color: var(--text-color);\n        }\n\n        \/* Hero Section *\/\n        .hero-section {\n            text-align: center;\n            padding: 3rem 1rem;\n            margin-bottom: 3rem;\n            background: var(--gradient-bg);\n            border-radius: 16px;\n            position: relative;\n            overflow: hidden;\n        }\n\n        .hero-pattern {\n            position: absolute;\n            top: 0; left: 0; right: 0; bottom: 0;\n            background-image: url(\"data:image\/svg+xml,%3Csvg width='60' height='60' viewBox='0 0 60 60' xmlns='http:\/\/www.w3.org\/2000\/svg'%3E%3Cg fill='none' fill-rule='evenodd'%3E%3Cg fill='%23fd9800' fill-opacity='0.05'%3E%3Cpath d='M36 34v-4h-2v4h-4v2h4v4h2v-4h4v-2h-4zm0-30V0h-2v4h-4v2h4v4h2V6h4V4h-4zM6 34v-4H4v4H0v2h4v4h2v-4h4v-2H6zM6 4V0H4v4H0v2h4v4h2V6h4V4H6z'\/%3E%3C\/g%3E%3C\/g%3E%3C\/svg%3E\");\n            opacity: 0.5;\n            z-index: 0;\n        }\n\n        .hero-content {\n            position: relative;\n            z-index: 1;\n            max-width: 800px;\n            margin: 0 auto;\n        }\n\n        .hero-title {\n            font-size: 2.5rem;\n            font-weight: 800;\n            margin-bottom: 1.5rem;\n            color: var(--text-color);\n            line-height: 1.2;\n        }\n\n        .hero-subtitle {\n            font-size: 1.25rem;\n            margin-bottom: 2rem;\n            color: #555;\n            line-height: 1.6;\n        }\n\n        .hero-badges {\n            display: flex;\n            flex-wrap: wrap;\n            justify-content: center;\n            gap: 1rem;\n            margin-bottom: 2rem;\n        }\n\n        .hero-badge {\n            display: flex;\n            align-items: center;\n            background: white;\n            border-radius: 50px;\n            padding: 0.5rem 1rem;\n            box-shadow: var(--box-shadow);\n            transition: all 0.3s ease;\n            border: 1px solid var(--border-color);\n        }\n\n        .hero-badge:hover {\n            transform: translateY(-3px);\n            box-shadow: var(--hover-shadow);\n            border-color: rgba(253, 152, 0, 0.3);\n        }\n\n        .hero-badge-icon {\n            color: var(--primary-color);\n            margin-right: 0.5rem;\n            font-size: 1rem;\n        }\n\n        .hero-badge-text {\n            font-size: 0.9rem;\n            font-weight: 600;\n            color: var(--text-color);\n        }\n\n        .hero-buttons {\n            display: flex;\n            justify-content: center;\n            gap: 1rem;\n            flex-wrap: wrap;\n        }\n\n        .btn {\n            display: inline-block;\n            padding: 0.75rem 1.5rem;\n            border-radius: 8px;\n            font-weight: 600;\n            text-decoration: none !important;\n            transition: all 0.3s ease;\n            cursor: pointer;\n            font-size: 1rem;\n        }\n\n        .btn-primary {\n            background-color: var(--primary-color);\n            color: white !important;\n            box-shadow: 0 8px 16px rgba(253, 152, 0, 0.2);\n            border: none;\n        }\n\n        .btn-primary:hover {\n            background-color: var(--primary-hover);\n            transform: translateY(-2px);\n        }\n\n        .btn-secondary {\n            background-color: white;\n            color: var(--primary-color) !important;\n            border: 1px solid var(--border-color);\n        }\n\n        .btn-secondary:hover {\n            background-color: #fff5e6;\n            transform: translateY(-2px);\n        }\n\n        \/* Sections *\/\n        .intro-section, .workflow-section { margin-bottom: 4rem; }\n        \n        .section-container {\n            background: white;\n            border-radius: 16px;\n            padding: 2rem;\n            box-shadow: var(--box-shadow);\n            border: 1px solid var(--border-color);\n        }\n        \n        .section-title {\n            font-size: 2.2rem;\n            font-weight: 700;\n            text-align: center;\n            margin-bottom: 2.5rem;\n            color: var(--text-color);\n        }\n\n        .intro-content {\n            font-size: 1.1rem;\n            line-height: 1.8;\n            color: #555;\n        }\n        \n        .intro-content p { margin-bottom: 1.5rem; }\n\n        \/* Step Cards *\/\n        .steps-container {\n            max-width: 900px;\n            margin: 0 auto;\n        }\n        \n        .step-card {\n            display: flex;\n            align-items: flex-start;\n            background: white;\n            border-radius: 16px;\n            padding: 2rem;\n            box-shadow: var(--box-shadow);\n            margin-bottom: 2rem;\n            border: 1px solid var(--border-color);\n            transition: all 0.3s ease;\n        }\n        \n        .step-card:hover {\n            transform: translateY(-5px);\n            box-shadow: var(--hover-shadow);\n            border-color: rgba(253, 152, 0, 0.3);\n        }\n        \n        .step-number {\n            width: 50px;\n            height: 50px;\n            background-color: rgba(253, 152, 0, 0.15);\n            color: var(--primary-color);\n            border-radius: 50%;\n            display: flex;\n            align-items: center;\n            justify-content: center;\n            font-size: 1.5rem;\n            font-weight: 700;\n            margin-right: 1.5rem;\n            flex-shrink: 0;\n            transition: all 0.3s ease;\n        }\n        \n        .step-card:hover .step-number {\n            background: linear-gradient(135deg, #FD9800 0%, #FF6D00 100%);\n            color: white;\n            box-shadow: 0 10px 20px rgba(253, 152, 0, 0.2);\n        }\n        \n        .step-content { flex: 1; }\n        \n        .step-title {\n            font-size: 1.4rem;\n            font-weight: 700;\n            margin-bottom: 0.75rem;\n            color: var(--text-color);\n        }\n        \n        .step-text {\n            font-size: 1rem;\n            color: #555;\n            line-height: 1.6;\n            margin-bottom: 1.5rem;\n        }\n\n        \/* Tips Box *\/\n        .step-tips {\n            background-color: var(--light-bg);\n            border-radius: 8px;\n            padding: 1rem 1.5rem;\n            border-left: 3px solid var(--primary-color);\n        }\n        \n        .step-tips h4 {\n            font-size: 1.1rem;\n            font-weight: 700;\n            margin-bottom: 0.5rem;\n            color: var(--text-color);\n            margin-top: 0;\n        }\n        \n        .step-tips ul { margin: 0; padding-left: 1.5rem; }\n        .step-tips li { margin-bottom: 0.5rem; color: #555; }\n        \n        \/* Code\/Path styling *\/\n        code {\n            background-color: #eee;\n            padding: 2px 6px;\n            border-radius: 4px;\n            font-family: 'Courier New', Courier, monospace;\n            color: #d63384;\n            font-size: 0.9em;\n        }\n\n        \/* CTA Section *\/\n        .cta-section {\n            text-align: center;\n            padding: 3rem 1rem;\n            background: var(--gradient-bg);\n            border-radius: 16px;\n            position: relative;\n            overflow: hidden;\n            margin-bottom: 2rem;\n        }\n        \n        .cta-pattern {\n            position: absolute;\n            top: 0; left: 0; right: 0; bottom: 0;\n            background-image: url(\"data:image\/svg+xml,%3Csvg width='60' height='60' viewBox='0 0 60 60' xmlns='http:\/\/www.w3.org\/2000\/svg'%3E%3Cg fill='none' fill-rule='evenodd'%3E%3Cg fill='%23fd9800' fill-opacity='0.05'%3E%3Cpath d='M36 34v-4h-2v4h-4v2h4v4h2v-4h4v-2h-4zm0-30V0h-2v4h-4v2h4v4h2V6h4V4h-4zM6 34v-4H4v4H0v2h4v4h2v-4h4v-2H6zM6 4V0H4v4H0v2h4v4h2v-4h4v-2H6zM6 4V0H4v4H0v2h4v4h2V6h4V4H6z'\/%3E%3C\/g%3E%3C\/g%3E%3C\/svg%3E\");\n            opacity: 0.5;\n            z-index: 0;\n        }\n        \n        .cta-content { position: relative; z-index: 1; max-width: 800px; margin: 0 auto; }\n        .cta-title { font-size: 2.2rem; font-weight: 700; margin-bottom: 1.5rem; color: var(--text-color); }\n        .cta-text { font-size: 1.1rem; margin-bottom: 2rem; color: #555; line-height: 1.6; }\n\n        \/* Responsive *\/\n        @media (max-width: 768px) {\n            .hero-title { font-size: 2rem; }\n            .step-card { flex-direction: column; }\n            .step-number { margin-bottom: 1rem; }\n        }\n    <\/style>\n<\/head>\n<body>\n\n    <!-- Main Wrapper Content to Copy -->\n    <div class=\"file-formats-section\">\n        \n        <!-- Hero Section -->\n        <section class=\"hero-section\">\n            <div class=\"hero-pattern\"><\/div>\n            <div class=\"hero-content\">\n                <h1 class=\"hero-title\">Kiel permesi Konverti\u011don per &#8220;Kontrolita Dosierujo-Aliro&#8221; en Vindozo<\/h1>\n                <p class=\"hero-subtitle\">Vindozo blokas viajn konverti\u011dojn? Lernu kiel blanklistigi Konverti en Vindozo 11 Sekurecajn agordojn por certigi glatan funkciadon dum tenas vian komputilon sekura.<\/p>\n                \n                <div class=\"hero-badges\">\n                    <div class=\"hero-badge\">\n                        <span class=\"hero-badge-icon\"><i class=\"fab fa-windows\"><\/i><\/span>\n                        <span class=\"hero-badge-text\">Vindozo 10 &#038; 11<\/span>\n                    <\/div>\n                    <div class=\"hero-badge\">\n                        <span class=\"hero-badge-icon\"><i class=\"fas fa-shield-alt\"><\/i><\/span>\n                        <span class=\"hero-badge-text\">Sekurecaj Agordoj<\/span>\n                    <\/div>\n                    <div class=\"hero-badge\">\n                        <span class=\"hero-badge-icon\"><i class=\"fas fa-clock\"><\/i><\/span>\n                        <span class=\"hero-badge-text\">2 Minuta Riparo<\/span>\n                    <\/div>\n                <\/div>\n                \n                <div class=\"hero-buttons\">\n                    <a href=\"#method-1\" class=\"btn btn-primary\">Rapida Metodo<\/a>\n                    <a href=\"#method-2\" class=\"btn btn-secondary\">Mana Metodo<\/a>\n                <\/div>\n            <\/div>\n        <\/section>\n        \n        <!-- Intro Section -->\n        <section class=\"intro-section\">\n            <div class=\"section-container\">\n                <h2 class=\"section-title\">Kial Vindozo blokas Convertify?<\/h2>\n                <div class=\"intro-content\">\n                    <p>Vi eble ricevis sciigon deklarante ke Convertify estis blokita de fari \u015dan\u011dojn al specifa dosierujo. \u0108i tio estas pro Vindoza sekureca funkcio nomata <strong>Kontrolita Dosierujo-Aliro<\/strong>.<\/p>\n                    <p>\u0108i tiu funkcio estas desegnita por malhelpi nekonatajn programojn krei a\u016d modifi dosierojn en viaj protektitaj personaj dosierujoj (kiel Dokumentoj, Labortablo a\u016d Bildoj) por malhelpi ransomware.<\/p>\n                    <p>\u0108ar Convertify estas dosierkonverta ilo, \u011dia \u0109efa tasko estas krei novajn, konvertitajn dosierojn (ekz., turni <code>.png<\/code> en a <code>.jpg<\/code>). Vindozo povas erare marki \u0109i tiun legitiman agon kiel suspektinda konduto. Blanklistigante Convertify, vi donas al \u011di la specifan permeson, kiun \u011di bezonas por konservi viajn dosierojn.<\/p>\n                <\/div>\n            <\/div>\n        <\/section>\n\n        <!-- Method 1 -->\n        <section id=\"method-1\" class=\"workflow-section\">\n            <h2 class=\"section-title\">Metodo 1: La Riparo &#8220;Lastatempe Blokita&#8221; (Plej Facila)<\/h2>\n            <p style=\"text-align: center; max-width: 700px; margin: 0 auto 2rem auto; color: #555;\">Uzu \u0109i tiun metodon se vi \u0135us ricevis sciigon, ke Convertify estis blokita.<\/p>\n            \n            <div class=\"steps-container\">\n                <div class=\"step-card\">\n                    <div class=\"step-number\">1<\/div>\n                    <div class=\"step-content\">\n                        <h3 class=\"step-title\">Malfermu Vindozan Sekurecon<\/h3>\n                        <p class=\"step-text\">Alklaku la <strong>Windows Start<\/strong> butono, tajpu <strong>&#8220;Vindoza Sekureco&#8221;<\/strong> en la ser\u0109breton, kaj premu Enter por malfermi la panelon.<\/p>\n                    <\/div>\n                <\/div>\n\n                <div class=\"step-card\">\n                    <div class=\"step-number\">2<\/div>\n                    <div class=\"step-content\">\n                        <h3 class=\"step-title\">Iru al Protekto pri Virusoj kaj Minacoj<\/h3>\n                        <p class=\"step-text\">En la maldekstra mano, ser\u0109u la \u015dildan ikonon etikeditan <strong>Protekto kontra\u016d virusoj kaj minacoj<\/strong> kaj alklaku \u011din.<\/p>\n                    <\/div>\n                <\/div>\n\n                <div class=\"step-card\">\n                    <div class=\"step-number\">3<\/div>\n                    <div class=\"step-content\">\n                        <h3 class=\"step-title\">Administri Ransomware Protekto<\/h3>\n                        <p class=\"step-text\">Rulumu malsupren al la malsupra sekcio etikedita &#8220;Ransomware-protekto&#8221;. Alklaku la bluan ligilon, kiu diras <strong>Administri protekton pri ransomware<\/strong>.<\/p>\n                    <\/div>\n                <\/div>\n\n                <div class=\"step-card\">\n                    <div class=\"step-number\">4<\/div>\n                    <div class=\"step-content\">\n                        <h3 class=\"step-title\">Aliru la Permesitan Liston<\/h3>\n                        <p class=\"step-text\">Klaku sur <strong>Permesu apon per Kontrolita dosierujo-aliro<\/strong>. (Noto: Vi eble bezonos alklaki &#8220;Jes&#8221; \u0109e uzantkontrolo de uzanto-konto).<\/p>\n                    <\/div>\n                <\/div>\n\n                <div class=\"step-card\">\n                    <div class=\"step-number\">5<\/div>\n                    <div class=\"step-content\">\n                        <h3 class=\"step-title\">Aldoni Konverti<\/h3>\n                        <p class=\"step-text\">Alklaku la <strong>+ Aldonu permesitan apon<\/strong> butonon kaj elektu <strong>Lastatempe blokitaj apoj<\/strong>.<\/p>\n                        <div class=\"step-tips\">\n                            <h4>Profesia Konsilo:<\/h4>\n                            <ul>\n                                <li>Ser\u0109u <code>Convertify.exe<\/code> en la listo. \u011ci kutime havos tempomarkon kongruan kiam via konverti\u011do malsukcesis.<\/li>\n                                <li>Alklaku la <strong>+<\/strong> butono apud \u011di por blanklistigi \u011din tuj.<\/li>\n                            <\/ul>\n                        <\/div>\n                    <\/div>\n                <\/div>\n            <\/div>\n        <\/section>\n\n        <!-- Method 2 -->\n        <section id=\"method-2\" class=\"workflow-section\">\n            <h2 class=\"section-title\">Metodo 2: La Manlibro-Metodo<\/h2>\n            <p style=\"text-align: center; max-width: 700px; margin: 0 auto 2rem auto; color: #555;\">Uzu \u0109i tiun metodon se la listo &#8220;Lastatempe blokita&#8221; estas malplena a\u016d se vi volas malhelpi problemojn anta\u016d ol ili okazos.<\/p>\n            \n            <div class=\"steps-container\">\n                <div class=\"step-card\">\n                    <div class=\"step-number\">1<\/div>\n                    <div class=\"step-content\">\n                        <h3 class=\"step-title\">Iru al la Agordo<\/h3>\n                        <p class=\"step-text\">Sekvu la pa\u015dojn 1-4 de la anta\u016da metodo por atingi la ekranon &#8220;Permesi apon per Kontrolita dosierujo-aliro&#8221;.<\/p>\n                    <\/div>\n                <\/div>\n\n                <div class=\"step-card\">\n                    <div class=\"step-number\">2<\/div>\n                    <div class=\"step-content\">\n                        <h3 class=\"step-title\">Ser\u0109u la Programon<\/h3>\n                        <p class=\"step-text\">Klaku <strong>+ Aldonu permesitan apon<\/strong>, sed \u0109i-foje elektu <strong>Foliumi \u0109iujn apojn<\/strong>.<\/p>\n                    <\/div>\n                <\/div>\n\n                <div class=\"step-card\">\n                    <div class=\"step-number\">3<\/div>\n                    <div class=\"step-content\">\n                        <h3 class=\"step-title\">Loku Convertify Executable<\/h3>\n                        <p class=\"step-text\">Aperi\u011dos fenestro de esploristo de dosieroj. Iru al la dosierujo kie vi instalis Convertify. Kontrolu \u0109i tiujn normajn lokojn:<\/p>\n                        <div class=\"step-tips\">\n                            <h4>Komunaj Vojetoj:<\/h4>\n                            <ul>\n                                <li><code>C:\\Users\\(YourUser)\\AppData\\Local\\Programs<\/code><\/li>\n                                <li><code>C:\\Program Files\\Convertify\\<\/code><\/li>\n                                <li><code>C:\\Program Files (x86)\\Convertify\\<\/code><\/li>\n                            <\/ul>\n                        <\/div>\n                        <p class=\"step-text\" style=\"margin-top: 1rem;\">Elektu la \u0109efan aplikan dosieron <code>Convertify.exe<\/code> kaj klaku <strong>Malfermu<\/strong>.<\/p>\n                    <\/div>\n                <\/div>\n                \n                <div class=\"step-card\">\n                    <div class=\"step-number\">4<\/div>\n                    <div class=\"step-content\">\n                        <h3 class=\"step-title\">Kontrolu Sukceson<\/h3>\n                        <p class=\"step-text\">Convertify nun devus aperi en la listo de &#8220;Permesitaj programoj&#8221;. Vi nun povas fermi Vindozan Sekurecon kaj provi vian konverti\u011don denove.<\/p>\n                    <\/div>\n                <\/div>\n            <\/div>\n        <\/section>\n        \n        <!-- CTA Section -->\n        <section class=\"cta-section\">\n            <div class=\"cta-pattern\"><\/div>\n            <div class=\"cta-content\">\n                <h2 class=\"cta-title\">Problemo Solvita?<\/h2>\n                <p class=\"cta-text\">Nun kiam vi agordis viajn sekurecajn agordojn, vi povas \u011dui senlimajn kaj senlimajn dosierojn konverti\u011dojn per Convertify.<\/p>\n                <div class=\"hero-buttons\">\n                    <a href=\"\/download\" class=\"btn btn-primary\">El\u015dutu Convertify<\/a>\n                    <a href=\"\/\" class=\"btn btn-secondary\">Reen al Hejmo<\/a>\n                <\/div>\n            <\/div>\n        <\/section>\n    <\/div>\n\n<\/body>\n<\/html>\n\n\n\n<p><\/p>\n","protected":false},"excerpt":{"rendered":"<p>Gvidilo pri Kontrolita Dosierujo por Aliro por Vindozo Kiel permesi Konverti\u011don per &#8220;Kontrolita Dosierujo-Aliro&#8221; en Vindozo Vindozo blokas viajn konverti\u011dojn? [&hellip;]<\/p>\n","protected":false},"author":1,"featured_media":0,"parent":0,"menu_order":0,"comment_status":"closed","ping_status":"closed","template":"","meta":{"pagelayer_contact_templates":[],"_pagelayer_content":"","_uag_custom_page_level_css":"","site-sidebar-layout":"default","site-content-layout":"","ast-site-content-layout":"","site-content-style":"default","site-sidebar-style":"default","ast-global-header-display":"","ast-banner-title-visibility":"","ast-main-header-display":"","ast-hfb-above-header-display":"","ast-hfb-below-header-display":"","ast-hfb-mobile-header-display":"","site-post-title":"disabled","ast-breadcrumbs-content":"","ast-featured-img":"","footer-sml-layout":"","theme-transparent-header-meta":"","adv-header-id-meta":"","stick-header-meta":"","header-above-stick-meta":"","header-main-stick-meta":"","header-below-stick-meta":"","astra-migrate-meta-layouts":"default","ast-page-background-enabled":"default","ast-page-background-meta":{"desktop":{"background-color":"var(--ast-global-color-5)","background-image":"","background-repeat":"repeat","background-position":"center center","background-size":"auto","background-attachment":"scroll","background-type":"","background-media":"","overlay-type":"","overlay-color":"","overlay-opacity":"","overlay-gradient":""},"tablet":{"background-color":"","background-image":"","background-repeat":"repeat","background-position":"center center","background-size":"auto","background-attachment":"scroll","background-type":"","background-media":"","overlay-type":"","overlay-color":"","overlay-opacity":"","overlay-gradient":""},"mobile":{"background-color":"","background-image":"","background-repeat":"repeat","background-position":"center center","background-size":"auto","background-attachment":"scroll","background-type":"","background-media":"","overlay-type":"","overlay-color":"","overlay-opacity":"","overlay-gradient":""}},"ast-content-background-meta":{"desktop":{"background-color":"var(--ast-global-color-4)","background-image":"","background-repeat":"repeat","background-position":"center center","background-size":"auto","background-attachment":"scroll","background-type":"","background-media":"","overlay-type":"","overlay-color":"","overlay-opacity":"","overlay-gradient":""},"tablet":{"background-color":"var(--ast-global-color-4)","background-image":"","background-repeat":"repeat","background-position":"center center","background-size":"auto","background-attachment":"scroll","background-type":"","background-media":"","overlay-type":"","overlay-color":"","overlay-opacity":"","overlay-gradient":""},"mobile":{"background-color":"var(--ast-global-color-4)","background-image":"","background-repeat":"repeat","background-position":"center center","background-size":"auto","background-attachment":"scroll","background-type":"","background-media":"","overlay-type":"","overlay-color":"","overlay-opacity":"","overlay-gradient":""}},"footnotes":""},"class_list":["post-3916","page","type-page","status-publish","hentry"],"uagb_featured_image_src":{"full":false,"thumbnail":false,"medium":false,"medium_large":false,"large":false,"1536x1536":false,"2048x2048":false,"woocommerce_thumbnail":false,"woocommerce_single":false,"woocommerce_gallery_thumbnail":false},"uagb_author_info":{"display_name":"convertify","author_link":"https:\/\/convertifypro.com\/author\/convertifypro\/"},"uagb_comment_info":0,"uagb_excerpt":"Gvidilo pri Kontrolita Dosierujo por Aliro por Vindozo Kiel permesi Konverti\u011don per &#8220;Kontrolita Dosierujo-Aliro&#8221; en Vindozo Vindozo blokas viajn konverti\u011dojn? [&hellip;]","_links":{"self":[{"href":"https:\/\/convertifypro.com\/wp-json\/wp\/v2\/pages\/3916","targetHints":{"allow":["GET"]}}],"collection":[{"href":"https:\/\/convertifypro.com\/wp-json\/wp\/v2\/pages"}],"about":[{"href":"https:\/\/convertifypro.com\/wp-json\/wp\/v2\/types\/page"}],"author":[{"embeddable":true,"href":"https:\/\/convertifypro.com\/wp-json\/wp\/v2\/users\/1"}],"replies":[{"embeddable":true,"href":"https:\/\/convertifypro.com\/wp-json\/wp\/v2\/comments?post=3916"}],"version-history":[{"count":0,"href":"https:\/\/convertifypro.com\/wp-json\/wp\/v2\/pages\/3916\/revisions"}],"wp:attachment":[{"href":"https:\/\/convertifypro.com\/wp-json\/wp\/v2\/media?parent=3916"}],"curies":[{"name":"wp","href":"https:\/\/api.w.org\/{rel}","templated":true}]}}