{"id":3916,"date":"2025-11-24T02:44:57","date_gmt":"2025-11-24T02:44:57","guid":{"rendered":"https:\/\/convertifypro.com\/?page_id=3916"},"modified":"2025-11-25T00:39:18","modified_gmt":"2025-11-25T00:39:18","slug":"controlled-folder-access","status":"publish","type":"page","link":"https:\/\/convertifypro.com\/ca\/guia-dacces-controlat-a-carpetes\/","title":{"rendered":"Guia d'acc\u00e9s controlat a carpetes"},"content":{"rendered":"\n<!DOCTYPE html>\n<html lang=\"en\">\n<head>\n    <meta charset=\"UTF-8\">\n    <meta name=\"viewport\" content=\"width=device-width, initial-scale=1.0\">\n    <title>Guia d&#8217;acc\u00e9s controlat a les carpetes per a Windows<\/title>\n    <!-- Font Awesome for Icons -->\n    <link rel=\"stylesheet\" href=\"https:\/\/cdnjs.cloudflare.com\/ajax\/libs\/font-awesome\/6.4.0\/css\/all.min.css\" xintegrity=\"sha512-iecdLmaskl7CVkqkXNQ\/ZH\/XLlvWZOJyj7Yy7tcenmpD1ypASozpmT\/E0iPtmFIB46ZmdtAc9eNBvH0H\/ZpiBw==\" crossorigin=\"anonymous\" referrerpolicy=\"no-referrer\" \/>\n    \n    <style>\n        \/* --- COPY FROM HERE DOWN FOR WORDPRESS --- *\/\n        :root {\n            --primary-color: #FD9800;\n            --primary-hover: #e88a00;\n            --text-color: #3A3A3A;\n            --light-bg: #f8faff;\n            --gradient-bg: linear-gradient(135deg, #f8faff 0%, #fff5e6 100%);\n            --box-shadow: 0 10px 30px rgba(0, 0, 0, 0.05);\n            --hover-shadow: 0 15px 35px rgba(0, 0, 0, 0.1);\n            --border-color: #f1f5f9;\n        }\n\n        \/* Main Wrapper *\/\n        .file-formats-section {\n            max-width: 1200px;\n            margin: 0 auto;\n            padding: 2rem 1.5rem;\n            font-family: 'Inter', 'Segoe UI', system-ui, -apple-system, sans-serif;\n            color: var(--text-color);\n        }\n\n        \/* Hero Section *\/\n        .hero-section {\n            text-align: center;\n            padding: 3rem 1rem;\n            margin-bottom: 3rem;\n            background: var(--gradient-bg);\n            border-radius: 16px;\n            position: relative;\n            overflow: hidden;\n        }\n\n        .hero-pattern {\n            position: absolute;\n            top: 0; left: 0; right: 0; bottom: 0;\n            background-image: url(\"data:image\/svg+xml,%3Csvg width='60' height='60' viewBox='0 0 60 60' xmlns='http:\/\/www.w3.org\/2000\/svg'%3E%3Cg fill='none' fill-rule='evenodd'%3E%3Cg fill='%23fd9800' fill-opacity='0.05'%3E%3Cpath d='M36 34v-4h-2v4h-4v2h4v4h2v-4h4v-2h-4zm0-30V0h-2v4h-4v2h4v4h2V6h4V4h-4zM6 34v-4H4v4H0v2h4v4h2v-4h4v-2H6zM6 4V0H4v4H0v2h4v4h2V6h4V4H6z'\/%3E%3C\/g%3E%3C\/g%3E%3C\/svg%3E\");\n            opacity: 0.5;\n            z-index: 0;\n        }\n\n        .hero-content {\n            position: relative;\n            z-index: 1;\n            max-width: 800px;\n            margin: 0 auto;\n        }\n\n        .hero-title {\n            font-size: 2.5rem;\n            font-weight: 800;\n            margin-bottom: 1.5rem;\n            color: var(--text-color);\n            line-height: 1.2;\n        }\n\n        .hero-subtitle {\n            font-size: 1.25rem;\n            margin-bottom: 2rem;\n            color: #555;\n            line-height: 1.6;\n        }\n\n        .hero-badges {\n            display: flex;\n            flex-wrap: wrap;\n            justify-content: center;\n            gap: 1rem;\n            margin-bottom: 2rem;\n        }\n\n        .hero-badge {\n            display: flex;\n            align-items: center;\n            background: white;\n            border-radius: 50px;\n            padding: 0.5rem 1rem;\n            box-shadow: var(--box-shadow);\n            transition: all 0.3s ease;\n            border: 1px solid var(--border-color);\n        }\n\n        .hero-badge:hover {\n            transform: translateY(-3px);\n            box-shadow: var(--hover-shadow);\n            border-color: rgba(253, 152, 0, 0.3);\n        }\n\n        .hero-badge-icon {\n            color: var(--primary-color);\n            margin-right: 0.5rem;\n            font-size: 1rem;\n        }\n\n        .hero-badge-text {\n            font-size: 0.9rem;\n            font-weight: 600;\n            color: var(--text-color);\n        }\n\n        .hero-buttons {\n            display: flex;\n            justify-content: center;\n            gap: 1rem;\n            flex-wrap: wrap;\n        }\n\n        .btn {\n            display: inline-block;\n            padding: 0.75rem 1.5rem;\n            border-radius: 8px;\n            font-weight: 600;\n            text-decoration: none !important;\n            transition: all 0.3s ease;\n            cursor: pointer;\n            font-size: 1rem;\n        }\n\n        .btn-primary {\n            background-color: var(--primary-color);\n            color: white !important;\n            box-shadow: 0 8px 16px rgba(253, 152, 0, 0.2);\n            border: none;\n        }\n\n        .btn-primary:hover {\n            background-color: var(--primary-hover);\n            transform: translateY(-2px);\n        }\n\n        .btn-secondary {\n            background-color: white;\n            color: var(--primary-color) !important;\n            border: 1px solid var(--border-color);\n        }\n\n        .btn-secondary:hover {\n            background-color: #fff5e6;\n            transform: translateY(-2px);\n        }\n\n        \/* Sections *\/\n        .intro-section, .workflow-section { margin-bottom: 4rem; }\n        \n        .section-container {\n            background: white;\n            border-radius: 16px;\n            padding: 2rem;\n            box-shadow: var(--box-shadow);\n            border: 1px solid var(--border-color);\n        }\n        \n        .section-title {\n            font-size: 2.2rem;\n            font-weight: 700;\n            text-align: center;\n            margin-bottom: 2.5rem;\n            color: var(--text-color);\n        }\n\n        .intro-content {\n            font-size: 1.1rem;\n            line-height: 1.8;\n            color: #555;\n        }\n        \n        .intro-content p { margin-bottom: 1.5rem; }\n\n        \/* Step Cards *\/\n        .steps-container {\n            max-width: 900px;\n            margin: 0 auto;\n        }\n        \n        .step-card {\n            display: flex;\n            align-items: flex-start;\n            background: white;\n            border-radius: 16px;\n            padding: 2rem;\n            box-shadow: var(--box-shadow);\n            margin-bottom: 2rem;\n            border: 1px solid var(--border-color);\n            transition: all 0.3s ease;\n        }\n        \n        .step-card:hover {\n            transform: translateY(-5px);\n            box-shadow: var(--hover-shadow);\n            border-color: rgba(253, 152, 0, 0.3);\n        }\n        \n        .step-number {\n            width: 50px;\n            height: 50px;\n            background-color: rgba(253, 152, 0, 0.15);\n            color: var(--primary-color);\n            border-radius: 50%;\n            display: flex;\n            align-items: center;\n            justify-content: center;\n            font-size: 1.5rem;\n            font-weight: 700;\n            margin-right: 1.5rem;\n            flex-shrink: 0;\n            transition: all 0.3s ease;\n        }\n        \n        .step-card:hover .step-number {\n            background: linear-gradient(135deg, #FD9800 0%, #FF6D00 100%);\n            color: white;\n            box-shadow: 0 10px 20px rgba(253, 152, 0, 0.2);\n        }\n        \n        .step-content { flex: 1; }\n        \n        .step-title {\n            font-size: 1.4rem;\n            font-weight: 700;\n            margin-bottom: 0.75rem;\n            color: var(--text-color);\n        }\n        \n        .step-text {\n            font-size: 1rem;\n            color: #555;\n            line-height: 1.6;\n            margin-bottom: 1.5rem;\n        }\n\n        \/* Tips Box *\/\n        .step-tips {\n            background-color: var(--light-bg);\n            border-radius: 8px;\n            padding: 1rem 1.5rem;\n            border-left: 3px solid var(--primary-color);\n        }\n        \n        .step-tips h4 {\n            font-size: 1.1rem;\n            font-weight: 700;\n            margin-bottom: 0.5rem;\n            color: var(--text-color);\n            margin-top: 0;\n        }\n        \n        .step-tips ul { margin: 0; padding-left: 1.5rem; }\n        .step-tips li { margin-bottom: 0.5rem; color: #555; }\n        \n        \/* Code\/Path styling *\/\n        code {\n            background-color: #eee;\n            padding: 2px 6px;\n            border-radius: 4px;\n            font-family: 'Courier New', Courier, monospace;\n            color: #d63384;\n            font-size: 0.9em;\n        }\n\n        \/* CTA Section *\/\n        .cta-section {\n            text-align: center;\n            padding: 3rem 1rem;\n            background: var(--gradient-bg);\n            border-radius: 16px;\n            position: relative;\n            overflow: hidden;\n            margin-bottom: 2rem;\n        }\n        \n        .cta-pattern {\n            position: absolute;\n            top: 0; left: 0; right: 0; bottom: 0;\n            background-image: url(\"data:image\/svg+xml,%3Csvg width='60' height='60' viewBox='0 0 60 60' xmlns='http:\/\/www.w3.org\/2000\/svg'%3E%3Cg fill='none' fill-rule='evenodd'%3E%3Cg fill='%23fd9800' fill-opacity='0.05'%3E%3Cpath d='M36 34v-4h-2v4h-4v2h4v4h2v-4h4v-2h-4zm0-30V0h-2v4h-4v2h4v4h2V6h4V4h-4zM6 34v-4H4v4H0v2h4v4h2v-4h4v-2H6zM6 4V0H4v4H0v2h4v4h2v-4h4v-2H6zM6 4V0H4v4H0v2h4v4h2V6h4V4H6z'\/%3E%3C\/g%3E%3C\/g%3E%3C\/svg%3E\");\n            opacity: 0.5;\n            z-index: 0;\n        }\n        \n        .cta-content { position: relative; z-index: 1; max-width: 800px; margin: 0 auto; }\n        .cta-title { font-size: 2.2rem; font-weight: 700; margin-bottom: 1.5rem; color: var(--text-color); }\n        .cta-text { font-size: 1.1rem; margin-bottom: 2rem; color: #555; line-height: 1.6; }\n\n        \/* Responsive *\/\n        @media (max-width: 768px) {\n            .hero-title { font-size: 2rem; }\n            .step-card { flex-direction: column; }\n            .step-number { margin-bottom: 1rem; }\n        }\n    <\/style>\n<\/head>\n<body>\n\n    <!-- Main Wrapper Content to Copy -->\n    <div class=\"file-formats-section\">\n        \n        <!-- Hero Section -->\n        <section class=\"hero-section\">\n            <div class=\"hero-pattern\"><\/div>\n            <div class=\"hero-content\">\n                <h1 class=\"hero-title\">Com permetre la conversi\u00f3 mitjan\u00e7ant &#8220;Acc\u00e9s controlat a la carpeta&#8221; a Windows<\/h1>\n                <p class=\"hero-subtitle\">Windows bloqueja les vostres conversions? Obteniu informaci\u00f3 sobre com incloure a la llista blanca Convertixer a la configuraci\u00f3 de seguretat de Windows 11 per garantir un bon funcionament i mantenir el vostre ordinador segur.<\/p>\n                \n                <div class=\"hero-badges\">\n                    <div class=\"hero-badge\">\n                        <span class=\"hero-badge-icon\"><i class=\"fab fa-windows\"><\/i><\/span>\n                        <span class=\"hero-badge-text\">Windows 10 i 11<\/span>\n                    <\/div>\n                    <div class=\"hero-badge\">\n                        <span class=\"hero-badge-icon\"><i class=\"fas fa-shield-alt\"><\/i><\/span>\n                        <span class=\"hero-badge-text\">Configuraci\u00f3 de seguretat<\/span>\n                    <\/div>\n                    <div class=\"hero-badge\">\n                        <span class=\"hero-badge-icon\"><i class=\"fas fa-clock\"><\/i><\/span>\n                        <span class=\"hero-badge-text\">Fixaci\u00f3 de 2 minuts<\/span>\n                    <\/div>\n                <\/div>\n                \n                <div class=\"hero-buttons\">\n                    <a href=\"#method-1\" class=\"btn btn-primary\">M\u00e8tode r\u00e0pid<\/a>\n                    <a href=\"#method-2\" class=\"btn btn-secondary\">M\u00e8tode manual<\/a>\n                <\/div>\n            <\/div>\n        <\/section>\n        \n        <!-- Intro Section -->\n        <section class=\"intro-section\">\n            <div class=\"section-container\">\n                <h2 class=\"section-title\">Per qu\u00e8 Windows bloqueja Convertify?<\/h2>\n                <div class=\"intro-content\">\n                    <p>\u00c9s possible que hagis rebut una notificaci\u00f3 en qu\u00e8 s&#8217;indica que s&#8217;ha bloquejat Convertify per fer canvis en una carpeta espec\u00edfica. Aix\u00f2 es deu a una funci\u00f3 de seguretat de Windows anomenada <strong>Acc\u00e9s controlat a la carpeta<\/strong>.<\/p>\n                    <p>Aquesta funci\u00f3 est\u00e0 dissenyada per evitar que programes desconeguts cre\u00efn o modifiquin fitxers a les vostres carpetes personals protegides (com ara Documents, Escriptori o Imatges) per evitar el ransomware.<\/p>\n                    <p>Com que Convertify \u00e9s una eina de conversi\u00f3 de fitxers, la seva tasca principal \u00e9s crear fitxers nous convertits (per exemple, convertir un <code>.png<\/code> en a <code>.jpg<\/code>). Windows pot marcar per error aquesta acci\u00f3 leg\u00edtima com a comportament sospit\u00f3s. En afegir Convertify a la llista blanca, li concedeixes el perm\u00eds espec\u00edfic que necessita per desar els teus fitxers.<\/p>\n                <\/div>\n            <\/div>\n        <\/section>\n\n        <!-- Method 1 -->\n        <section id=\"method-1\" class=\"workflow-section\">\n            <h2 class=\"section-title\">M\u00e8tode 1: la soluci\u00f3 &#8220;Bloquejada recentment&#8221; (la m\u00e9s f\u00e0cil)<\/h2>\n            <p style=\"text-align: center; max-width: 700px; margin: 0 auto 2rem auto; color: #555;\">Utilitzeu aquest m\u00e8tode si acabeu de rebre una notificaci\u00f3 que s&#8217;ha bloquejat Convertify.<\/p>\n            \n            <div class=\"steps-container\">\n                <div class=\"step-card\">\n                    <div class=\"step-number\">1<\/div>\n                    <div class=\"step-content\">\n                        <h3 class=\"step-title\">Obriu Windows Security<\/h3>\n                        <p class=\"step-text\">Feu clic a <strong>Inici de Windows<\/strong> bot\u00f3, escriviu <strong>&#8220;Seguretat de Windows&#8221;<\/strong> a la barra de cerca i premeu Intro per obrir el tauler.<\/p>\n                    <\/div>\n                <\/div>\n\n                <div class=\"step-card\">\n                    <div class=\"step-number\">2<\/div>\n                    <div class=\"step-content\">\n                        <h3 class=\"step-title\">Aneu a Protecci\u00f3 contra virus i amenaces<\/h3>\n                        <p class=\"step-text\">Al men\u00fa de l&#8217;esquerra, cerqueu la icona de l&#8217;escut etiquetada <strong>Protecci\u00f3 contra virus i amenaces<\/strong> i feu-hi clic.<\/p>\n                    <\/div>\n                <\/div>\n\n                <div class=\"step-card\">\n                    <div class=\"step-number\">3<\/div>\n                    <div class=\"step-content\">\n                        <h3 class=\"step-title\">Gestioneu la protecci\u00f3 contra ransomware<\/h3>\n                        <p class=\"step-text\">Desplaceu-vos cap avall fins a la secci\u00f3 inferior anomenada &#8220;Protecci\u00f3 contra programari ransomware&#8221;. Feu clic a l&#8217;enlla\u00e7 blau que diu <strong>Gestioneu la protecci\u00f3 contra el ransomware<\/strong>.<\/p>\n                    <\/div>\n                <\/div>\n\n                <div class=\"step-card\">\n                    <div class=\"step-number\">4<\/div>\n                    <div class=\"step-content\">\n                        <h3 class=\"step-title\">Accediu a la llista d&#8217;autoritzacions<\/h3>\n                        <p class=\"step-text\">Feu clic a <strong>Permet una aplicaci\u00f3 mitjan\u00e7ant l&#8217;acc\u00e9s controlat a la carpeta<\/strong>. (Nota: \u00e9s possible que h\u00e0giu de fer clic a &#8220;S\u00ed&#8221; en una sol\u00b7licitud de control del compte d&#8217;usuari).<\/p>\n                    <\/div>\n                <\/div>\n\n                <div class=\"step-card\">\n                    <div class=\"step-number\">5<\/div>\n                    <div class=\"step-content\">\n                        <h3 class=\"step-title\">Afegeix Convertify<\/h3>\n                        <p class=\"step-text\">Feu clic a <strong>+ Afegeix una aplicaci\u00f3 permesa<\/strong> bot\u00f3 i seleccioneu <strong>Aplicacions bloquejades recentment<\/strong>.<\/p>\n                        <div class=\"step-tips\">\n                            <h4>Consell professional:<\/h4>\n                            <ul>\n                                <li>Busca <code>Convertify.exe<\/code> a la llista. Normalment tindr\u00e0 una marca de temps que coincideix amb la conversi\u00f3 quan falla.<\/li>\n                                <li>Feu clic a <strong>+<\/strong> bot\u00f3 al costat per a la llista blanca a l&#8217;instant.<\/li>\n                            <\/ul>\n                        <\/div>\n                    <\/div>\n                <\/div>\n            <\/div>\n        <\/section>\n\n        <!-- Method 2 -->\n        <section id=\"method-2\" class=\"workflow-section\">\n            <h2 class=\"section-title\">M\u00e8tode 2: El m\u00e8tode manual<\/h2>\n            <p style=\"text-align: center; max-width: 700px; margin: 0 auto 2rem auto; color: #555;\">Utilitzeu aquest m\u00e8tode si la llista &#8220;Bloquejats recentment&#8221; est\u00e0 buida o si voleu evitar problemes abans que es produeixin.<\/p>\n            \n            <div class=\"steps-container\">\n                <div class=\"step-card\">\n                    <div class=\"step-number\">1<\/div>\n                    <div class=\"step-content\">\n                        <h3 class=\"step-title\">Navegueu a la configuraci\u00f3<\/h3>\n                        <p class=\"step-text\">Seguiu els passos 1-4 del m\u00e8tode anterior per arribar a la pantalla &#8220;Permetre una aplicaci\u00f3 mitjan\u00e7ant l&#8217;acc\u00e9s controlat a la carpeta&#8221;.<\/p>\n                    <\/div>\n                <\/div>\n\n                <div class=\"step-card\">\n                    <div class=\"step-number\">2<\/div>\n                    <div class=\"step-content\">\n                        <h3 class=\"step-title\">Busqueu el programa<\/h3>\n                        <p class=\"step-text\">Feu clic <strong>+ Afegeix una aplicaci\u00f3 permesa<\/strong>, per\u00f2 aquesta vegada selecciona <strong>Navega per totes les aplicacions<\/strong>.<\/p>\n                    <\/div>\n                <\/div>\n\n                <div class=\"step-card\">\n                    <div class=\"step-number\">3<\/div>\n                    <div class=\"step-content\">\n                        <h3 class=\"step-title\">Localitzeu l&#8217;executable Convertify<\/h3>\n                        <p class=\"step-text\">Apareixer\u00e0 una finestra d&#8217;explorador de fitxers. Navegueu a la carpeta on heu instal\u00b7lat Convertify. Comproveu aquestes ubicacions est\u00e0ndard:<\/p>\n                        <div class=\"step-tips\">\n                            <h4>Camins comuns:<\/h4>\n                            <ul>\n                                <li><code>C:\\Users\\(YourUser)\\AppData\\Local\\Programs<\/code><\/li>\n                                <li><code>C:\\Program Files\\Convertify\\<\/code><\/li>\n                                <li><code>C:\\Program Files (x86)\\Convertify\\<\/code><\/li>\n                            <\/ul>\n                        <\/div>\n                        <p class=\"step-text\" style=\"margin-top: 1rem;\">Seleccioneu el fitxer principal de l&#8217;aplicaci\u00f3 <code>Convertify.exe<\/code> i feu clic <strong>Obert<\/strong>.<\/p>\n                    <\/div>\n                <\/div>\n                \n                <div class=\"step-card\">\n                    <div class=\"step-number\">4<\/div>\n                    <div class=\"step-content\">\n                        <h3 class=\"step-title\">Verifica l&#8217;\u00e8xit<\/h3>\n                        <p class=\"step-text\">Convertify hauria d&#8217;apar\u00e8ixer a la llista d'&#8221;Aplicacions permeses&#8221;. Ara podeu tancar la seguretat de Windows i tornar a provar la conversi\u00f3.<\/p>\n                    <\/div>\n                <\/div>\n            <\/div>\n        <\/section>\n        \n        <!-- CTA Section -->\n        <section class=\"cta-section\">\n            <div class=\"cta-pattern\"><\/div>\n            <div class=\"cta-content\">\n                <h2 class=\"cta-title\">Problema resolt?<\/h2>\n                <p class=\"cta-text\">Ara que heu configurat la vostra configuraci\u00f3 de seguretat, podeu gaudir de conversions de fitxers il\u00b7limitades i sense problemes amb Convertify.<\/p>\n                <div class=\"hero-buttons\">\n                    <a href=\"\/download\" class=\"btn btn-primary\">Descarrega Convertify<\/a>\n                    <a href=\"\/\" class=\"btn btn-secondary\">Tornar a casa<\/a>\n                <\/div>\n            <\/div>\n        <\/section>\n    <\/div>\n\n<\/body>\n<\/html>\n\n\n\n<p><\/p>\n","protected":false},"excerpt":{"rendered":"<p>Guia d&#8217;acc\u00e9s controlat a les carpetes per a Windows Com permetre la conversi\u00f3 mitjan\u00e7ant &#8220;Acc\u00e9s controlat a la carpeta&#8221; a [&hellip;]<\/p>\n","protected":false},"author":1,"featured_media":0,"parent":0,"menu_order":0,"comment_status":"closed","ping_status":"closed","template":"","meta":{"pagelayer_contact_templates":[],"_pagelayer_content":"","_uag_custom_page_level_css":"","site-sidebar-layout":"default","site-content-layout":"","ast-site-content-layout":"","site-content-style":"default","site-sidebar-style":"default","ast-global-header-display":"","ast-banner-title-visibility":"","ast-main-header-display":"","ast-hfb-above-header-display":"","ast-hfb-below-header-display":"","ast-hfb-mobile-header-display":"","site-post-title":"disabled","ast-breadcrumbs-content":"","ast-featured-img":"","footer-sml-layout":"","theme-transparent-header-meta":"","adv-header-id-meta":"","stick-header-meta":"","header-above-stick-meta":"","header-main-stick-meta":"","header-below-stick-meta":"","astra-migrate-meta-layouts":"default","ast-page-background-enabled":"default","ast-page-background-meta":{"desktop":{"background-color":"var(--ast-global-color-5)","background-image":"","background-repeat":"repeat","background-position":"center center","background-size":"auto","background-attachment":"scroll","background-type":"","background-media":"","overlay-type":"","overlay-color":"","overlay-opacity":"","overlay-gradient":""},"tablet":{"background-color":"","background-image":"","background-repeat":"repeat","background-position":"center center","background-size":"auto","background-attachment":"scroll","background-type":"","background-media":"","overlay-type":"","overlay-color":"","overlay-opacity":"","overlay-gradient":""},"mobile":{"background-color":"","background-image":"","background-repeat":"repeat","background-position":"center center","background-size":"auto","background-attachment":"scroll","background-type":"","background-media":"","overlay-type":"","overlay-color":"","overlay-opacity":"","overlay-gradient":""}},"ast-content-background-meta":{"desktop":{"background-color":"var(--ast-global-color-4)","background-image":"","background-repeat":"repeat","background-position":"center center","background-size":"auto","background-attachment":"scroll","background-type":"","background-media":"","overlay-type":"","overlay-color":"","overlay-opacity":"","overlay-gradient":""},"tablet":{"background-color":"var(--ast-global-color-4)","background-image":"","background-repeat":"repeat","background-position":"center center","background-size":"auto","background-attachment":"scroll","background-type":"","background-media":"","overlay-type":"","overlay-color":"","overlay-opacity":"","overlay-gradient":""},"mobile":{"background-color":"var(--ast-global-color-4)","background-image":"","background-repeat":"repeat","background-position":"center center","background-size":"auto","background-attachment":"scroll","background-type":"","background-media":"","overlay-type":"","overlay-color":"","overlay-opacity":"","overlay-gradient":""}},"footnotes":""},"class_list":["post-3916","page","type-page","status-publish","hentry"],"uagb_featured_image_src":{"full":false,"thumbnail":false,"medium":false,"medium_large":false,"large":false,"1536x1536":false,"2048x2048":false,"woocommerce_thumbnail":false,"woocommerce_single":false,"woocommerce_gallery_thumbnail":false},"uagb_author_info":{"display_name":"convertify","author_link":"https:\/\/convertifypro.com\/author\/convertifypro\/"},"uagb_comment_info":0,"uagb_excerpt":"Guia d&#8217;acc\u00e9s controlat a les carpetes per a Windows Com permetre la conversi\u00f3 mitjan\u00e7ant &#8220;Acc\u00e9s controlat a la carpeta&#8221; a [&hellip;]","_links":{"self":[{"href":"https:\/\/convertifypro.com\/wp-json\/wp\/v2\/pages\/3916","targetHints":{"allow":["GET"]}}],"collection":[{"href":"https:\/\/convertifypro.com\/wp-json\/wp\/v2\/pages"}],"about":[{"href":"https:\/\/convertifypro.com\/wp-json\/wp\/v2\/types\/page"}],"author":[{"embeddable":true,"href":"https:\/\/convertifypro.com\/wp-json\/wp\/v2\/users\/1"}],"replies":[{"embeddable":true,"href":"https:\/\/convertifypro.com\/wp-json\/wp\/v2\/comments?post=3916"}],"version-history":[{"count":0,"href":"https:\/\/convertifypro.com\/wp-json\/wp\/v2\/pages\/3916\/revisions"}],"wp:attachment":[{"href":"https:\/\/convertifypro.com\/wp-json\/wp\/v2\/media?parent=3916"}],"curies":[{"name":"wp","href":"https:\/\/api.w.org\/{rel}","templated":true}]}}