{"id":3916,"date":"2025-11-24T02:44:57","date_gmt":"2025-11-24T02:44:57","guid":{"rendered":"https:\/\/convertifypro.com\/?page_id=3916"},"modified":"2025-11-25T00:39:18","modified_gmt":"2025-11-25T00:39:18","slug":"controlled-folder-access","status":"publish","type":"page","link":"https:\/\/convertifypro.com\/az\/n%c9%99zar%c9%99t-olunan-qovluga-giris-b%c9%99l%c9%99dcisi\/","title":{"rendered":"N\u0259zar\u0259t olunan Qovlu\u011fa Giri\u015f B\u0259l\u0259d\u00e7isi"},"content":{"rendered":"\n<!DOCTYPE html>\n<html lang=\"en\">\n<head>\n    <meta charset=\"UTF-8\">\n    <meta name=\"viewport\" content=\"width=device-width, initial-scale=1.0\">\n    <title>Windows \u00fc\u00e7\u00fcn \u0130dar\u0259 olunan Qovlu\u011fa Giri\u015f B\u0259l\u0259d\u00e7isi<\/title>\n    <!-- Font Awesome for Icons -->\n    <link rel=\"stylesheet\" href=\"https:\/\/cdnjs.cloudflare.com\/ajax\/libs\/font-awesome\/6.4.0\/css\/all.min.css\" xintegrity=\"sha512-iecdLmaskl7CVkqkXNQ\/ZH\/XLlvWZOJyj7Yy7tcenmpD1ypASozpmT\/E0iPtmFIB46ZmdtAc9eNBvH0H\/ZpiBw==\" crossorigin=\"anonymous\" referrerpolicy=\"no-referrer\" \/>\n    \n    <style>\n        \/* --- COPY FROM HERE DOWN FOR WORDPRESS --- *\/\n        :root {\n            --primary-color: #FD9800;\n            --primary-hover: #e88a00;\n            --text-color: #3A3A3A;\n            --light-bg: #f8faff;\n            --gradient-bg: linear-gradient(135deg, #f8faff 0%, #fff5e6 100%);\n            --box-shadow: 0 10px 30px rgba(0, 0, 0, 0.05);\n            --hover-shadow: 0 15px 35px rgba(0, 0, 0, 0.1);\n            --border-color: #f1f5f9;\n        }\n\n        \/* Main Wrapper *\/\n        .file-formats-section {\n            max-width: 1200px;\n            margin: 0 auto;\n            padding: 2rem 1.5rem;\n            font-family: 'Inter', 'Segoe UI', system-ui, -apple-system, sans-serif;\n            color: var(--text-color);\n        }\n\n        \/* Hero Section *\/\n        .hero-section {\n            text-align: center;\n            padding: 3rem 1rem;\n            margin-bottom: 3rem;\n            background: var(--gradient-bg);\n            border-radius: 16px;\n            position: relative;\n            overflow: hidden;\n        }\n\n        .hero-pattern {\n            position: absolute;\n            top: 0; left: 0; right: 0; bottom: 0;\n            background-image: url(\"data:image\/svg+xml,%3Csvg width='60' height='60' viewBox='0 0 60 60' xmlns='http:\/\/www.w3.org\/2000\/svg'%3E%3Cg fill='none' fill-rule='evenodd'%3E%3Cg fill='%23fd9800' fill-opacity='0.05'%3E%3Cpath d='M36 34v-4h-2v4h-4v2h4v4h2v-4h4v-2h-4zm0-30V0h-2v4h-4v2h4v4h2V6h4V4h-4zM6 34v-4H4v4H0v2h4v4h2v-4h4v-2H6zM6 4V0H4v4H0v2h4v4h2V6h4V4H6z'\/%3E%3C\/g%3E%3C\/g%3E%3C\/svg%3E\");\n            opacity: 0.5;\n            z-index: 0;\n        }\n\n        .hero-content {\n            position: relative;\n            z-index: 1;\n            max-width: 800px;\n            margin: 0 auto;\n        }\n\n        .hero-title {\n            font-size: 2.5rem;\n            font-weight: 800;\n            margin-bottom: 1.5rem;\n            color: var(--text-color);\n            line-height: 1.2;\n        }\n\n        .hero-subtitle {\n            font-size: 1.25rem;\n            margin-bottom: 2rem;\n            color: #555;\n            line-height: 1.6;\n        }\n\n        .hero-badges {\n            display: flex;\n            flex-wrap: wrap;\n            justify-content: center;\n            gap: 1rem;\n            margin-bottom: 2rem;\n        }\n\n        .hero-badge {\n            display: flex;\n            align-items: center;\n            background: white;\n            border-radius: 50px;\n            padding: 0.5rem 1rem;\n            box-shadow: var(--box-shadow);\n            transition: all 0.3s ease;\n            border: 1px solid var(--border-color);\n        }\n\n        .hero-badge:hover {\n            transform: translateY(-3px);\n            box-shadow: var(--hover-shadow);\n            border-color: rgba(253, 152, 0, 0.3);\n        }\n\n        .hero-badge-icon {\n            color: var(--primary-color);\n            margin-right: 0.5rem;\n            font-size: 1rem;\n        }\n\n        .hero-badge-text {\n            font-size: 0.9rem;\n            font-weight: 600;\n            color: var(--text-color);\n        }\n\n        .hero-buttons {\n            display: flex;\n            justify-content: center;\n            gap: 1rem;\n            flex-wrap: wrap;\n        }\n\n        .btn {\n            display: inline-block;\n            padding: 0.75rem 1.5rem;\n            border-radius: 8px;\n            font-weight: 600;\n            text-decoration: none !important;\n            transition: all 0.3s ease;\n            cursor: pointer;\n            font-size: 1rem;\n        }\n\n        .btn-primary {\n            background-color: var(--primary-color);\n            color: white !important;\n            box-shadow: 0 8px 16px rgba(253, 152, 0, 0.2);\n            border: none;\n        }\n\n        .btn-primary:hover {\n            background-color: var(--primary-hover);\n            transform: translateY(-2px);\n        }\n\n        .btn-secondary {\n            background-color: white;\n            color: var(--primary-color) !important;\n            border: 1px solid var(--border-color);\n        }\n\n        .btn-secondary:hover {\n            background-color: #fff5e6;\n            transform: translateY(-2px);\n        }\n\n        \/* Sections *\/\n        .intro-section, .workflow-section { margin-bottom: 4rem; }\n        \n        .section-container {\n            background: white;\n            border-radius: 16px;\n            padding: 2rem;\n            box-shadow: var(--box-shadow);\n            border: 1px solid var(--border-color);\n        }\n        \n        .section-title {\n            font-size: 2.2rem;\n            font-weight: 700;\n            text-align: center;\n            margin-bottom: 2.5rem;\n            color: var(--text-color);\n        }\n\n        .intro-content {\n            font-size: 1.1rem;\n            line-height: 1.8;\n            color: #555;\n        }\n        \n        .intro-content p { margin-bottom: 1.5rem; }\n\n        \/* Step Cards *\/\n        .steps-container {\n            max-width: 900px;\n            margin: 0 auto;\n        }\n        \n        .step-card {\n            display: flex;\n            align-items: flex-start;\n            background: white;\n            border-radius: 16px;\n            padding: 2rem;\n            box-shadow: var(--box-shadow);\n            margin-bottom: 2rem;\n            border: 1px solid var(--border-color);\n            transition: all 0.3s ease;\n        }\n        \n        .step-card:hover {\n            transform: translateY(-5px);\n            box-shadow: var(--hover-shadow);\n            border-color: rgba(253, 152, 0, 0.3);\n        }\n        \n        .step-number {\n            width: 50px;\n            height: 50px;\n            background-color: rgba(253, 152, 0, 0.15);\n            color: var(--primary-color);\n            border-radius: 50%;\n            display: flex;\n            align-items: center;\n            justify-content: center;\n            font-size: 1.5rem;\n            font-weight: 700;\n            margin-right: 1.5rem;\n            flex-shrink: 0;\n            transition: all 0.3s ease;\n        }\n        \n        .step-card:hover .step-number {\n            background: linear-gradient(135deg, #FD9800 0%, #FF6D00 100%);\n            color: white;\n            box-shadow: 0 10px 20px rgba(253, 152, 0, 0.2);\n        }\n        \n        .step-content { flex: 1; }\n        \n        .step-title {\n            font-size: 1.4rem;\n            font-weight: 700;\n            margin-bottom: 0.75rem;\n            color: var(--text-color);\n        }\n        \n        .step-text {\n            font-size: 1rem;\n            color: #555;\n            line-height: 1.6;\n            margin-bottom: 1.5rem;\n        }\n\n        \/* Tips Box *\/\n        .step-tips {\n            background-color: var(--light-bg);\n            border-radius: 8px;\n            padding: 1rem 1.5rem;\n            border-left: 3px solid var(--primary-color);\n        }\n        \n        .step-tips h4 {\n            font-size: 1.1rem;\n            font-weight: 700;\n            margin-bottom: 0.5rem;\n            color: var(--text-color);\n            margin-top: 0;\n        }\n        \n        .step-tips ul { margin: 0; padding-left: 1.5rem; }\n        .step-tips li { margin-bottom: 0.5rem; color: #555; }\n        \n        \/* Code\/Path styling *\/\n        code {\n            background-color: #eee;\n            padding: 2px 6px;\n            border-radius: 4px;\n            font-family: 'Courier New', Courier, monospace;\n            color: #d63384;\n            font-size: 0.9em;\n        }\n\n        \/* CTA Section *\/\n        .cta-section {\n            text-align: center;\n            padding: 3rem 1rem;\n            background: var(--gradient-bg);\n            border-radius: 16px;\n            position: relative;\n            overflow: hidden;\n            margin-bottom: 2rem;\n        }\n        \n        .cta-pattern {\n            position: absolute;\n            top: 0; left: 0; right: 0; bottom: 0;\n            background-image: url(\"data:image\/svg+xml,%3Csvg width='60' height='60' viewBox='0 0 60 60' xmlns='http:\/\/www.w3.org\/2000\/svg'%3E%3Cg fill='none' fill-rule='evenodd'%3E%3Cg fill='%23fd9800' fill-opacity='0.05'%3E%3Cpath d='M36 34v-4h-2v4h-4v2h4v4h2v-4h4v-2h-4zm0-30V0h-2v4h-4v2h4v4h2V6h4V4h-4zM6 34v-4H4v4H0v2h4v4h2v-4h4v-2H6zM6 4V0H4v4H0v2h4v4h2v-4h4v-2H6zM6 4V0H4v4H0v2h4v4h2V6h4V4H6z'\/%3E%3C\/g%3E%3C\/g%3E%3C\/svg%3E\");\n            opacity: 0.5;\n            z-index: 0;\n        }\n        \n        .cta-content { position: relative; z-index: 1; max-width: 800px; margin: 0 auto; }\n        .cta-title { font-size: 2.2rem; font-weight: 700; margin-bottom: 1.5rem; color: var(--text-color); }\n        .cta-text { font-size: 1.1rem; margin-bottom: 2rem; color: #555; line-height: 1.6; }\n\n        \/* Responsive *\/\n        @media (max-width: 768px) {\n            .hero-title { font-size: 2rem; }\n            .step-card { flex-direction: column; }\n            .step-number { margin-bottom: 1rem; }\n        }\n    <\/style>\n<\/head>\n<body>\n\n    <!-- Main Wrapper Content to Copy -->\n    <div class=\"file-formats-section\">\n        \n        <!-- Hero Section -->\n        <section class=\"hero-section\">\n            <div class=\"hero-pattern\"><\/div>\n            <div class=\"hero-content\">\n                <h1 class=\"hero-title\">Windows-da &#8220;\u0130dar\u0259 olunan Qovluq Giri\u015fi&#8221; vasit\u0259sil\u0259 Konvertasiyaya nec\u0259 icaz\u0259 verm\u0259k olar<\/h1>\n                <p class=\"hero-subtitle\">Windows d\u00f6n\u00fc\u015f\u00fcml\u0259rinizi bloklay\u0131r? Komp\u00fcterinizi t\u0259hl\u00fck\u0259siz saxlayark\u0259n d\u00fczg\u00fcn i\u015fl\u0259m\u0259yi t\u0259min etm\u0259k \u00fc\u00e7\u00fcn Windows 11 T\u0259hl\u00fck\u0259sizlik parametrl\u0259rind\u0259 Convertify-\u0131n a\u011f siyah\u0131ya sal\u0131nmas\u0131n\u0131 \u00f6yr\u0259nin.<\/p>\n                \n                <div class=\"hero-badges\">\n                    <div class=\"hero-badge\">\n                        <span class=\"hero-badge-icon\"><i class=\"fab fa-windows\"><\/i><\/span>\n                        <span class=\"hero-badge-text\">Windows 10 v\u0259 11<\/span>\n                    <\/div>\n                    <div class=\"hero-badge\">\n                        <span class=\"hero-badge-icon\"><i class=\"fas fa-shield-alt\"><\/i><\/span>\n                        <span class=\"hero-badge-text\">T\u0259hl\u00fck\u0259sizlik Parametrl\u0259ri<\/span>\n                    <\/div>\n                    <div class=\"hero-badge\">\n                        <span class=\"hero-badge-icon\"><i class=\"fas fa-clock\"><\/i><\/span>\n                        <span class=\"hero-badge-text\">2 d\u0259qiq\u0259lik d\u00fcz\u0259li\u015f<\/span>\n                    <\/div>\n                <\/div>\n                \n                <div class=\"hero-buttons\">\n                    <a href=\"#method-1\" class=\"btn btn-primary\">S\u00fcr\u0259tli Metod<\/a>\n                    <a href=\"#method-2\" class=\"btn btn-secondary\">Manual Metod<\/a>\n                <\/div>\n            <\/div>\n        <\/section>\n        \n        <!-- Intro Section -->\n        <section class=\"intro-section\">\n            <div class=\"section-container\">\n                <h2 class=\"section-title\">Niy\u0259 Windows Convertify-\u0131 bloklay\u0131r?<\/h2>\n                <div class=\"intro-content\">\n                    <p>Ola bilsin ki, Convertify-\u0131n m\u00fc\u0259yy\u0259n bir qovlu\u011fa d\u0259yi\u015fiklik etm\u0259sinin blokland\u0131\u011f\u0131 bar\u0259d\u0259 bildiri\u015f alm\u0131s\u0131n\u0131z. Bu adlanan Windows t\u0259hl\u00fck\u0259sizlik funksiyas\u0131 il\u0259 ba\u011fl\u0131d\u0131r <strong>N\u0259zar\u0259t olunan Qovlu\u011fa Giri\u015f<\/strong>.<\/p>\n                    <p>Bu funksiya nam\u0259lum proqramlar\u0131n ransomware proqram\u0131n\u0131n qar\u015f\u0131s\u0131n\u0131 almaq \u00fc\u00e7\u00fcn qorunan \u015f\u0259xsi qovluqlar\u0131n\u0131zda (S\u0259n\u0259dl\u0259r, \u0130\u015f masas\u0131 v\u0259 ya \u015e\u0259kill\u0259r kimi) fayl yaratma\u011f\u0131 v\u0259 ya d\u0259yi\u015fdirm\u0259yi dayand\u0131rmaq \u00fc\u00e7\u00fcn n\u0259z\u0259rd\u0259 tutulmu\u015fdur.<\/p>\n                    <p>Convertify fayl \u00e7evirm\u0259 vasit\u0259si oldu\u011fundan onun \u0259sas i\u015fi yeni, \u00e7evrilmi\u015f fayllar yaratmaqd\u0131r (m\u0259s\u0259l\u0259n, <code>.png<\/code> a daxil <code>.jpg<\/code>). Windows s\u0259hv\u0259n bu qanuni h\u0259r\u0259k\u0259ti \u015f\u00fcbh\u0259li davran\u0131\u015f kimi qeyd ed\u0259 bil\u0259r. Convertify-\u0131 a\u011f siyah\u0131ya salmaqla siz ona fayllar\u0131n\u0131z\u0131 saxlamaq \u00fc\u00e7\u00fcn laz\u0131m olan x\u00fcsusi icaz\u0259ni verirsiniz.<\/p>\n                <\/div>\n            <\/div>\n        <\/section>\n\n        <!-- Method 1 -->\n        <section id=\"method-1\" class=\"workflow-section\">\n            <h2 class=\"section-title\">Metod 1: &#8220;Bu yax\u0131nlarda bloklanm\u0131\u015f&#8221; d\u00fcz\u0259li\u015f (\u0259n asan)<\/h2>\n            <p style=\"text-align: center; max-width: 700px; margin: 0 auto 2rem auto; color: #555;\">Convertify-\u0131n blokland\u0131\u011f\u0131na dair bildiri\u015f alm\u0131s\u0131n\u0131zsa, bu \u00fcsuldan istifad\u0259 edin.<\/p>\n            \n            <div class=\"steps-container\">\n                <div class=\"step-card\">\n                    <div class=\"step-number\">1<\/div>\n                    <div class=\"step-content\">\n                        <h3 class=\"step-title\">Windows T\u0259hl\u00fck\u0259sizliyini a\u00e7\u0131n<\/h3>\n                        <p class=\"step-text\">\u00fcz\u0259rin\u0259 klikl\u0259yin <strong>Windows Ba\u015flat<\/strong> d\u00fcym\u0259si, yaz\u0131n <strong>&#8220;Windows T\u0259hl\u00fck\u0259sizliyi&#8221;<\/strong> axtar\u0131\u015f \u00e7ubu\u011funa daxil olun v\u0259 idar\u0259 panelini a\u00e7maq \u00fc\u00e7\u00fcn Enter d\u00fcym\u0259sini bas\u0131n.<\/p>\n                    <\/div>\n                <\/div>\n\n                <div class=\"step-card\">\n                    <div class=\"step-number\">2<\/div>\n                    <div class=\"step-content\">\n                        <h3 class=\"step-title\">Virus v\u0259 T\u0259hl\u00fck\u0259d\u0259n M\u00fcdafi\u0259 b\u00f6lm\u0259sin\u0259 ke\u00e7in<\/h3>\n                        <p class=\"step-text\">Sol t\u0259r\u0259fd\u0259ki menyuda etiketli qalxan i\u015far\u0259sini axtar\u0131n <strong>Virus v\u0259 t\u0259hl\u00fck\u0259d\u0259n qorunma<\/strong> v\u0259 \u00fcz\u0259rin\u0259 klikl\u0259yin.<\/p>\n                    <\/div>\n                <\/div>\n\n                <div class=\"step-card\">\n                    <div class=\"step-number\">3<\/div>\n                    <div class=\"step-content\">\n                        <h3 class=\"step-title\">Ransomware qorunmas\u0131n\u0131 idar\u0259 edin<\/h3>\n                        <p class=\"step-text\">&#8220;Ransomware qorunmas\u0131&#8221; etiketli a\u015fa\u011f\u0131 b\u00f6lm\u0259y\u0259 s\u00fcr\u00fc\u015fd\u00fcr\u00fcn. dey\u0259n mavi link\u0259 klikl\u0259yin <strong>Ransomware qorunmas\u0131n\u0131 idar\u0259 edin<\/strong>.<\/p>\n                    <\/div>\n                <\/div>\n\n                <div class=\"step-card\">\n                    <div class=\"step-number\">4<\/div>\n                    <div class=\"step-content\">\n                        <h3 class=\"step-title\">\u0130caz\u0259 Veril\u0259nl\u0259r siyah\u0131s\u0131na daxil olun<\/h3>\n                        <p class=\"step-text\">\u00fcz\u0259rin\u0259 klikl\u0259yin <strong>N\u0259zar\u0259t olunan qovlu\u011fa giri\u015f vasit\u0259sil\u0259 t\u0259tbiq\u0259 icaz\u0259 verin<\/strong>. (Qeyd: \u0130stifad\u0259\u00e7i Hesab\u0131na N\u0259zar\u0259t sor\u011fusunda &#8220;B\u0259li&#8221; d\u00fcym\u0259sini s\u0131xma\u011f\u0131n\u0131z laz\u0131m ola bil\u0259r).<\/p>\n                    <\/div>\n                <\/div>\n\n                <div class=\"step-card\">\n                    <div class=\"step-number\">5<\/div>\n                    <div class=\"step-content\">\n                        <h3 class=\"step-title\">Convertify \u0259lav\u0259 edin<\/h3>\n                        <p class=\"step-text\">\u00fcz\u0259rin\u0259 klikl\u0259yin <strong>+ \u0130caz\u0259 veril\u0259n proqram \u0259lav\u0259 edin<\/strong> d\u00fcym\u0259sini bas\u0131n v\u0259 se\u00e7in <strong>Bu yax\u0131nlarda bloklanm\u0131\u015f proqramlar<\/strong>.<\/p>\n                        <div class=\"step-tips\">\n                            <h4>Pro \u0130pucu:<\/h4>\n                            <ul>\n                                <li>axtar\u0131n <code>Convertify.exe<\/code> siyah\u0131da. D\u00f6n\u00fc\u015f\u00fcm u\u011fursuz olduqda, ad\u0259t\u0259n vaxt m\u00f6h\u00fcr\u00fcn\u0259 uy\u011fun olacaq.<\/li>\n                                <li>\u00fcz\u0259rin\u0259 klikl\u0259yin <strong>+<\/strong> onu d\u0259rhal a\u011f siyah\u0131ya salmaq \u00fc\u00e7\u00fcn yan\u0131ndak\u0131 d\u00fcym\u0259ni s\u0131x\u0131n.<\/li>\n                            <\/ul>\n                        <\/div>\n                    <\/div>\n                <\/div>\n            <\/div>\n        <\/section>\n\n        <!-- Method 2 -->\n        <section id=\"method-2\" class=\"workflow-section\">\n            <h2 class=\"section-title\">Metod 2: Manual Metod<\/h2>\n            <p style=\"text-align: center; max-width: 700px; margin: 0 auto 2rem auto; color: #555;\">&#8220;Son bloklanm\u0131\u015flar&#8221; siyah\u0131s\u0131 bo\u015fdursa v\u0259 ya probleml\u0259rin qar\u015f\u0131s\u0131n\u0131 almaq ist\u0259yirsinizs\u0259, bu \u00fcsuldan istifad\u0259 edin.<\/p>\n            \n            <div class=\"steps-container\">\n                <div class=\"step-card\">\n                    <div class=\"step-number\">1<\/div>\n                    <div class=\"step-content\">\n                        <h3 class=\"step-title\">Parametr\u0259 ke\u00e7in<\/h3>\n                        <p class=\"step-text\">&#8220;N\u0259zar\u0259t edil\u0259n qovlu\u011fa giri\u015f vasit\u0259sil\u0259 proqrama icaz\u0259 verin&#8221; ekran\u0131na \u00e7atmaq \u00fc\u00e7\u00fcn \u0259vv\u0259lki \u00fcsuldan 1-4-c\u00fc add\u0131mlar\u0131 yerin\u0259 yetirin.<\/p>\n                    <\/div>\n                <\/div>\n\n                <div class=\"step-card\">\n                    <div class=\"step-number\">2<\/div>\n                    <div class=\"step-content\">\n                        <h3 class=\"step-title\">Proqram\u0131 axtar\u0131n<\/h3>\n                        <p class=\"step-text\">bas\u0131n <strong>+ \u0130caz\u0259 veril\u0259n proqram \u0259lav\u0259 edin<\/strong>, lakin bu d\u0259f\u0259 se\u00e7in <strong>B\u00fct\u00fcn proqramlar\u0131 n\u0259z\u0259rd\u0259n ke\u00e7irin<\/strong>.<\/p>\n                    <\/div>\n                <\/div>\n\n                <div class=\"step-card\">\n                    <div class=\"step-number\">3<\/div>\n                    <div class=\"step-content\">\n                        <h3 class=\"step-title\">Convertify Executable tap\u0131n<\/h3>\n                        <p class=\"step-text\">Fayl t\u0259dqiqat\u00e7\u0131 p\u0259nc\u0259r\u0259si a\u00e7\u0131lacaq. Convertify qura\u015fd\u0131rd\u0131\u011f\u0131n\u0131z qovlu\u011fa ke\u00e7in. Bu standart yerl\u0259ri yoxlay\u0131n:<\/p>\n                        <div class=\"step-tips\">\n                            <h4>\u00dcmumi yollar:<\/h4>\n                            <ul>\n                                <li><code>C:\\Users\\(YourUser)\\AppData\\Local\\Programs<\/code><\/li>\n                                <li><code>C:\\Program Files\\Convertify\\<\/code><\/li>\n                                <li><code>C:\\Program Files (x86)\\Convertify\\<\/code><\/li>\n                            <\/ul>\n                        <\/div>\n                        <p class=\"step-text\" style=\"margin-top: 1rem;\">\u018fsas proqram fayl\u0131n\u0131 se\u00e7in <code>Convertify.exe<\/code> v\u0259 klikl\u0259yin <strong>A\u00e7\u0131q<\/strong>.<\/p>\n                    <\/div>\n                <\/div>\n                \n                <div class=\"step-card\">\n                    <div class=\"step-number\">4<\/div>\n                    <div class=\"step-content\">\n                        <h3 class=\"step-title\">M\u00fcv\u0259ff\u0259qiyy\u0259ti yoxlay\u0131n<\/h3>\n                        <p class=\"step-text\">Convertify indi &#8220;\u0130caz\u0259 veril\u0259n proqramlar&#8221; siyah\u0131s\u0131nda g\u00f6r\u00fcnm\u0259lidir. \u0130ndi Windows T\u0259hl\u00fck\u0259sizliyini ba\u011flaya v\u0259 d\u00f6n\u00fc\u015f\u00fcm\u00fcn\u00fcz\u00fc yenid\u0259n c\u0259hd ed\u0259 bil\u0259rsiniz.<\/p>\n                    <\/div>\n                <\/div>\n            <\/div>\n        <\/section>\n        \n        <!-- CTA Section -->\n        <section class=\"cta-section\">\n            <div class=\"cta-pattern\"><\/div>\n            <div class=\"cta-content\">\n                <h2 class=\"cta-title\">Problem h\u0259ll olundu?<\/h2>\n                <p class=\"cta-text\">Art\u0131q t\u0259hl\u00fck\u0259sizlik parametrl\u0259rinizi konfiqurasiya etdiyiniz\u0259 g\u00f6r\u0259 Convertify il\u0259 q\u00fcsursuz, limitsiz fayl \u00e7evrilm\u0259sind\u0259n h\u0259zz ala bil\u0259rsiniz.<\/p>\n                <div class=\"hero-buttons\">\n                    <a href=\"\/download\" class=\"btn btn-primary\">Convertify proqram\u0131n\u0131 y\u00fckl\u0259yin<\/a>\n                    <a href=\"\/\" class=\"btn btn-secondary\">Ev\u0259 qay\u0131t<\/a>\n                <\/div>\n            <\/div>\n        <\/section>\n    <\/div>\n\n<\/body>\n<\/html>\n\n\n\n<p><\/p>\n","protected":false},"excerpt":{"rendered":"<p>Windows \u00fc\u00e7\u00fcn \u0130dar\u0259 olunan Qovlu\u011fa Giri\u015f B\u0259l\u0259d\u00e7isi Windows-da &#8220;\u0130dar\u0259 olunan Qovluq Giri\u015fi&#8221; vasit\u0259sil\u0259 Konvertasiyaya nec\u0259 icaz\u0259 verm\u0259k olar Windows d\u00f6n\u00fc\u015f\u00fcml\u0259rinizi [&hellip;]<\/p>\n","protected":false},"author":1,"featured_media":0,"parent":0,"menu_order":0,"comment_status":"closed","ping_status":"closed","template":"","meta":{"pagelayer_contact_templates":[],"_pagelayer_content":"","_uag_custom_page_level_css":"","site-sidebar-layout":"default","site-content-layout":"","ast-site-content-layout":"","site-content-style":"default","site-sidebar-style":"default","ast-global-header-display":"","ast-banner-title-visibility":"","ast-main-header-display":"","ast-hfb-above-header-display":"","ast-hfb-below-header-display":"","ast-hfb-mobile-header-display":"","site-post-title":"disabled","ast-breadcrumbs-content":"","ast-featured-img":"","footer-sml-layout":"","theme-transparent-header-meta":"","adv-header-id-meta":"","stick-header-meta":"","header-above-stick-meta":"","header-main-stick-meta":"","header-below-stick-meta":"","astra-migrate-meta-layouts":"default","ast-page-background-enabled":"default","ast-page-background-meta":{"desktop":{"background-color":"var(--ast-global-color-5)","background-image":"","background-repeat":"repeat","background-position":"center center","background-size":"auto","background-attachment":"scroll","background-type":"","background-media":"","overlay-type":"","overlay-color":"","overlay-opacity":"","overlay-gradient":""},"tablet":{"background-color":"","background-image":"","background-repeat":"repeat","background-position":"center center","background-size":"auto","background-attachment":"scroll","background-type":"","background-media":"","overlay-type":"","overlay-color":"","overlay-opacity":"","overlay-gradient":""},"mobile":{"background-color":"","background-image":"","background-repeat":"repeat","background-position":"center center","background-size":"auto","background-attachment":"scroll","background-type":"","background-media":"","overlay-type":"","overlay-color":"","overlay-opacity":"","overlay-gradient":""}},"ast-content-background-meta":{"desktop":{"background-color":"var(--ast-global-color-4)","background-image":"","background-repeat":"repeat","background-position":"center center","background-size":"auto","background-attachment":"scroll","background-type":"","background-media":"","overlay-type":"","overlay-color":"","overlay-opacity":"","overlay-gradient":""},"tablet":{"background-color":"var(--ast-global-color-4)","background-image":"","background-repeat":"repeat","background-position":"center center","background-size":"auto","background-attachment":"scroll","background-type":"","background-media":"","overlay-type":"","overlay-color":"","overlay-opacity":"","overlay-gradient":""},"mobile":{"background-color":"var(--ast-global-color-4)","background-image":"","background-repeat":"repeat","background-position":"center center","background-size":"auto","background-attachment":"scroll","background-type":"","background-media":"","overlay-type":"","overlay-color":"","overlay-opacity":"","overlay-gradient":""}},"footnotes":""},"class_list":["post-3916","page","type-page","status-publish","hentry"],"uagb_featured_image_src":{"full":false,"thumbnail":false,"medium":false,"medium_large":false,"large":false,"1536x1536":false,"2048x2048":false,"woocommerce_thumbnail":false,"woocommerce_single":false,"woocommerce_gallery_thumbnail":false},"uagb_author_info":{"display_name":"convertify","author_link":"https:\/\/convertifypro.com\/author\/convertifypro\/"},"uagb_comment_info":0,"uagb_excerpt":"Windows \u00fc\u00e7\u00fcn \u0130dar\u0259 olunan Qovlu\u011fa Giri\u015f B\u0259l\u0259d\u00e7isi Windows-da &#8220;\u0130dar\u0259 olunan Qovluq Giri\u015fi&#8221; vasit\u0259sil\u0259 Konvertasiyaya nec\u0259 icaz\u0259 verm\u0259k olar Windows d\u00f6n\u00fc\u015f\u00fcml\u0259rinizi [&hellip;]","_links":{"self":[{"href":"https:\/\/convertifypro.com\/wp-json\/wp\/v2\/pages\/3916","targetHints":{"allow":["GET"]}}],"collection":[{"href":"https:\/\/convertifypro.com\/wp-json\/wp\/v2\/pages"}],"about":[{"href":"https:\/\/convertifypro.com\/wp-json\/wp\/v2\/types\/page"}],"author":[{"embeddable":true,"href":"https:\/\/convertifypro.com\/wp-json\/wp\/v2\/users\/1"}],"replies":[{"embeddable":true,"href":"https:\/\/convertifypro.com\/wp-json\/wp\/v2\/comments?post=3916"}],"version-history":[{"count":0,"href":"https:\/\/convertifypro.com\/wp-json\/wp\/v2\/pages\/3916\/revisions"}],"wp:attachment":[{"href":"https:\/\/convertifypro.com\/wp-json\/wp\/v2\/media?parent=3916"}],"curies":[{"name":"wp","href":"https:\/\/api.w.org\/{rel}","templated":true}]}}